{"id":943,"date":"2018-06-02T13:00:56","date_gmt":"2018-06-02T13:00:56","guid":{"rendered":"http:\/\/le-moulin-a-poivre.fr\/?page_id=943"},"modified":"2024-11-06T14:25:41","modified_gmt":"2024-11-06T14:25:41","slug":"quatre-histoires-vraies","status":"publish","type":"page","link":"https:\/\/le-moulin-a-poivre.fr\/?page_id=943","title":{"rendered":"LES  RUSSES BLANCS"},"content":{"rendered":"<p lang=\"zxx\">\u00a0En 2011, alors que je d\u00eenais chez des amis, la conversation m&#8217;amena \u00e0 parler de la plage de Lacanau-Oc\u00e9an que j&#8217;ai connue \u00e9tant enfant, dans les ann\u00e9es 1934-35- 36. Mes parents habitaient alors Bordeaux et chaque ann\u00e9e ils louaient une villa \u00e0 Lacanau . Sur cette c\u00f4te l&#8217;Atlantique d\u00e9ploie sa majest\u00e9 imp\u00e9riale mais aussi ses col\u00e8res et ses perfidies : il para\u00eet calme tel jour, mais d\u00e8s le lendemain tout change, de gros rouleaux se suivent dans un grondement continu qui rappelle le tonnerre ; j&#8217;imagine que ces rouleaux du Golfe de Gascogne s&#8217;apparentent \u00e0 la &#8220;barre&#8221; que l&#8217;on voit en Afrique, aussi les surfeurs viennent-ils s&#8217;entra\u00eener dans ces grandes vagues, mais chaque ann\u00e9e, h\u00e9las, des courants &#8212; dus \u00e0 des bancs de sable changeants &#8212; entra\u00eenent des imprudents vers le large.<\/p>\n<p>Dans les ann\u00e9es 1933-34-35, j&#8217;\u00e9tais encore petit, je m&#8217;amusais surtout dans l&#8217;eau ti\u00e8de des &#8220;ba\u00efnes&#8221;; en revanche, mes deux a\u00een\u00e9s &#8211;mon fr\u00e8re et ma soeur qui abordaient l&#8217;adolescence &#8212; s&#8217;avan\u00e7aient de plus en plus hardiment dans l&#8217;oc\u00e9an , ce qui angoissait beaucoup ma m\u00e8re &#8212; elle nous l&#8217;a confi\u00e9 plus tard.<br \/>\nBon, j&#8217;en reviens \u00e0 mon propos : au d\u00e9but de 2011, chez nos amis T, j&#8217;en vins \u00e0 \u00e9voquer la plage de mon enfance et quatre personnages : trois hommes et une femme quelque peu hors du commun et qui, de fait, se tenaient \u00e0 l&#8217;\u00e9cart, pr\u00e8s de leur cano\u00eb (qu&#8217;ils \u00e9taient les seuls \u00e0 poss\u00e9der sur cette plage.) Leur peau, qu&#8217;ils devaient enduire d&#8217;huile, \u00e9tait sombre et comme tann\u00e9e par le soleil alors que leurs cheveux \u00e9taient plut\u00f4t clairs ; ils \u00e9taient connus de tout le monde \u00e0 Lacanau-Oc\u00e9an : c&#8217;\u00e9taient &#8220;les Russes blancs&#8221;.<br \/>\nEn m&#8217;entendant parler des Russes blancs , mon grand ami D. , sans attendre la suite, prit la parole : &#8220;Ah, les Russes blancs, je n&#8217;ai pas pour eux beaucoup de sympathie. Ces Russes, partisans du tsar, combattirent la R\u00e9volution de 1917 et apr\u00e8s quelques succ\u00e8s initiaux, furent vaincus.&#8221; Je n&#8217;en veux pas \u00e0 D, dont le coeur est tr\u00e8s &#8220;progressiste&#8221; d&#8217;avoir de l&#8217;antipathie pour la cause contre-r\u00e9volutionnaire de ces gens-l\u00e0 &#8211;mais son jugement me chagrina .<\/p>\n<p lang=\"zxx\">Voici pourquoi : imaginez \u00e0 Lacanau une belle journ\u00e9e d&#8217;\u00e9t\u00e9 et beaucoup de monde en train de se baigner, le grondement des rouleaux et le spectacle des nageurs\u00a0 dont certains s&#8217;\u00e9loignaient du rivage. Imaginez soudain une sorte de d\u00e9charge \u00e9lectrique dans la foule : &#8221; Le nageur l\u00e0-bas&#8230;. il a l&#8217;air de se noyer !&#8221;\u00a0 La nouvelle se propageait \u00e0 toute vitesse ; et alors, les Russes, jusque l\u00e0 passifs apparemment sur le sable, entraient en action : ils tiraient jusqu&#8217;aux vagues leur cano\u00eb, sautaient dedans, pagayaient ferme ; arriv\u00e9s devant les grands rouleaux, ils attendaient le moment favorable pour &#8220;couper&#8221; la barre qui parfois\u00a0 les repoussait ; alors, de nouveau ils souquaient ferme pour franchir l&#8217;obstacle avant que la masse d&#8217;eau ne s&#8217;abatte, enfin ils passaient, au prix d&#8217;un effort synchronis\u00e9 magnifique ; puis ils recherchaient le nageur en d\u00e9tresse ; et enfin ils revenaient sur la gr\u00e8ve et y d\u00e9posaient un \u00eatre inanim\u00e9. Le petit gosse que j&#8217;\u00e9tais \u00e9tait tenu \u00e9loign\u00e9 des badauds qui formaient un grand cercle &#8230;<\/p>\n<p lang=\"zxx\">Un tel sauvetage avait lieu plusieurs fois dans le mois que durait notre s\u00e9jour. Le travail accompli aujourd&#8217;hui par les sauveteurs,\u00a0 avec leurs aqua-scooters, leurs h\u00e9licos, leurs drones, tout leur mat\u00e9riel de communication, c&#8217;\u00e9taient les Russes blancs qui s&#8217;en chargeaient \u00e0 la force des bras et &#8212; j&#8217;imagine&#8211; b\u00e9n\u00e9volement ; apparemment impassibles, sans esbroufe, ils semblaient m\u00e9priser le danger ;\u00a0 peut-\u00eatre leur intention \u00e9tait-elle de remercier notre pays pour son accueil ?\u00a0 Je ne sais. Comprenez-vous pourquoi tous les habitu\u00e9s de la plage les admiraient ? Et pourquoi le jugement de D., froid comme un couperet, me fit de la peine ?<\/p>\n<p>&nbsp;<\/p>\n","protected":false},"excerpt":{"rendered":"<p>\u00a0En 2011, alors que je d\u00eenais chez des amis, la conversation m&#8217;amena \u00e0 parler de la plage de Lacanau-Oc\u00e9an que j&#8217;ai connue \u00e9tant enfant, dans les ann\u00e9es 1934-35- 36. Mes parents habitaient alors Bordeaux et chaque ann\u00e9e ils louaient une villa \u00e0 Lacanau . Sur cette c\u00f4te l&#8217;Atlantique d\u00e9ploie sa majest\u00e9 imp\u00e9riale mais aussi ses &hellip; <a href=\"https:\/\/le-moulin-a-poivre.fr\/?page_id=943\" class=\"more-link\">Continue reading <span class=\"screen-reader-text\">LES  RUSSES BLANCS<\/span><\/a><\/p>\n","protected":false},"author":1,"featured_media":0,"parent":0,"menu_order":0,"comment_status":"closed","ping_status":"closed","template":"","meta":{"footnotes":""},"class_list":["post-943","page","type-page","status-publish","hentry"],"_links":{"self":[{"href":"https:\/\/le-moulin-a-poivre.fr\/index.php?rest_route=\/wp\/v2\/pages\/943","targetHints":{"allow":["GET"]}}],"collection":[{"href":"https:\/\/le-moulin-a-poivre.fr\/index.php?rest_route=\/wp\/v2\/pages"}],"about":[{"href":"https:\/\/le-moulin-a-poivre.fr\/index.php?rest_route=\/wp\/v2\/types\/page"}],"author":[{"embeddable":true,"href":"https:\/\/le-moulin-a-poivre.fr\/index.php?rest_route=\/wp\/v2\/users\/1"}],"replies":[{"embeddable":true,"href":"https:\/\/le-moulin-a-poivre.fr\/index.php?rest_route=%2Fwp%2Fv2%2Fcomments&post=943"}],"version-history":[{"count":74,"href":"https:\/\/le-moulin-a-poivre.fr\/index.php?rest_route=\/wp\/v2\/pages\/943\/revisions"}],"predecessor-version":[{"id":957,"href":"https:\/\/le-moulin-a-poivre.fr\/index.php?rest_route=\/wp\/v2\/pages\/943\/revisions\/957"}],"wp:attachment":[{"href":"https:\/\/le-moulin-a-poivre.fr\/index.php?rest_route=%2Fwp%2Fv2%2Fmedia&parent=943"}],"curies":[{"name":"wp","href":"https:\/\/api.w.org\/{rel}","templated":true}]}}