{"id":9,"date":"2013-03-11T19:11:19","date_gmt":"2013-03-11T19:11:19","guid":{"rendered":"http:\/\/le-moulin-a-poivre.fr\/?page_id=9"},"modified":"2023-10-27T15:35:17","modified_gmt":"2023-10-27T15:35:17","slug":"les-six-aveugles-et-lelephant","status":"publish","type":"page","link":"https:\/\/le-moulin-a-poivre.fr\/?page_id=9","title":{"rendered":"Les six aveugles et l&#8217;El\u00e9phant"},"content":{"rendered":"<p><span style=\"line-height: 1.714285714;\">( Parabole de sagesse orientale )<\/span><\/p>\n<p>Ils \u00e9taient six Indiens, aveugles de naissance,<br \/>\nAvides d&#8217;acqu\u00e9rir sagesse et connaissances ;<br \/>\nSachant qu&#8217;on l&#8217;appelait &#8221; Tonton&#8221; dans son village,<br \/>\nIls eurent grande envie d\u2018\u00e9tudier l\u2018\u00e9l\u00e9phant<br \/>\nQui, apr\u00e8s son travail, descendait \u00e0 la plage<br \/>\nO\u00f9 il aimait doucher les petits et les grands !<\/p>\n<p>Notre premier h\u00e9ros, butant contre une pierre,<br \/>\nPartit la t\u00eate la premi\u00e8re,<br \/>\nMais ses mains, lanc\u00e9es en avant,<br \/>\nAmortirent tout choc violent ;<br \/>\n\u00ab Allons ! \u00bb s\u2018\u00e9cria t il,\u00a0\u00ab plus de peur que de mal !<br \/>\nJe devrai une bosse \u00e0 ce gros animal !<br \/>\nIl est vraiment\u00a0 b\u00e2ti en dur,<br \/>\nAutant vaut tomber sur un mur ! \u00bb<\/p>\n<p>Le deuxi\u00e8me, t\u00e2tant une de ses d\u00e9fenses,<br \/>\nDit d\u2019abord :\u00a0\u00ab J\u2019y perds mon sanskrit !<br \/>\nC\u2019est dur, rond, pointu et poli ;<br \/>\nBon \u2026 je me rends \u00e0 l\u2018\u00e9vidence :<br \/>\nL\u2019 \u00c9l\u00e9phant, c\u2019est comme une lance ! \u00bb<\/p>\n<p>Le troisi\u00e8me palpa la trompe de la b\u00eate<br \/>\nQui s\u2019enroula autour de lui,<br \/>\nLe fit pivoter, l\u2018\u00e9treignit,<br \/>\nPuis lentement s\u2019en dessaisit ;<br \/>\nSentant un tournis dans sa t\u00eate,<br \/>\nL&#8217;homme s&#8217;\u00e9cria :&#8221;L\u2018\u00c9l\u00e9phant<br \/>\nTient beaucoup, beaucoup du Serpent ! \u00bb<\/p>\n<p>Le quatri\u00e8me, en son impatience,<br \/>\nSentit devant ses mains une circonf\u00e9rence,<br \/>\nUne patte du pachyderme ;<br \/>\n\u00ab Voyons voyons ! dit-il, \u00ab C\u2019est cylindrique et ferme,<br \/>\nLe bas est \u00e9vas\u00e9 ;<br \/>\nL\u2018\u00c9l\u00e9phant a tout d\u2019un pilier ! \u00bb<\/p>\n<p>Le cinqui\u00e8me t\u00e2tant l\u2019oreille \u00e9l\u00e9phantine<br \/>\nS\u2018\u00e9cria : \u00ab\u00a0Voil\u00e0 donc l&#8217;origine<br \/>\nDe cet aimable courant d\u2019air<br \/>\nQu\u2019envoient cette feuille de chair<br \/>\nEt tous ces muscles au travail !<br \/>\nL\u2019\u00c9l\u00e9phant, quel grand \u00e9ventail ! \u00bb<\/p>\n<p>Le sixi\u00e8me, venant apr\u00e8s ses compagnons,<br \/>\nSentit comme un pinceau balayer son visage<br \/>\nEt saisit la queue au passage ;<br \/>\n\u00ab \u00c7a remue, c\u2019est souple, c\u2019est long,<br \/>\nEh bien, je vois que l&#8217;El\u00e9phant<br \/>\nRessemble fort \u00e0 un cordage.<br \/>\n<strong><br \/>\n<\/strong>Six chercheurs, six avis; c&#8217;\u00e9tait troublant,<br \/>\nC&#8217;\u00e9tait plut\u00f4t cacophonique ;<br \/>\nCependant nos chercheurs, esprits scientifiques,<br \/>\nComptaient d\u00e9battre pos\u00e9ment;<br \/>\nEt c&#8217;est pourquoi, assis en rond,<br \/>\nLe jour, la nuit ils discut\u00e8rent,<br \/>\nDirent ce qu&#8217;ils avaient d\u00e9couvert,<br \/>\nNon sans railler leurs compagnons ;<br \/>\nChacun r\u00e9p\u00e9tant mordicus:<br \/>\n&#8220;Je vous dis ce que j&#8217;ai per\u00e7u !&#8221;<strong><br \/>\n<\/strong>\u00a0Enfin quand faiblit la lumi\u00e8re,<br \/>\nPeu \u00e0 peu se durcit leur ton,<br \/>\nSe trait\u00e8rent de tous les noms,<br \/>\nEnvenimant leur d\u00e9saccord.<\/p>\n<p><em>&gt;Et pourtant tous avaient un peu raison<br \/>\nEt tous ils avaient tort <\/em><\/p>\n","protected":false},"excerpt":{"rendered":"<p>( Parabole de sagesse orientale ) Ils \u00e9taient six Indiens, aveugles de naissance, Avides d&#8217;acqu\u00e9rir sagesse et connaissances ; Sachant qu&#8217;on l&#8217;appelait &#8221; Tonton&#8221; dans son village, Ils eurent grande envie d\u2018\u00e9tudier l\u2018\u00e9l\u00e9phant Qui, apr\u00e8s son travail, descendait \u00e0 la plage O\u00f9 il aimait doucher les petits et les grands ! Notre premier h\u00e9ros, butant &hellip; <a href=\"https:\/\/le-moulin-a-poivre.fr\/?page_id=9\" class=\"more-link\">Continue reading <span class=\"screen-reader-text\">Les six aveugles et l&#8217;El\u00e9phant<\/span><\/a><\/p>\n","protected":false},"author":1,"featured_media":0,"parent":0,"menu_order":0,"comment_status":"closed","ping_status":"closed","template":"","meta":{"footnotes":""},"class_list":["post-9","page","type-page","status-publish","hentry"],"_links":{"self":[{"href":"https:\/\/le-moulin-a-poivre.fr\/index.php?rest_route=\/wp\/v2\/pages\/9","targetHints":{"allow":["GET"]}}],"collection":[{"href":"https:\/\/le-moulin-a-poivre.fr\/index.php?rest_route=\/wp\/v2\/pages"}],"about":[{"href":"https:\/\/le-moulin-a-poivre.fr\/index.php?rest_route=\/wp\/v2\/types\/page"}],"author":[{"embeddable":true,"href":"https:\/\/le-moulin-a-poivre.fr\/index.php?rest_route=\/wp\/v2\/users\/1"}],"replies":[{"embeddable":true,"href":"https:\/\/le-moulin-a-poivre.fr\/index.php?rest_route=%2Fwp%2Fv2%2Fcomments&post=9"}],"version-history":[{"count":58,"href":"https:\/\/le-moulin-a-poivre.fr\/index.php?rest_route=\/wp\/v2\/pages\/9\/revisions"}],"predecessor-version":[{"id":3115,"href":"https:\/\/le-moulin-a-poivre.fr\/index.php?rest_route=\/wp\/v2\/pages\/9\/revisions\/3115"}],"wp:attachment":[{"href":"https:\/\/le-moulin-a-poivre.fr\/index.php?rest_route=%2Fwp%2Fv2%2Fmedia&parent=9"}],"curies":[{"name":"wp","href":"https:\/\/api.w.org\/{rel}","templated":true}]}}