{"id":866,"date":"2016-10-04T14:39:58","date_gmt":"2016-10-04T14:39:58","guid":{"rendered":"http:\/\/le-moulin-a-poivre.fr\/?page_id=866"},"modified":"2022-07-31T15:55:51","modified_gmt":"2022-07-31T15:55:51","slug":"mathilde","status":"publish","type":"page","link":"https:\/\/le-moulin-a-poivre.fr\/?page_id=866","title":{"rendered":"Mathilde"},"content":{"rendered":"<p><strong>NOVEMBRE 2015 :\u00a0<\/strong>Mathilde, veuve depuis un an, se couchait en pensant tristement\u00a0\u00e0 son fils St\u00e9phane, l&#8217;ing\u00e9nieur, qui, en ville, partageait son F3 avec Thomas, son compagnon. St\u00e9phane venait de lui annoncer une\u00a0 \u00ab bonne nouvelle,\u00bb\u00a0 disait-il : son ami et lui allaient adopter un enfant\u00a0&#8212; St\u00e9phane n&#8217;alla pas jusqu&#8217;\u00e0 confier \u00e0 sa m\u00e8re que le gar\u00e7on venait d&#8217;\u00eatre &#8220;command\u00e9&#8221; \u00e0 une m\u00e8re porteuse par l&#8217;entremise d&#8217;une clinique nord-am\u00e9ricaine.<\/p>\n<p style=\"text-align: left;\"><strong>QUATRE ANS APRES : <\/strong>Chaque fois qu&#8217;ils allaient \u00e0 un spectacle, St\u00e9phane et son compagnon passaient chez Mathilde et lui confiaient Luc, leur fils adoptif. Ce gar\u00e7on \u00e9tait un blond aux yeux bleus, aux traits parfaitement r\u00e9guliers mais d&#8217;un abord dur et froid qui gla\u00e7ait sa grand m\u00e8re. Mathilde fit un r\u00eave qui, au r\u00e9veil, continua de la hanter : une infirmi\u00e8re lui apportait un b\u00e9b\u00e9 et lui disait que c&#8217;\u00e9tait son petit-fils ; il venait de na\u00eetre dans un <em>Lebensborn<\/em>, un des ces centres o\u00f9 les nazis avaient \u00a0essay\u00e9 de \u00ab fabriquer\u00a0\u00bb des enfants sans d\u00e9faut physique et de pure race aryenne\u00a0: d&#8217;ailleurs un certificat d&#8217;authenticit\u00e9, avec aigle et croix gamm\u00e9e, \u00a0\u00e9tait joint.\u00a0 Ce r\u00eave la tourmentait, aussi essayait-elle de r\u00e9agir et se disait :\u00a0Mathilde, tu deviens folle! ce haras des nazis a disparu depuis longtemps ; quant au gamin, tu dois lui donner ton affection ; c&#8217;est ton petit-fils, non ?\u00a0\u00bb\u00a0 \u00a0Alors, comme pour se faire pardonner, elle lui pr\u00e9parait des super-go\u00fbters:\u00a0grosse brioche,\u00a0 tarte Tatin, mille-feuilles, jus de fruits exotiques.<\/p>\n<p style=\"text-align: left;\"><strong>NOVEMBRE 2025\u00a0<\/strong>: Au\u00a0seuil de l&#8217;adolescence, l&#8217;attitude du jeune Luc changea de fa\u00e7on inqui\u00e9tante : lui qui n&#8217;avait jamais \u00e9t\u00e9 tr\u00e8s expansif, il devint terne, triste, apathique, presque muet, et des go\u00fbters il n&#8217;avalait \u00e0 peu pr\u00e8s rien.\u00a0 (En fait,\u00a0 le gar\u00e7on ressassait une conversation entendue \u00e0 un arr\u00eat d&#8217;autobus : \u00ab Les m\u00e8res porteuses ? des mis\u00e9reuses ou des mercenaires plus ou moins putes, avec un maquereau en prime.\u00bb)<br \/>\nMathilde demanda \u00e0 voir St\u00e9phane\u00a0en t\u00eate \u00e0 t\u00eate,\u00a0lui dit son d\u00e9couragement\u00a0\u00a0et surtout lui posa force questions \u00e0 propos de Luc. Elle finit par apprendre que le patrimoine g\u00e9n\u00e9tique de l&#8217;ado provenait, d&#8217;apr\u00e8s le directeur de la clinique, &#8212; du sperme d&#8217;un \u00ab Prix Nobel\u00a0\u00bb et d&#8217;une m\u00e8re porteuse \u00ab tr\u00e8s bien, tu sais \u00bb Ce patrimoine n&#8217;avait donc rien de commun avec celui de ses deux \u00ab p\u00e8res \u00bb ni, bien s\u00fbr, avec celui de la vieille femme qui jusque l\u00e0 croyait na\u00efvement \u00eatre la grand-m\u00e8re de l&#8217;enfant.<\/p>\n<p>+++++<br \/>\nCe soir l\u00e0 , Mathilde alla se coucher apr\u00e8s le journal t\u00e9l\u00e9vis\u00e9,\u00a0en pleurant doucement et en maudissant la loi instituant &#8220;le mariage pour tous,&#8221; r\u00e9clam\u00e9e \u00e0 grands cris par le lobby homo,\u00a0tout content d&#8217;affaiblir la famille dite &#8220;traditionnelle&#8221;\u00a0et\u00a0qui pourrait bien t\u00f4t ou tard obtenir la l\u00e9galisation de la PMA et du recours aux m\u00e8res porteuses, cette loi qu&#8217;un triste sire, pour \u00eatre dans le vent et gagner des voix, avait cru habile nagu\u00e8re de pr\u00e9senter comme un grand progr\u00e8s pour la soci\u00e9t\u00e9, la France et l&#8217;humanit\u00e9.<\/p>\n<p style=\"text-align: left;\"><strong>NOVEMBRE\u00a02O33\u00a0 : <\/strong>&#8221; Vous, mes deux p\u00e8res ? Allons donc ! \u00e7a, c&#8217;est la fiction Taubira et Cie ! Vous m&#8217;avez adopt\u00e9 quand j&#8217;\u00e9tais tout petit, en vertu de ce que certains appelaient &#8220;le droit \u00e0 l&#8217;enfant&#8221; &#8212; formule d&#8217;un \u00e9go\u00efsme \u00e0 vomir&#8230; comme si l&#8217;enfant \u00e9tait un petit chien que l&#8217;on ach\u00e8te au supermarch\u00e9 pour se faire plaisir ! &#8212; Et aujourd&#8217;hui, quand je vous demande qui \u00e9taient ma m\u00e8re et mon p\u00e8re biologiques,\u00a0<em>mes <em>vrais<\/em> parents,\u00a0<\/em>vous vous d\u00e9filez ; vous me montrez un document d&#8217;\u00e9tat-civil de merde qui ne r\u00e9v\u00e8le rien ! D&#8217;ailleurs, quand bien m\u00eame l&#8217;identit\u00e9 de mes vrais parents figurerait sur ce papier, reste que vous m&#8217;avez priv\u00e9 pendant des ann\u00e9es de l&#8217;affection &#8212; de ma m\u00e8re du moins ; et vous voudriez que je garde mon calme et cesse de crier ! Eh bien, maintenant que je suis majeur, \u00e0 mon tour, moi, j&#8217;ai un droit : le droit de conna\u00eetre mes ascendants ! Je ferai tout pour y arriver ! et ne vous mettez pas en travers de mon chemin ! \u00bb<\/p>\n","protected":false},"excerpt":{"rendered":"<p>NOVEMBRE 2015 :\u00a0Mathilde, veuve depuis un an, se couchait en pensant tristement\u00a0\u00e0 son fils St\u00e9phane, l&#8217;ing\u00e9nieur, qui, en ville, partageait son F3 avec Thomas, son compagnon. St\u00e9phane venait de lui annoncer une\u00a0 \u00ab bonne nouvelle,\u00bb\u00a0 disait-il : son ami et lui allaient adopter un enfant\u00a0&#8212; St\u00e9phane n&#8217;alla pas jusqu&#8217;\u00e0 confier \u00e0 sa m\u00e8re que le &hellip; <a href=\"https:\/\/le-moulin-a-poivre.fr\/?page_id=866\" class=\"more-link\">Continue reading <span class=\"screen-reader-text\">Mathilde<\/span><\/a><\/p>\n","protected":false},"author":1,"featured_media":0,"parent":0,"menu_order":0,"comment_status":"closed","ping_status":"closed","template":"","meta":{"footnotes":""},"class_list":["post-866","page","type-page","status-publish","hentry"],"_links":{"self":[{"href":"https:\/\/le-moulin-a-poivre.fr\/index.php?rest_route=\/wp\/v2\/pages\/866","targetHints":{"allow":["GET"]}}],"collection":[{"href":"https:\/\/le-moulin-a-poivre.fr\/index.php?rest_route=\/wp\/v2\/pages"}],"about":[{"href":"https:\/\/le-moulin-a-poivre.fr\/index.php?rest_route=\/wp\/v2\/types\/page"}],"author":[{"embeddable":true,"href":"https:\/\/le-moulin-a-poivre.fr\/index.php?rest_route=\/wp\/v2\/users\/1"}],"replies":[{"embeddable":true,"href":"https:\/\/le-moulin-a-poivre.fr\/index.php?rest_route=%2Fwp%2Fv2%2Fcomments&post=866"}],"version-history":[{"count":24,"href":"https:\/\/le-moulin-a-poivre.fr\/index.php?rest_route=\/wp\/v2\/pages\/866\/revisions"}],"predecessor-version":[{"id":2853,"href":"https:\/\/le-moulin-a-poivre.fr\/index.php?rest_route=\/wp\/v2\/pages\/866\/revisions\/2853"}],"wp:attachment":[{"href":"https:\/\/le-moulin-a-poivre.fr\/index.php?rest_route=%2Fwp%2Fv2%2Fmedia&parent=866"}],"curies":[{"name":"wp","href":"https:\/\/api.w.org\/{rel}","templated":true}]}}