{"id":81,"date":"2013-03-12T21:39:37","date_gmt":"2013-03-12T21:39:37","guid":{"rendered":"http:\/\/le-moulin-a-poivre.fr\/?page_id=81"},"modified":"2022-10-29T14:41:33","modified_gmt":"2022-10-29T14:41:33","slug":"ah-limbecile","status":"publish","type":"page","link":"https:\/\/le-moulin-a-poivre.fr\/?page_id=81","title":{"rendered":"Ah ! l&#8217;imb\u00e9cile !"},"content":{"rendered":"<p>C\u2018\u00e9tait plusieurs ann\u00e9es apr\u00e8s le grand psychodrame de Mai 68. Un jour que nous recevions notre ami le juge T\u00b0\u00b0\u00b0et sa femme, la conversation en vint \u00e0 un fait divers qui, \u00e0 l\u2018\u00e9poque, venait de marquer les esprits, du moins en France : une jeune gauchiste, ayant vol\u00e9 une bo\u00eete de foie gras dans une prestigieuse \u00e9picerie de luxe parisienne (laquelle fait de bonnes affaires et n\u2019a nul besoin que je la nomme)\u00a0l\u2019avait offerte \u00e0 des n\u00e9cessiteux dans un bidonville pr\u00e8s de Paris.\u00a0 Apr\u00e8s avoir \u00e9t\u00e9 appr\u00e9hend\u00e9e par la police, elle venait de compara\u00eetre en correctionnelle ; et l\u00e0 avait \u00e9cop\u00e9 de six mois de prison.<\/p>\n<p>\u00ab Ah ! l\u2019imb\u00e9cile ! \u00bb\u00a0 s\u2019exclama notre ami juge ; je ne compris pas tout de suite qu\u2019il parlait de son coll\u00e8gue parisien, l\u2019auteur de la sentence.\u00a0Voyant mon air \u00e9tonn\u00e9, il me dit :\u00a0 \u00ab\u00a0Cette jeune femme n\u2019est pas une voleuse ordinaire tirant profit de ce qu\u2019elle d\u00e9robe : elle a voulu aider ses semblables. Alors ? la mettre \u00e0 l\u2019ombre pour \u00e7a, vous ne trouvez pas que c\u2019est excessif ?\u00a0\u00bb Puis il ajouta en baissant la voix :\u00a0\u00ab Elle a donn\u00e9 ce qui ne lui appartenait pas, bon, l\u00e0 elle a eu tort, mais quand m\u00eame ! moi, j\u2019admire son geste !\u00a0\u00bb<\/p>\n<p>Il faut vous dire que, dans ma jeunesse, mon \u00e9ducation bourgeoise ne m\u2019avait gu\u00e8re entra\u00een\u00e9 \u00e0 contester les d\u00e9cisions de justice. Voil\u00e0 pourquoi l\u2019exclamation\u00a0 \u00ab\u00a0Ah ! l\u2019imb\u00e9cile !\u00bb\u00a0 venant d\u2019un magistrat et s\u2019appliquant \u00e0 un confr\u00e8re me laissa stup\u00e9fait et m\u00eame scandalis\u00e9 ; moi qui ne connaissais \u00e0 peu pr\u00e8s rien au monde de la justice, j\u2018\u00e9tais persuad\u00e9 en ce temps-la que deux juges ne pouvaient qu\u2018\u00eatre en tous points d\u2019accord .<\/p>\n<p>Quant \u00e0 la \u00ab voleuse \u00bb, comment ne pas reconna\u00eetre en elle d\u00e9sint\u00e9ressement, g\u00e9n\u00e9rosit\u00e9, provocation non exempte de fantaisie, \u00e0 en juger par le choix du produit ? Moi qui n\u2019avais gu\u00e8re appr\u00e9ci\u00e9 l\u2019irr\u00e9alisme et\/ou la d\u00e9magogie de certains meneurs en Mai 68,\u00a0 j\u2019admirai cette fille parce qu\u2019elle, au moins, \u00e9tait pass\u00e9e \u00e0 l\u2019acte.\u00a0 Son mouvement impulsif (?) de privil\u00e9gi\u00e9e, (?) son souci d\u2019excellence gastronomique &#8212; avec en prime une aura symbolique,&#8211; m\u2019apparaissaient plus chouettes que bien des discours contestataires. Dommage que sa carri\u00e8re ait \u00e9t\u00e9 interrompue : son larcin suivant aurait pu \u00eatre une bouteille de Sauternes, pour accompagner dignement le foie, (Je vous recommande cette alliance.)<\/p>\n<p>Bon ; il est temps que j\u2019arr\u00eate, que je ne me laisse pas aller sur le toboggan des \u00e9loges : \u00a0J\u2019id\u00e9alise une fille qui (peut-\u00eatre ?) m\u2019aurait crach\u00e9 \u00e0 la figure \u00e0 travers la grille d\u2019un parloir en me criant qu&#8217; \u00ab elle n\u2019avait rien \u00e0 f\u2026 de ma sympathie ni des \u00e9loges d\u2019un juge, \u00ab chien de garde de la soci\u00e9t\u00e9 capitaliste, (\u00ab comme toi-m\u00eame, face de rat !\u00bb\u00a0 comme les flics, les profs, les cur\u00e9s, les parents et j\u2019en passe ! \u00bb<\/p>\n<p>+++<\/p>\n<p>\u00c9tant descendu de mon 3\u00e8me \u00e9tage le soir venu, je captai au vol, en ouvrant la porte sur la rue, des propos dont je ne pus identifier l\u2019auteur :\u00a0 \u00a0 \u00a0\u00ab Ah ! l\u2019imb\u00e9cile ! \u00c7a lui apprendra \u2026 elle aurait mieux fait de se le garder pour elle, son foie !\u00a0\u00bb A quoi une autre voix r\u00e9pondait : \u00ab Y a des gens, hein, que ne feraient-ils pas pour passer au J.T. de 20 h \u00bb ? .<\/p>\n<p>+++<\/p>\n<p>Ce soir-l\u00e0 je somnolais ; les ailes du r\u00eave m\u2019emmen\u00e8rent dans un appart\u2019 o\u00f9 j\u2019entendis bient\u00f4t des gauchistes-mao\u00efstes parisiens qui venaient d\u2019apprendre la nouvelle de l\u2019arrestation et tenaient un conciliabule : \u00ab Dire que nous pensions avoir une bonne militante, eh bien, m\u2026, c\u2019est rat\u00e9!\u00a0 Quelle\u00a0imb\u00e9cile !\u00a0\u00a0Et dire que, dans mes cours de formation, je soulignais constamment que \u201cla lutte anticapitaliste, \u00e7a ne consiste pas \u00e0 donner la becqu\u00e9e aux exploit\u00e9s, \u00e7a n\u2019est pas le Secours Catholique ; non non, faut pas confondre ! Nous autres, nous sommes des combattants, nous devons foutre en l\u2019air le syst\u00e8me, d\u00e9truire le mal \u00e0 la racine et pour cela changer les structures ! Oui, ce sont les structures \u00e9conomico-socio-politico-culturelles qu\u2019il nous faut abattre par la violence ! Une fois les structures subverties, le noyautage bien avanc\u00e9, le feu passera au vert pour la R\u00e9volution Prol\u00e9tarienne !\u00bb<br \/>\n\u00ab\u00a0Cette fille nous semblait intelligente et enthousiaste, elle pigeait vite, posait de bonnes questions, confectionnait mieux que les autres les cocktails Molotov, alors, pourquoi son geste d\u2019aujourd\u2019hui ? Pourquoi tout \u00e0 coup ce sentimentalisme fleur bleue ou (qui sait ?) cette ferveur \u00e9vang\u00e9lique ? Est-ce d\u00fb \u00e0 un nouvel amoureux ? \u00c7a m\u2019d\u00e9passe !\u00a0\u00bb<\/p>\n<p>+++<\/p>\n<p>L\u2019exclamation de mon ami le juge T. \u201cAh ! l\u2019imb\u00e9cile !\u201d a \u00e9t\u00e9 comme un caillou faiseur de ronds dans l\u2019eau de ma conscience. Quelques ann\u00e9es plus tard, une pauvre femme fut tra\u00een\u00e9e devant un tribunal parce que, crime abominable, elle avait fait sur son compte courant un d\u00e9couvert \u2026.d\u2019une trentaine de centimes (de francs) ! Les \u201cchiens de garde \u201c du capitalisme se ridiculisaient de nouveau. Aujourd\u2019hui j\u2019accueille les d\u00e9cisions de justice avec un zeste de scepticisme (d\u2019ailleurs mon ami le juge T\u00b0\u00b0\u00b0 lui-m\u00eame soulignait ce qu\u2019avait d\u2019imparfait ses propres sentences, vu le flou dans les \u00e9l\u00e9ments qu\u2019il recueillait et le peu de temps dont il disposait pour examiner chaque cas, puis juger \u201cen son \u00e2me et conscience.\u201c )<\/p>\n<p>(De m\u00eame aujourd&#8217;hui j\u2019accueille avec beaucoup d\u2019esprit critique l\u2019attribution des Prix Nobel de la Paix : en 2004, la K\u00e9nyane qui fut r\u00e9compens\u00e9e par le jury su\u00e9dois \u00e9tait certes une \u00e9cologiste tr\u00e8s active ; avant m\u00eame d\u2019entrer au service de l\u2019ONU, elle encourageait ses cons\u0153urs africaines \u00e0 planter des arbres pour lutter contre le d\u00e9boisement : voil\u00e0 pour le positif.<br \/>\nMais deux choses en elle me choquaient et n\u2019avaient pas, semble-t-il, rebut\u00e9 le jury du Nobel : elle avait d\u00e9clar\u00e9 lors d\u2019une campagne \u00e9lectorale que les m\u00e9tis africano-indiens devraient \u00eatre chass\u00e9s du K\u00e9nya ; et par ailleurs que l\u2019excision \u00e9tait une coutume africaine ancienne et des plus respectables, et que les blancs feraient bien de ne pas s\u2019en m\u00ealer. (Source : le journal \u201cLe Monde\u201d)<\/p>\n<p>+++<\/p>\n<p>Apr\u00e8s avoir id\u00e9alis\u00e9 l\u2019h\u00e9ro\u00efne flamboyante au foie gras, (Je pense \u00e0 elle souvent : qu\u2019est-elle devenue ? Quelles sont ses convictions aujourd\u2019hui ? Comment juge-t-elle le geste de sa jeunesse ? un peu foufou mais d&#8217;un id\u00e9alisme si sympathique,) revenons \u00e0 la question de l&#8217;aide apport\u00e9e \u00e0 des gens dans le besoin : je remarque que beaucoup des copains de la jeune gauchiste, ceux-l\u00e0 m\u00eames qui, dans les facs, refaisaient le monde en Mai 68, d\u00e9sormais \u201cplus graves et plus sages,&#8221;, se sont tourn\u00e9s qui, vers l\u2019action humanitaire, qui vers l&#8217;action politique, sans renier compl\u00e8tement leurs convictions ant\u00e9rieures. Les meilleurs d&#8217;entre eux ne pratiquent plus le lancer de pav\u00e9, (ni de la bo\u00eete de foie,) mais essaient jour apr\u00e8s jour d&#8217;am\u00e9liorer le monde ou d&#8217;en soulager la mis\u00e8re &#8212; et ils ne le crient pas forc\u00e9ment sur les toits &#8212;\u00a0 ils m\u00e9ritent bien cet hommage .<\/p>\n<p>Le don que pratiquent les membres actifs des organismes humanitaires d\u00e9coule &#8211;entre autres&#8211; de l\u2019amour du prochain; cet amour, dans le cas de J\u00e9sus-Christ, est all\u00e9 jusqu&#8217;au sacrifice supr\u00eame, mais il est plus courant que l&#8217;\u00eatre humain donne, momentan\u00e9ment ou non, de son temps, de sa sant\u00e9, de son confort, de ses biens.<\/p>\n<p>Dans un pays qui inscrit la fraternit\u00e9 parmi ses id\u00e9aux, on peut se demander si celle-ci est pratiqu\u00e9e par beaucoup de gens, par ex. sous forme de dons. Cette question vaut la peine d&#8217;\u00eatre pos\u00e9e car les militants de la solidarit\u00e9 fraternelle, (de l\u2019action caritative) rament \u00e0 contre-courant des valeurs qui pr\u00e9dominent\u00a0 aujourd\u2019hui : individualisme, h\u00e9donisme, recherche du profit, repli sur soi.\u00a0 Voici \u00e0 ce sujet la protestation de celui qui a \u00e9t\u00e9 le plus populaire des Fran\u00e7ais : peu avant sa mort en 2007, l\u2019abb\u00e9 Pierre a \u00e9crit : \u00ab La majorit\u00e9 d\u2019entre nous va bien et, petit \u00e0 petit, elle en oublie son devoir de fraternit\u00e9 envers ceux qui, eux, ne vont pas bien. Si la majorit\u00e9 n\u2019a plus le sens de la fraternit\u00e9 et qu\u2019elle pense : \u00ab moi d\u2019abord, ma maison, mon frigo, mon bien-\u00eatre, le reste je m\u2019en fiche,\u00bb alors cette d\u00e9mocratie court \u00e0 sa perte.\u00bb<\/p>\n<p>Voyons maintenant ce que pense un th\u00e9ologien, Beno\u00eet XVI: \u00ab Cette fraternit\u00e9, les hommes pourront-ils jamais la r\u00e9aliser par eux seuls ?\u00a0 La soci\u00e9t\u00e9 toujours plus mondialis\u00e9e nous rapproche, mais elle ne nous rend pas fr\u00e8res. La raison, \u00e0 elle seule, est capable de comprendre l\u2018\u00e9galit\u00e9 entre les hommes et d\u2018\u00e9tablir une communaut\u00e9 de vie civique, mais elle ne parvient pas \u00e0 cr\u00e9er la fraternit\u00e9. Celle-ci na\u00eet d\u2019une vocation transcendante de Dieu P\u00e8re, qui nous a aim\u00e9s en premier, nous enseignant par l\u2019interm\u00e9diaire du Fils la charit\u00e9 fraternelle.\u00bb (&#8220;Encyclique \u201cCaritas in veritate\u201d) (Charit\u00e9 signifiant\u00a0 amour de\u00a0 Dieu et du prochain.) Et voici un point de vue compl\u00e9mentaire : St Paul \u00e9crit aux Corinthiens : &#8220;Que chacun donne comme il a d\u00e9cid\u00e9 dans son c\u0153ur, sans regret ni contrainte, car Dieu aime celui qui donne joyeusement &#8220;. (0-6 10 )<\/p>\n<p>On conna\u00eet\u00a0 la\u00a0 formule de Diderot: \u00ab Il ne suffit pas de faire le bien, il faut encore le bien faire,\u00bb maxime de bon sens qu\u2019illustre la fable de La Fontaine sur le pav\u00e9 de l\u2019ours ; qu\u2019illustre aussi une suite au Forum de Davos de 2005 , relat\u00e9e par l\u2019article &#8220;Economie&#8221; de\u00a0 P-A. Delhonnais dans Le Monde des 25-26 Octobre 2009 :\u00a0 \u00ab Apr\u00e8s un discours du pr\u00e9sident tanzanien d\u00e9crivant les ravages du paludisme dans son pays, l\u2019actrice Sharon Stone, invit\u00e9e d\u2019honneur, s\u2018\u00e9tait lev\u00e9e et avait offert 10 000 dollars pour l\u2019achat de moustiquaires. Elle avait exhort\u00e9 le reste de l\u2019assistance \u00e0 l\u2019imiter. En quelques minutes, 1 million de dollars avaient \u00e9t\u00e9 collect\u00e9s &#8230;. Embrassades, remerciements, larmes. La suite, moins connue, est moins glorieuse : la distribution gratuite de 300 000 moustiquaires perturba gravement le travail des O.N.G pr\u00e9sentes sur le terrain, causa des d\u00e9g\u00e2ts collat\u00e9raux ( march\u00e9 noir, gaspillage, reconversion en filets de p\u00eache,)\u00a0 d\u00e9clencha la col\u00e8re dans les r\u00e9gions voisines qui ne b\u00e9n\u00e9ficiaient pas de cette largesse, enfin provoqua la ruine des fabricants africains de moustiquaires et d\u00e9truisit des centaines d\u2019emplois.\u00bb<\/p>\n<p>+++<\/p>\n<p>Le journaliste du Monde poursuit : \u00ab Sharon Stone, Bono, Bob Geldorf, toutes ces<em> belles \u00e2mes<\/em> d\u00e9fendant le noble combat de l\u2019aide occidentale \u00e0 l\u2019Afrique, tous\u00a0\u00ab ces militants de la morale,\u00bb l\u2018\u00e9conomiste zambienne Dambisa Moyo ne les aime gu\u00e8re.\u00a0\u00ab\u00a0La culture pop, \u00e9crit-elle, a donn\u00e9 une impulsion consid\u00e9rable \u00e0 la conception erron\u00e9e selon laquelle l\u2019aide (=le don) peut rem\u00e9dier \u00e0 la pauvret\u00e9 g\u00e9n\u00e9ralis\u00e9e.\u00bb<br \/>\nOn sent de la col\u00e8re dans l\u2019essai tr\u00e8s d\u00e9rangeant de Dambisa Moyo\u00a0 intitul\u00e9 : \u00ab L\u2019aide fatale\u00a0\u00bb ( Latt\u00e8s editeur).<br \/>\n\u00ab L\u2019aide a \u00e9t\u00e9 et continue d\u2018\u00eatre un d\u00e9sastre total sur le plan politique, \u00e9conomique et humanitaire,\u00bb \u00e9crit-elle. Le journaliste du Monde rend compte de son livre :\u00a0\u00ab Malgr\u00e9 les 1000 milliards de dollars vers\u00e9s au Continent, le revenu r\u00e9el par habitant dans l\u2019Afrique subsaharienne est inf\u00e9rieur \u00e0 ce qu\u2019il \u00e9tait dans les ann\u00e9es 1970 ; plus de 700 millions d\u2019Africains vivent avec moins d\u2019un dollar par jour, et le taux de pauvret\u00e9 extr\u00eame est pass\u00e9 de 11% \u00e0 66%. L\u2019esp\u00e9rance de vie stagne, un enfant sur 7 meurt avant l\u2018\u00e2ge de 5 ans, l\u2019alphab\u00e9tisation est inf\u00e9rieure \u00e0 ce qu\u2019elle \u00e9tait en 1980 et pr\u00e8s de la moiti\u00e9 des pays vit sous des r\u00e9gimes non d\u00e9mocratiques.\u00bb<\/p>\n<p>L\u2019aide a-t-elle \u00e9t\u00e9 mal utilis\u00e9e, a t elle \u00e9t\u00e9 insuffisante ?\u00a0 Non, nous dit Mme Moyo. <em>C\u2019est l\u2019aide qui porte en elle les maux <\/em> qu\u2019elle pr\u00e9tend combattre : Corruption et irresponsabilit\u00e9 des gouvernements, \u00e9pargne d\u00e9courag\u00e9e au profit de la consommation, inflation favoris\u00e9e ; investisseurs priv\u00e9s \u00e9vinc\u00e9s, exportations \u00e9touff\u00e9es.<br \/>\nM\u00eame s&#8217;il date, (2009,)\u00a0 ce point de vue para\u00eet int\u00e9ressant : il expose la difficult\u00e9 qu&#8217;il y a \u00e0 aider des pays pauvres \u00e0 &#8220;d\u00e9coller.&#8221;<br \/>\nLes solutions propos\u00e9es :<br \/>\n&#8211;\u00a0Le recours aux march\u00e9s internationaux de capitaux, comme l\u2019ont fait des pays \u00e9mergents asiatiques ;<br \/>\n&#8211; le d\u00e9veloppement des interm\u00e9diaires financiers, notamment par le microcr\u00e9dit.<br \/>\n&#8211; que l\u2019Occident mette fin aux subventions vers\u00e9es \u00e0 son agriculture ;<br \/>\n&#8211; qu\u2019il imite la politique chinoise du donnant-donnant (investissements dans les infrastructures (ex: un stade) contre mati\u00e8res premi\u00e8res.)<\/p>\n<p>Le r\u00e9quisitoire de Mme Moyo contre l\u2019aide occidentale (pas absolument nouveau) m\u00e9rite examen parce qu\u2019il a \u00e9t\u00e9 \u00e9crit par une Africaine, \u00e9conomiste de surcro\u00eet, (elle a travaill\u00e9 \u00e0 la Banque Mondiale \u00e0 Washington, \u00e0 Harvard et \u00e0 Oxford,)\u00a0 il m\u00e9rite examen aussi parce que &#8212; Mme Moyo l\u2019a soulign\u00e9, &#8212; les drames de l\u2019Afrique sont presque toujours expliqu\u00e9s \u00e0 l\u2019Occident par des Occidentaux et non pas, comme il serait plus normal, par des Africains .<br \/>\nCe r\u00e9quisitoire contre\u00a0\u00ab l&#8217;aide fatale,\u00bb \u00ab l\u2019aide qui tue, \u00bb para\u00eet trop syst\u00e9matique pour ne pas \u00eatre injuste \u00e0 quelque degr\u00e9 . D&#8217;ailleurs , si\u00a0vous exposez la th\u00e8se de Mme Moyo \u00e0 un membre d\u2019une organisation humanitaire, il vous r\u00e9pliquera que l\u2019aide d\u2019urgence ne saurait \u00eatre remise en cause, sinon on laisserait mourir des affam\u00e9s.<br \/>\nIl faudra sans doute que les \u00e9conomistes et les d\u00e9cideurs politiques, lecteurs du bouquin, sachent en prendre et en laisser. C\u2019est ce que sugg\u00e8re le titre choisi pour son article par le journaliste du Monde : \u00ab Plus de Moyo, moins de Bono.\u00bb<br \/>\nL\u2019auteur de ce blog, qui n\u2019est pas \u00e9conomiste, croit bien faire, amis lecteurs, en vous faisant conna\u00eetre ce d\u00e9bat stimulant sur un sujet capital.<\/p>\n<p>&nbsp;<\/p>\n","protected":false},"excerpt":{"rendered":"<p>C\u2018\u00e9tait plusieurs ann\u00e9es apr\u00e8s le grand psychodrame de Mai 68. Un jour que nous recevions notre ami le juge T\u00b0\u00b0\u00b0et sa femme, la conversation en vint \u00e0 un fait divers qui, \u00e0 l\u2018\u00e9poque, venait de marquer les esprits, du moins en France : une jeune gauchiste, ayant vol\u00e9 une bo\u00eete de foie gras dans une &hellip; <a href=\"https:\/\/le-moulin-a-poivre.fr\/?page_id=81\" class=\"more-link\">Continue reading <span class=\"screen-reader-text\">Ah ! l&#8217;imb\u00e9cile !<\/span><\/a><\/p>\n","protected":false},"author":1,"featured_media":0,"parent":0,"menu_order":0,"comment_status":"closed","ping_status":"closed","template":"","meta":{"footnotes":""},"class_list":["post-81","page","type-page","status-publish","hentry"],"_links":{"self":[{"href":"https:\/\/le-moulin-a-poivre.fr\/index.php?rest_route=\/wp\/v2\/pages\/81","targetHints":{"allow":["GET"]}}],"collection":[{"href":"https:\/\/le-moulin-a-poivre.fr\/index.php?rest_route=\/wp\/v2\/pages"}],"about":[{"href":"https:\/\/le-moulin-a-poivre.fr\/index.php?rest_route=\/wp\/v2\/types\/page"}],"author":[{"embeddable":true,"href":"https:\/\/le-moulin-a-poivre.fr\/index.php?rest_route=\/wp\/v2\/users\/1"}],"replies":[{"embeddable":true,"href":"https:\/\/le-moulin-a-poivre.fr\/index.php?rest_route=%2Fwp%2Fv2%2Fcomments&post=81"}],"version-history":[{"count":41,"href":"https:\/\/le-moulin-a-poivre.fr\/index.php?rest_route=\/wp\/v2\/pages\/81\/revisions"}],"predecessor-version":[{"id":2382,"href":"https:\/\/le-moulin-a-poivre.fr\/index.php?rest_route=\/wp\/v2\/pages\/81\/revisions\/2382"}],"wp:attachment":[{"href":"https:\/\/le-moulin-a-poivre.fr\/index.php?rest_route=%2Fwp%2Fv2%2Fmedia&parent=81"}],"curies":[{"name":"wp","href":"https:\/\/api.w.org\/{rel}","templated":true}]}}