{"id":73,"date":"2013-03-12T21:28:51","date_gmt":"2013-03-12T21:28:51","guid":{"rendered":"http:\/\/le-moulin-a-poivre.fr\/?page_id=73"},"modified":"2022-07-31T16:05:20","modified_gmt":"2022-07-31T16:05:20","slug":"34-000-avant-jc-les-chasseurs-du-coteau-dedie-a-c-m-st-cyrloire","status":"publish","type":"page","link":"https:\/\/le-moulin-a-poivre.fr\/?page_id=73","title":{"rendered":"34000 avant J.C.: les chasseurs du coteau"},"content":{"rendered":"<p><strong><span style=\"font-size: 14pt;\">(d\u00e9di\u00e9 \u00e0 Charles Mardelle, St Cyr\/ Loire, 1928-2018)<\/span><\/strong><\/p>\n<p>Hiver, terrible hiver qui n\u2019en finissait plus\u00a0!<br \/>\nSur la Loire gel\u00e9e, chaotique banquise,<br \/>\nHurlait depuis des mois le souffle de la bise,<br \/>\nLe fl\u00e9au, l\u2019affameur des gens de la tribu\u00a0!<\/p>\n<p>Les humains les plus forts affrontaient la temp\u00eate,<br \/>\nPi\u00e9geaient pr\u00e8s de leur camp quelques oiseaux transis<br \/>\nEt, pauvres orpailleurs, tiraient du sol durci<br \/>\nLes minables tr\u00e9sors des saisons de disette ;<br \/>\nTandis que, dans la grotte o\u00f9 ils \u00e9taient reclus,<br \/>\nDes malheureux pleuraient leurs proches disparus.<br \/>\nDe jour en jour baissaient leurs vivres en r\u00e9serve ;<br \/>\nPuis, un soir que le feu embaumait leur abri,<br \/>\n\u00c9voquait les beaux jours et les ventres remplis,<br \/>\nIls virent leur grand chef soudain trembler de fi\u00e8vre<br \/>\nEt tout l\u2019art du sorcier n\u2018\u00e9carta pas la nuit !<\/p>\n<p>Ils avaient invoqu\u00e9 leur dieu, le Grand Chasseur,<br \/>\nChoisi un nouveau chef, conjur\u00e9 la nuit noire ;<br \/>\nDes jeunes s\u2018\u00e9lan\u00e7aient, maintenant pleins d\u2019ardeur,<br \/>\nSur la toundra glac\u00e9e qui dominait la Loire ;<br \/>\nPas un signe de vie, m\u00eame pas un rongeur !<br \/>\nAlors ils d\u00e9passaient la Roche Observatoire,<br \/>\nPuis, apr\u00e8s bien des cris et mouvements tournants,<br \/>\nIsolaient du troupeau un renne ou un \u00e9lan<br \/>\nQu\u2019ils rabattaient vers le surplomb d\u2019un promontoire ;<br \/>\nApr\u00e8s un coup d\u2018\u00e9pieu, ils en buvaient le sang :<br \/>\nIls en peignaient aussi leur face tatou\u00e9e,<br \/>\nFiers d\u2018\u00eatre d\u00e9sormais des chasseurs attitr\u00e9s !<br \/>\nIls auraient encor bu , mais devaient courir vite<br \/>\nCar on disait que dans le soir tombant r\u00f4dait<br \/>\nLa B\u00eate qui tuait par plaisir, la Maudite !<br \/>\nAlors ces Tourangeaux devenaient troglodytes :<br \/>\nL\u00e0 m\u00eame o\u00f9 leurs a\u00een\u00e9s avaient tu\u00e9 un ours,<br \/>\nIls se cachaient sous le tuffeau de sa tani\u00e8re,<br \/>\nPuis ils se tenaient pr\u00eats,\u00a0\u00a0<em>tous pour un, un pour tous,<\/em><br \/>\nA vendre ch\u00e8rement leur peau \u00e0 l\u2019adversaire !<\/p>\n<p>&#8212;&#8211;<\/p>\n<p>(Tuer, \u00eatre tu\u00e9\u2026. Ils sortaient de l\u2019enfance ; (1)<br \/>\nC\u2018\u00e9tait leur tentation, souvent leur suffisance,<br \/>\nDe se croire plus durs, plus utiles qu\u2019autrui ;<br \/>\nMais les femmes au camp connaissaient leurs souffrances<br \/>\nQuand ils se d\u00e9battaient, la nuit, dans le silence<br \/>\nEt revivaient sans fin la mort de leurs amis.)<\/p>\n<p>&#8212;&#8211;<br \/>\nIls savaient qu\u2019en \u201cbeuglant\u201d dans leur corne d\u2019urus (2)<br \/>\nIls pouvaient demander des porteurs pour leur charge ;<br \/>\nMais le vent apais\u00e9, la grisaille et la nue<br \/>\n\u00c9taient, pour leur malheur, des \u00e9touffe-messages\u00a0 !<br \/>\nDonc \u00e0 eux de porter !\u00a0 Sur de m\u00e9chantes gaules<br \/>\nUn bestiau congel\u00e9 meurtrissait leurs \u00e9paules,<br \/>\n\u2013 Mais pour l\u2019abri c\u2018\u00e9tait la survie attendue !<\/p>\n<p>L\u2019abri ! Il \u00e9tait temps d\u2019y secourir les femmes<br \/>\nQui n\u2019avaient plus de quoi pr\u00e9parer le brouet ;<br \/>\nIl leur tardait d\u2019y voir le chasseur nouveau-n\u00e9,<br \/>\nD\u2019y sentir le fumet des viandes et des flammes,<br \/>\nD\u2019y boire apr\u00e8s l\u2019effort ; l\u2019abri avait une \u00e2me :<br \/>\nAutour du feu chacun donnait et recevait.<\/p>\n<p>&#8212;&#8211;<\/p>\n<p>Ces natifs du coteau en choisissaient la cr\u00eate,<br \/>\nAu loin leur souriait le camp de la tribu,<br \/>\nMais en ce second jour sous le poids de la b\u00eate<br \/>\nIls doutaient de jamais arriver \u00e0 leur but\u00a0:<br \/>\nIls glissaient, ils tombaient, sentaient tourner leur t\u00eate,<br \/>\nTels des porteurs de croix ils se tra\u00eenaient fourbus ;<br \/>\nIls seraient morts d\u2018\u00e9puisement face \u00e0 la grotte<br \/>\nSi des yeux angoiss\u00e9s ne les avaient pas vus ;<br \/>\nLa tribu acclamait ses gars en bas de c\u00f4te,<br \/>\nDes bras les d\u00e9chargeaient ; ah ! il \u00e9tait grand temps !<br \/>\nIls\u00a0beuglaient \u00ab Grand merci \u00bb \u00e0 leur dieu bienveillant,<br \/>\nFrottaient leurs joues bleuies contre des joues p\u00e2lottes,<br \/>\nPuis se faisaient servir, tout \u00e0 coup fain\u00e9ants\u00a0!<\/p>\n<p>Fin<\/p>\n<p>(1) Ils devaient \u00eatre majeurs et chasser vers 12 ans .<br \/>\n(2) urus = auroch<\/p>\n","protected":false},"excerpt":{"rendered":"<p>(d\u00e9di\u00e9 \u00e0 Charles Mardelle, St Cyr\/ Loire, 1928-2018) Hiver, terrible hiver qui n\u2019en finissait plus\u00a0! Sur la Loire gel\u00e9e, chaotique banquise, Hurlait depuis des mois le souffle de la bise, Le fl\u00e9au, l\u2019affameur des gens de la tribu\u00a0! Les humains les plus forts affrontaient la temp\u00eate, Pi\u00e9geaient pr\u00e8s de leur camp quelques oiseaux transis Et, &hellip; <a href=\"https:\/\/le-moulin-a-poivre.fr\/?page_id=73\" class=\"more-link\">Continue reading <span class=\"screen-reader-text\">34000 avant J.C.: les chasseurs du coteau<\/span><\/a><\/p>\n","protected":false},"author":1,"featured_media":0,"parent":0,"menu_order":0,"comment_status":"closed","ping_status":"closed","template":"","meta":{"footnotes":""},"class_list":["post-73","page","type-page","status-publish","hentry"],"_links":{"self":[{"href":"https:\/\/le-moulin-a-poivre.fr\/index.php?rest_route=\/wp\/v2\/pages\/73","targetHints":{"allow":["GET"]}}],"collection":[{"href":"https:\/\/le-moulin-a-poivre.fr\/index.php?rest_route=\/wp\/v2\/pages"}],"about":[{"href":"https:\/\/le-moulin-a-poivre.fr\/index.php?rest_route=\/wp\/v2\/types\/page"}],"author":[{"embeddable":true,"href":"https:\/\/le-moulin-a-poivre.fr\/index.php?rest_route=\/wp\/v2\/users\/1"}],"replies":[{"embeddable":true,"href":"https:\/\/le-moulin-a-poivre.fr\/index.php?rest_route=%2Fwp%2Fv2%2Fcomments&post=73"}],"version-history":[{"count":26,"href":"https:\/\/le-moulin-a-poivre.fr\/index.php?rest_route=\/wp\/v2\/pages\/73\/revisions"}],"predecessor-version":[{"id":2391,"href":"https:\/\/le-moulin-a-poivre.fr\/index.php?rest_route=\/wp\/v2\/pages\/73\/revisions\/2391"}],"wp:attachment":[{"href":"https:\/\/le-moulin-a-poivre.fr\/index.php?rest_route=%2Fwp%2Fv2%2Fmedia&parent=73"}],"curies":[{"name":"wp","href":"https:\/\/api.w.org\/{rel}","templated":true}]}}