{"id":71,"date":"2013-03-12T21:26:14","date_gmt":"2013-03-12T21:26:14","guid":{"rendered":"http:\/\/le-moulin-a-poivre.fr\/?page_id=71"},"modified":"2021-08-05T13:37:38","modified_gmt":"2021-08-05T13:37:38","slug":"lajonc","status":"publish","type":"page","link":"https:\/\/le-moulin-a-poivre.fr\/?page_id=71","title":{"rendered":"L&#8217;ajonc"},"content":{"rendered":"<p>C\u2019est un petit buisson, il ne paie pas de mine,<br \/>\nUn ajonc rabougri et tout couvert d&#8217;\u00e9pines ;<br \/>\nTrois fleurs, c\u2019est mieux que rien, l\u00e0 o\u00f9 tremble la terre<br \/>\nEt gronde en profondeur la b\u00eate du crat\u00e8re ;<br \/>\nComment r\u00e9siste t il pr\u00e8s du terrible gouffre<br \/>\nQui crache nuit et jour ses br\u00fblures de soufre ?<br \/>\nIl a perdu, c\u2019est vrai, sa plus vaillante tige<br \/>\nLe jour o\u00f9 trois savants ont eu un grand vertige.<br \/>\nMais ses fleurs dans le vent qui ne paient pas de mine,<br \/>\nUn petit papillon chaque jour les butine ;<br \/>\nTous les deux survivraient beaucoup mieux que les hommes<br \/>\nSi des inconscients jouaient avec l\u2019atome.<\/p>\n","protected":false},"excerpt":{"rendered":"<p>C\u2019est un petit buisson, il ne paie pas de mine, Un ajonc rabougri et tout couvert d&#8217;\u00e9pines ; Trois fleurs, c\u2019est mieux que rien, l\u00e0 o\u00f9 tremble la terre Et gronde en profondeur la b\u00eate du crat\u00e8re ; Comment r\u00e9siste t il pr\u00e8s du terrible gouffre Qui crache nuit et jour ses br\u00fblures de soufre &hellip; <a href=\"https:\/\/le-moulin-a-poivre.fr\/?page_id=71\" class=\"more-link\">Continue reading <span class=\"screen-reader-text\">L&#8217;ajonc<\/span><\/a><\/p>\n","protected":false},"author":1,"featured_media":0,"parent":0,"menu_order":0,"comment_status":"closed","ping_status":"closed","template":"","meta":{"footnotes":""},"class_list":["post-71","page","type-page","status-publish","hentry"],"_links":{"self":[{"href":"https:\/\/le-moulin-a-poivre.fr\/index.php?rest_route=\/wp\/v2\/pages\/71","targetHints":{"allow":["GET"]}}],"collection":[{"href":"https:\/\/le-moulin-a-poivre.fr\/index.php?rest_route=\/wp\/v2\/pages"}],"about":[{"href":"https:\/\/le-moulin-a-poivre.fr\/index.php?rest_route=\/wp\/v2\/types\/page"}],"author":[{"embeddable":true,"href":"https:\/\/le-moulin-a-poivre.fr\/index.php?rest_route=\/wp\/v2\/users\/1"}],"replies":[{"embeddable":true,"href":"https:\/\/le-moulin-a-poivre.fr\/index.php?rest_route=%2Fwp%2Fv2%2Fcomments&post=71"}],"version-history":[{"count":8,"href":"https:\/\/le-moulin-a-poivre.fr\/index.php?rest_route=\/wp\/v2\/pages\/71\/revisions"}],"predecessor-version":[{"id":2367,"href":"https:\/\/le-moulin-a-poivre.fr\/index.php?rest_route=\/wp\/v2\/pages\/71\/revisions\/2367"}],"wp:attachment":[{"href":"https:\/\/le-moulin-a-poivre.fr\/index.php?rest_route=%2Fwp%2Fv2%2Fmedia&parent=71"}],"curies":[{"name":"wp","href":"https:\/\/api.w.org\/{rel}","templated":true}]}}