{"id":64,"date":"2013-03-12T21:04:19","date_gmt":"2013-03-12T21:04:19","guid":{"rendered":"http:\/\/le-moulin-a-poivre.fr\/?page_id=64"},"modified":"2022-10-28T15:23:08","modified_gmt":"2022-10-28T15:23:08","slug":"presentateurs-et-bulletins-meteo","status":"publish","type":"page","link":"https:\/\/le-moulin-a-poivre.fr\/?page_id=64","title":{"rendered":"Pr\u00e9sentateurs de bulletins m\u00e9t\u00e9o"},"content":{"rendered":"<p>\u00ab Si vous me demandiez comment annoncer \u00e0 la t\u00e9l\u00e9 le temps qu\u2019il fera\u00a0dans les jours prochains, je vous r\u00e9pondrais : inspirez-vous\u00a0 du conseil donn\u00e9 autrefois par La Bruy\u00e8re: \u00ab Vous voulez dire qu\u2019il pleut ? Dites : \u00ab Il pleut.\u00bb\u00a0 Soyez pr\u00e9cis, bref, objectif : qualit\u00e9s de tout bon journaliste, me direz-vous.<\/p>\n<p>Les pr\u00e9sentateurs m\u00e9t\u00e9o, \u00e0 la t\u00e9l\u00e9, (souvent des pr\u00e9sentatrices aujourd&#8217;hui) savent que leur bulletin &#8212; de 4 ou 5 minutes seulement,&#8211; est attendu et suivi par des millions de t\u00e9l\u00e9spectateurs : ce doit \u00eatre pour eux un motif de grande fiert\u00e9, d&#8217;autant que leurs pr\u00e9visions sont nettement plus fiables qu&#8217;avant, gr\u00e2ce aux photos satellites surtout ; les lettres d&#8217;\u00abengueulade\u00bb doivent \u00eatre plus rares.<br \/>\nMais ces journalistes ont quelques obligations importantes : par ex. nous mettre en garde contre les risques saisonniers qui vont du brouillard au verglas, des avalanches aux pluies diluviennes, de la gr\u00eale \u00e0 la prolif\u00e9ration des algues toxiques, sans parler des allergies et des risques d&#8217; une exposition prolong\u00e9e au soleil en \u00e9t\u00e9 \u2014 enfin, nous informer du degr\u00e9 de pollution de notre plan\u00e8te, ce qui touche \u00e0 l\u2018\u00e9cologie! Il faut donc nous alerter&#8230;sans verser dans la sinistrose .<\/p>\n<p>Les membres de la\u00a0 profession\u00a0 aimeraient tant int\u00e9resser et \u00eatre aim\u00e9s ! Pour agr\u00e9menter leur prestation, ils misent donc sur leur \u00e9l\u00e9gance, leur \u00e9locution ais\u00e9e, leur comp\u00e9tence\u00a0 et un zeste de bonne humeur.<\/p>\n<p>Un pr\u00e9sentateur extraordinairement populaire fut dans le pass\u00e9 (de 1981 \u00e0 1999) Alain Gillot-P\u00e9tr\u00e9, qui aimait rire et faire rire. Ce journaliste aux allures de dandy, plusieurs fois prim\u00e9, avait t\u00e2t\u00e9 de la culture, de la politique, de la science de la terre (les cyclones le passionnaient.) L\u2019introduction de l\u2019image satellitaire \u2014 pimenta encore son spectacle. Avec ses yeux vifs, ses propos malicieux, (parfois un peu lestes,) sa pochette dont la couleur \u00e9tait cens\u00e9e s&#8217;accorder avec le temps du lendemain, &#8220;l&#8217;homme le plus regard\u00e9 de France&#8221; faisait r\u00e9gner sur sa prestation une aimable extravagance qu&#8217;on pouvait prendre pour de la d\u00e9contraction ou pour de l&#8217;improvisation ( erreur!) Il \u00e9tait fac\u00e9tieux mais comp\u00e9tent ; en ce sens-l\u00e0 ce n&#8217;\u00e9tait pas un rigolo. Il pr\u00e9senta plus de 9000 bulletins jusqu&#8217;\u00e0 ce qu&#8217;il f\u00fbt emport\u00e9 par un cancer, h\u00e9las, le 31 d\u00e9cembre 1999, \u00e0 l&#8217;\u00e2ge de 49 ans .<br \/>\nComment agr\u00e9mentait-il sa prestation ? Par un vocabulaire tr\u00e8s vari\u00e9 et pittoresque :\u00a0il parlait d&#8217;une <em>\u00e9charpe <\/em> de nuages, d&#8217;une perturbation qui <em>moulinait<\/em>\u00a0au dessus de nos t\u00eates, il la comparait \u00e0 une\u00a0\u00a0<em>grosse tartine,<\/em>\u00a0 etc&#8221;\u00a0 Humoriste, il avait aussi du c\u0153ur : un jour il gratifiait d\u2019un compliment une pr\u00e9sentatrice du journal t\u00e9l\u00e9vis\u00e9 (Christine Ockrent) en lui offrant un petit bouquet ; un autre jour, alors que, v\u00eatu d\u2019un costume de ville, il nous annon\u00e7ait de la pluie, on le vit arros\u00e9 de la belle fa\u00e7on par une grosse averse &#8212; qui, on s&#8217;en doutait un peu, ne venait pas du ciel ; effectivement, la cam\u00e9ra ayant l\u00e9g\u00e8rement pivot\u00e9, on aper\u00e7ut quelques comparses perch\u00e9s sur des escabeaux, arrosoirs en mains, jouant au nuage de pluie ; et Gillot, d\u00e9goulinant, de nous prendre \u00e0 t\u00e9moin d\u2019un air constern\u00e9\u00a0 : \u00ab Ah !\u00a0 Voyez comme ils sont <em>gamins<\/em> ! \u00bb<br \/>\nAussi fantaisiste et aussi dr\u00f4le que Gillot-P\u00e9tr\u00e9, j&#8217;ai beau chercher, je n&#8217;en trouve pas .<\/p>\n<p>Nous avons eu, dans un tout autre registre, Michel Cardoze, grand amateur de po\u00e9sie espagnole et sud-am\u00e9ricaine. A la suite de ses bulletins m\u00e9t\u00e9o, il nous donnait avec son accent rocailleux un nom de po\u00e8te, puis nous citait un ou deux vers brefs et bien frapp\u00e9s, parfois sibyllins ou g\u00e9n\u00e9rateurs de r\u00eave. Etait-il populaire aupr\u00e8s de son public ? Je ne sais ; il avait choisi d\u2018\u00eatre original de fa\u00e7on un peu aust\u00e8re et de tirer les esprits vers le haut ; il lan\u00e7ait sa bouteille \u00e0 la mer &#8212; bravement<\/p>\n<p>Ce qui me g\u00eane, ce sont les pr\u00e9visions m\u00e9t\u00e9o qui nous annoncent un temps<em> agr\u00e9able<\/em>, en entendant par l\u00e0 : un temps doux et sans pluie.<br \/>\nA chaque fois j&#8217;ai envie de poser la question :\u00ab agr\u00e9able ? pour qui ? \u00bb<br \/>\nCar ce jugement est tr\u00e8s discutable : comment ne pas voir qu\u2019un temps ensoleill\u00e9 et sec, par exemple, peut convenir aux uns&#8230;tout en \u00e9tant calamiteux pour les autres : agriculteurs, \u00e9leveurs, horticulteurs, apiculteurs, ramasseurs de champignons, d\u2019herbes sauvages, d\u2019escargots,&#8230;sans compter les citadins &#8211;de plus en plus nombreux &#8211;dont le c\u0153ur est \u00e0 la campagne \u2014\u00a0Je me souviens de bulletins qui d\u00e9sesp\u00e9raient un couple d\u2019amis \u00e9leveurs de moutons : chaque soir, un personnage \u00e0 l&#8217;air r\u00e9joui leur annon\u00e7ait la continuation du \u00ab beau soleil \u00bb&#8230;alors que celui-ci br\u00fblait leurs pacages et les plongeait dans la g\u00eane et l\u2019angoisse du lendemain !<\/p>\n<p>(Exemple de parisianisme m\u00e9t\u00e9o ? Probablement.\u00a0 Mais, \u00e9volution heureuse \u00e0 la t\u00e9l\u00e9 :\u00a0 depuis quelques ann\u00e9es,\u00a0 la plupart des annonceurs m\u00e9t\u00e9o nous font remarquer que le niveau des nappes phr\u00e9atiques \u00e9tant ce qu&#8217;il est, la pluie sera la bienvenue .<\/p>\n<p>Donc l\u2019adjectif \u201cagr\u00e9able\u201d ou, \u00e0 l\u2019extr\u00eame oppos\u00e9, des termes p\u00e9joratifs tels que &#8220;le mauvais temps,&#8221; \u00ab le temps va se g\u00e2ter\u00bb, etc, devraient \u00eatre jet\u00e9s dans le m\u00eame sac-poubelle. Car un tel discours est manich\u00e9en, simpliste, infantilisant.; il\u00a0 a la vie dure, malheureusement.<\/p>\n<p>Avec l&#8217;acc\u00e9l\u00e9ration du\u00a0 d\u00e9r\u00e8glement climatique et de son cort\u00e8ge de catastrophes, il y a chez le t\u00e9l\u00e9spectateur consultant sa cha\u00eene pr\u00e9f\u00e9r\u00e9e quelque peu de curiosit\u00e9 mais aussi d&#8217;appr\u00e9hension : de grandes catastrophes ne sont elles pas d\u00e9j\u00e0 \u00e0 l&#8217;\u0153uvre l\u00e0 o\u00f9 il est , sous un forme att\u00e9nu\u00e9e ? ( la s\u00e8cheresse notamment )<\/p>\n<p>Cela dit, les bulletins m\u00e9t\u00e9o des journaux t\u00e9l\u00e9vis\u00e9s aux heures de grande \u00e9coute ont aujourd&#8217;hui un concurrent redoutable : l&#8217;internet : l&#8217;\u00e9norme avantage d&#8217;internet r\u00e9side dans le fait que l&#8217;on peut y consulter M\u00e9t\u00e9o France \u00e0 nimporte quelle heure pour savoir ce qui va se passer l\u00e0 o\u00f9 l&#8217;on est , et que le bulletin qui vous est communiqu\u00e9 est beaucoup plus pr\u00e9cis que celui de la t\u00e9l\u00e9vision, gr\u00e2ce \u00e0 la g\u00e9olocalisation et \u00e0 la transmission des donn\u00e9es en temps r\u00e9el ; ainsi tout le monde, notamment les professionnels , pour qui il est capital d&#8217;\u00eatre renseign\u00e9 sur le temps \u00e0 venir,\u00a0 peut demander \u00e0 M\u00e9t\u00e9o France, entre autres choses , quand il va pleuvoir et s&#8217;il va pleuvoir dans l&#8217;heure : un pas en avant fantastique , bien qu&#8217;il se heurte \u00e0 une limite : M\u00e9t\u00e9o France ne peut pas vous pr\u00e9ciser le lieu o\u00f9 les orages \u00e9clateront.\u00a0 \u00a0 \u00a0 \u00a0 \u00a0 \u00a0 \u00a0 \u00a0 \u00a0 \u00a0 \u00a0 \u00a0 \u00a0 \u00a0 \u00a0 \u00a0 \u00a0 \u00a0 \u00a0 \u00a0 \u00a0 \u00a0 \u00a0 \u00a0 \u00a0 \u00a0 \u00a0 \u00a0 \u00a0 \u00a0 \u00a0 \u00a0 \u00a0 \u00a0 \u00a0 \u00a0 \u00a0 \u00a0 \u00a0 \u00a0 \u00a0 \u00a0 \u00a0 \u00a0 \u00a0 \u00a0 \u00a0 \u00a0 \u00a0 \u00a0 \u00a0 \u00a0 \u00a0Contre cette concurrence, l&#8217;\u00e9mission m\u00e9t\u00e9o de la t\u00e9l\u00e9vision semble ne pas pouvoir lutter ; mais c&#8217;est sans compter avec le fait que sur l&#8217;\u00e9cran, cette \u00e9mission est pr\u00e9sent\u00e9e par une personne humaine (plus ou moins charmeuse, on l&#8217;a vu) de fa\u00e7on incontestablement plus vivante .<\/p>\n<p>Quand une \u00e9mission de t\u00e9l\u00e9vision nous apprend les records de temp\u00e9rature, les ravages d&#8217;un cyclone ou la fonte des glaciers, \u00e0 supposer m\u00eame que ces \u00e9v\u00e8nements surviennent \u00e0 l&#8217;autre bout de la plan\u00e8te, elle nous rappelle la faiblesse de l&#8217;homme face \u00e0 des \u00e9l\u00e9ments dont la violence semble toujours plus grande ; ce qui suscite une r\u00e9flexion : Et si \u00e7a nous arrivait demain ?\u00a0 \u00a0 \u00a0 \u00a0 \u00a0 \u00a0 \u00a0 \u00a0 \u00a0 \u00a0 On peut se demander si, de m\u00eame que des tribus am\u00e9rindiennes ou africaines dansent pour demander au Ciel des pr\u00e9cipitations bienfaisantes, les chr\u00e9tiens seront peut-\u00eatre amen\u00e9s \u00e0 faire revivre les rogations, ces pri\u00e8res o\u00f9 nagu\u00e8re les paysans de chez nous imploraient Dieu pour qu&#8217;il leur accorde les r\u00e9coltes sans lesquelles ils n&#8217;auraient pu vivre. Un bulletin m\u00e9t\u00e9o se terminant par une br\u00e8ve pri\u00e8re, voil\u00e0 peut-\u00eatre ce qui verra le jour , d&#8217;abord sur les cha\u00eenes de t\u00e9l\u00e9vision\u00a0 chr\u00e9tiennes .<br \/>\n+++<\/p>\n","protected":false},"excerpt":{"rendered":"<p>\u00ab Si vous me demandiez comment annoncer \u00e0 la t\u00e9l\u00e9 le temps qu\u2019il fera\u00a0dans les jours prochains, je vous r\u00e9pondrais : inspirez-vous\u00a0 du conseil donn\u00e9 autrefois par La Bruy\u00e8re: \u00ab Vous voulez dire qu\u2019il pleut ? Dites : \u00ab Il pleut.\u00bb\u00a0 Soyez pr\u00e9cis, bref, objectif : qualit\u00e9s de tout bon journaliste, me direz-vous. Les pr\u00e9sentateurs &hellip; <a href=\"https:\/\/le-moulin-a-poivre.fr\/?page_id=64\" class=\"more-link\">Continue reading <span class=\"screen-reader-text\">Pr\u00e9sentateurs de bulletins m\u00e9t\u00e9o<\/span><\/a><\/p>\n","protected":false},"author":1,"featured_media":0,"parent":0,"menu_order":0,"comment_status":"closed","ping_status":"closed","template":"","meta":{"footnotes":""},"class_list":["post-64","page","type-page","status-publish","hentry"],"_links":{"self":[{"href":"https:\/\/le-moulin-a-poivre.fr\/index.php?rest_route=\/wp\/v2\/pages\/64","targetHints":{"allow":["GET"]}}],"collection":[{"href":"https:\/\/le-moulin-a-poivre.fr\/index.php?rest_route=\/wp\/v2\/pages"}],"about":[{"href":"https:\/\/le-moulin-a-poivre.fr\/index.php?rest_route=\/wp\/v2\/types\/page"}],"author":[{"embeddable":true,"href":"https:\/\/le-moulin-a-poivre.fr\/index.php?rest_route=\/wp\/v2\/users\/1"}],"replies":[{"embeddable":true,"href":"https:\/\/le-moulin-a-poivre.fr\/index.php?rest_route=%2Fwp%2Fv2%2Fcomments&post=64"}],"version-history":[{"count":44,"href":"https:\/\/le-moulin-a-poivre.fr\/index.php?rest_route=\/wp\/v2\/pages\/64\/revisions"}],"predecessor-version":[{"id":3019,"href":"https:\/\/le-moulin-a-poivre.fr\/index.php?rest_route=\/wp\/v2\/pages\/64\/revisions\/3019"}],"wp:attachment":[{"href":"https:\/\/le-moulin-a-poivre.fr\/index.php?rest_route=%2Fwp%2Fv2%2Fmedia&parent=64"}],"curies":[{"name":"wp","href":"https:\/\/api.w.org\/{rel}","templated":true}]}}