{"id":60,"date":"2013-03-12T21:01:14","date_gmt":"2013-03-12T21:01:14","guid":{"rendered":"http:\/\/le-moulin-a-poivre.fr\/?page_id=60"},"modified":"2022-10-29T14:04:20","modified_gmt":"2022-10-29T14:04:20","slug":"belle-amie-peu-de-temps-connue","status":"publish","type":"page","link":"https:\/\/le-moulin-a-poivre.fr\/?page_id=60","title":{"rendered":"Belle amie de rouge v\u00eatue"},"content":{"rendered":"<p>Belle amie de rouge v\u00eatue,<br \/>\nMon coquelicot d\u2019Am\u00e9rique,<br \/>\nJe t&#8217;ai si peu de temps connue,<br \/>\nTu demeures pour moi l\u2019unique ;<\/p>\n<p>Mon amour, ma belle Indienne,<br \/>\nL\u2019amour en nos c\u0153urs bourgeonnait ;<br \/>\nTe voil\u00e0 perdue \u00e0 jamais<br \/>\nEt je suis seul avec ma peine ;<\/p>\n<p>Dans le New York des solitudes<br \/>\nTu portais la pourpre des reines<br \/>\nQuand le hasard de nos \u00e9tudes<br \/>\nNous r\u00e9unit quelques semaines ;<\/p>\n<p>Tu voulais te mettre au service<br \/>\nDes vagabonds, des mis\u00e9reux,<br \/>\nEt pour les d\u00e9fendre en justice<br \/>\nTu te voulais pauvre comme eux ;<\/p>\n<p>\u00ab Pas d\u2019attache, pas de famille\u00a0\u00bb<br \/>\nM\u2019as-tu dit pendant la session ;<br \/>\n\u00ab Bien s\u00fbr, c\u2019est dur pour une fille<br \/>\nDe prendre cette d\u00e9cision.\u00bb<\/p>\n<p>Tu m\u2019as dis aussi que la haine<br \/>\nNe devrait pas nous habiter ;<br \/>\nPouvais-je savoir quelle peine<br \/>\nJ\u2019aurais plus tard \u00e0 pardonner ?<\/p>\n<p>Dans la gare l\u2019immense salle<br \/>\nNous accueillait apr\u00e8s nos trains,<br \/>\nPuis la bouff\u00e9e d\u2019air matinale<br \/>\nAvant le travail quotidien ;<\/p>\n<p>C\u2018\u00e9tait bon de marcher ensemble,<br \/>\nTout Manhattan semblait marcher ;<br \/>\nIl y eut un jour, il me semble,<br \/>\nO\u00f9 la pluie nous a rapproch\u00e9s ;<\/p>\n<p>Notre abri fut la vieille \u00e9glise<br \/>\nEt puis on se serra la main,<br \/>\nTa robe \u00e9tait rouge cerise,<br \/>\nTu t\u2018\u00e9loignas vers ton destin ;<\/p>\n<p>Arriva ce matin funeste<br \/>\nDe feu et d\u2019horreur et d\u2019effroi ;<br \/>\nEst-il venu de toi, ce geste<br \/>\nQue nous avions fait, toi et moi ?<\/p>\n<p>Car j\u2019ai vu se sauver des flammes<br \/>\nDans l\u2019azur, \u00f4 Dieu, des humains<br \/>\nEn sursis, des hommes, des femmes,<br \/>\nEux aussi unissant leurs mains ;<\/p>\n<p>Dans le tumulte du naufrage,<br \/>\nJe m\u2019en suis voulu d\u2018\u00eatre loin ;<br \/>\nJ\u2019accourus, je criai de rage<br \/>\nQuand on me barra le chemin ;<\/p>\n<p>Il est des photos qui me hantent,<br \/>\nJ\u2019essaie de ne plus les revoir,<br \/>\nMa blessure est encor saignante<br \/>\nBien que luise en moi un espoir :<\/p>\n<p>J\u2019imagine que ton amour<br \/>\nDans le chaos l\u2019a emport\u00e9 ;<br \/>\nAvant que s\u2018\u00e9croule la tour<br \/>\nTu as d\u00fb dispenser ta paix ;<\/p>\n<p>Ta foi au Christ, ton beau sourire,<br \/>\nEt ton calme ont d\u00fb rayonner ;<br \/>\nLe rouge est couleur du martyre ;<br \/>\nEst-ce ce que tu pressentais ?<\/p>\n<p>Ma belle amie t\u00f4t disparue<br \/>\nUn funeste jour de septembre,<br \/>\nJe ne peux te croire perdue,<br \/>\nJe me dis que tu dois m\u2019entendre !<\/p>\n<p>D\u00e9sormais nombreux au service<br \/>\nDes vagabonds, des mis\u00e9reux,<br \/>\nNous demandons comme eux justice ;<br \/>\nN\u2018\u00e9tait-ce pas l\u2019un de tes v\u0153ux ?<\/p>\n<p>C\u2019est bien l\u00e0 le plus bel hommage<br \/>\nQu&#8217;on puisse te rendre, ch\u00e9rie,<br \/>\nAinsi est transmis ton message<br \/>\nQui \u00e9tait d\u2019amour et de vie .<\/p>\n<p>Belle amie peu de temps connue,<br \/>\nMa ch\u00e9rie, ma rouge Am\u00e9rique,<br \/>\nTa couleur, tu l\u2019avais \u00e9lue,<br \/>\nTu resteras pour moi l\u2019unique.<\/p>\n<p>+\u00b0+\u00b0+\u00b0+\u00b0+\u00b0+\u00b0+\u00b0+\u00b0+\u00b0+\u00b0+\u00b0+\u00b0+\u00b0+\u00b0+\u00b0+\u00b0+\u00b0<\/p>\n","protected":false},"excerpt":{"rendered":"<p>Belle amie de rouge v\u00eatue, Mon coquelicot d\u2019Am\u00e9rique, Je t&#8217;ai si peu de temps connue, Tu demeures pour moi l\u2019unique ; Mon amour, ma belle Indienne, L\u2019amour en nos c\u0153urs bourgeonnait ; Te voil\u00e0 perdue \u00e0 jamais Et je suis seul avec ma peine ; Dans le New York des solitudes Tu portais la pourpre &hellip; <a href=\"https:\/\/le-moulin-a-poivre.fr\/?page_id=60\" class=\"more-link\">Continue reading <span class=\"screen-reader-text\">Belle amie de rouge v\u00eatue<\/span><\/a><\/p>\n","protected":false},"author":1,"featured_media":0,"parent":0,"menu_order":0,"comment_status":"closed","ping_status":"closed","template":"","meta":{"footnotes":""},"class_list":["post-60","page","type-page","status-publish","hentry"],"_links":{"self":[{"href":"https:\/\/le-moulin-a-poivre.fr\/index.php?rest_route=\/wp\/v2\/pages\/60","targetHints":{"allow":["GET"]}}],"collection":[{"href":"https:\/\/le-moulin-a-poivre.fr\/index.php?rest_route=\/wp\/v2\/pages"}],"about":[{"href":"https:\/\/le-moulin-a-poivre.fr\/index.php?rest_route=\/wp\/v2\/types\/page"}],"author":[{"embeddable":true,"href":"https:\/\/le-moulin-a-poivre.fr\/index.php?rest_route=\/wp\/v2\/users\/1"}],"replies":[{"embeddable":true,"href":"https:\/\/le-moulin-a-poivre.fr\/index.php?rest_route=%2Fwp%2Fv2%2Fcomments&post=60"}],"version-history":[{"count":20,"href":"https:\/\/le-moulin-a-poivre.fr\/index.php?rest_route=\/wp\/v2\/pages\/60\/revisions"}],"predecessor-version":[{"id":3021,"href":"https:\/\/le-moulin-a-poivre.fr\/index.php?rest_route=\/wp\/v2\/pages\/60\/revisions\/3021"}],"wp:attachment":[{"href":"https:\/\/le-moulin-a-poivre.fr\/index.php?rest_route=%2Fwp%2Fv2%2Fmedia&parent=60"}],"curies":[{"name":"wp","href":"https:\/\/api.w.org\/{rel}","templated":true}]}}