{"id":54,"date":"2013-03-12T20:55:53","date_gmt":"2013-03-12T20:55:53","guid":{"rendered":"http:\/\/le-moulin-a-poivre.fr\/?page_id=54"},"modified":"2023-02-26T16:44:02","modified_gmt":"2023-02-26T16:44:02","slug":"paris-brule-t-il-aout-1944-version-originale","status":"publish","type":"page","link":"https:\/\/le-moulin-a-poivre.fr\/?page_id=54","title":{"rendered":"Paris br\u00fble-t-il ? (Ao\u00fbt 1944) Version originale"},"content":{"rendered":"<p>\u00ab Le front Est allait mal, l\u2019Ouest n\u2019avait plus de front,<br \/>\nLes chars alli\u00e9s fon\u00e7aient vers nous \u00e0 toute allure ;<br \/>\nJ\u2018\u00e9tais cens\u00e9 tenir Paris, ville peu s\u00fbre,<br \/>\nQuand soudain dans la nuit sonna le telephon : \u00bb<\/p>\n<p>\u00ab Une voix \u00e9raill\u00e9e me tira de mon lit ;<br \/>\nJ\u2018\u00e9tais mal r\u00e9veill\u00e9 mais en gros pus comprendre<br \/>\nQue si Hitler m\u2019avait confi\u00e9 le Gross Paris,<br \/>\nC\u2018\u00e9tait pour (avec peu de moyens) le d\u00e9fendre.\u00bb<\/p>\n<p>\u00ab Chol-titz !\u00bb\u00a0 me cria t il,\u00a0\u00ab faites p\u00e9ter les ponts !<br \/>\nIncendiez le Reichstag ! Que d\u00e9borde la Seine !<br \/>\nEt matez les Fran\u00e7ais, \u00e9ternels trublions ;<br \/>\nCho-ltitz, \u00e9coutez-moi, <em>und nicht r\u00e4soniren !\u00a0\u00bb\u00a0<\/em>(1)<\/p>\n<p>\u00ab Br\u00fblez ! Faites sauter ! Le feu ! Le feu et l\u2019eau<br \/>\nDoivent collaborer pour d\u00e9truire la ville !<br \/>\nEt puisque les Yankees craignent tant les bacilles,<br \/>\nFaites sauter les h\u00f4pitaux !\u00a0\u00bb<\/p>\n<p>\u00ab Br\u00fblez, faites br\u00fbler les mus\u00e9es de Paris !<br \/>\nEt les livres aussi qui puent la d\u00e9cadence,<br \/>\nLes parlottes sans fin de la d\u00e9mocratie,<br \/>\nEt la culture\u00a0 et la licence ! \u00bb<\/p>\n<p>\u00ab Chol-titz, ex\u00e9cution !\u00a0\u00bb Je criai : \u00ab\u00a0Heil Hitler !\u00a0\u00bb<br \/>\nPuis je le regrettai, j\u2019avoue, j\u2018\u00e9tais perplexe,<br \/>\n\u00ab Heil Hitler !\u00bb\u00a0chez certains, c\u2018\u00e9tait comme un r\u00e9flexe ,<br \/>\nMais plus chez moi : autant p\u00e9ter dans un concert ! \u00bb<\/p>\n<p>\u00ab De retour dans mon lit,\u00a0 je vis dans un brouillard<br \/>\nLe f\u00fchrer d\u00e9bord\u00e9,\u00a0Paris,\u00a0la belle France,<br \/>\nEt l\u00e0 des Huguenots qui s\u2019enfuyaient hagards<br \/>\nEt me semblaient crier vengeance ! \u00bb<\/p>\n<p>\u00ab Chol-titz, votre rapport !\u00a0 Ho ! Paris br\u00fble t- il ?\u00a0\u00bb<br \/>\nDe nouveau le f\u00fchrer \u00e9tait au bout du fil,<br \/>\nL\u00e0-bas dans son bunker, o\u00f9 bouillait son g\u00e9nie<br \/>\nEt je devais calmer (comment ?)\u00a0 sa fr\u00e9n\u00e9sie ;\u00bb<\/p>\n<p>\u00ab Soudain, gr\u00e9sillement continu sur la ligne !<br \/>\nEt je me dis : \u00ab Tiens, tiens !\u00a0Faut-il y voir un signe ? \u00bb<br \/>\nAlors je m\u2019exclamai : \u00ab\u00a0Ecoutez, mein f\u00fchrer !<br \/>\nEcoutez cr\u00e9piter le feu d\u00e9vastateur ! \u00bb<\/p>\n<p>\u00ab Oui, Paris est en feu ! Dans la chaleur torride,<br \/>\nParis se meurt de soif : plus le moindre liquide !<br \/>\nL\u2019incendie colossal vole de rue en rue&#8230;\u00bb<br \/>\nMais ici, j\u2019arr\u00eatai : Hitler n\u2018\u00e9coutait plus \u00bb<\/p>\n<p>\u00ab Il poussait maintenant des cris de joie obsc\u00e8nes,<br \/>\nRavi du feu d\u2019enfer dont il se d\u00e9lectait ;<br \/>\nL\u00e0-dessus je revins lentement me coucher ;<br \/>\nPourquoi avoir menti \u00e0 cet \u00e9nergum\u00e8ne ? \u00bb<\/p>\n<p>\u00ab Et qu\u2019allait entra\u00eener ma d\u00e9sob\u00e9issance ?<br \/>\nM\u2019appr\u00eatais-je \u00e0 trahir ?\u00a0\u00c9tait-ce d\u00e9j\u00e0 fait ?<br \/>\nEt mon vieux projet de vengeance ?<br \/>\nDans un r\u00eave, Hitler me faisait fusiller.\u00bb.<\/p>\n<p>\u00ab Quand vint le clair matin, il sentait fort la poudre ;<br \/>\nJe consultai Von \u2018Lock : on allait en d\u00e9coudre,<br \/>\nEt l\u00e0-dessus le telephon s\u2019interrompit ;<br \/>\nComme tout un chacun,\u2014- je pris la B.B.C.\u00bb<\/p>\n<p>\u00ab Sept heures, je pensai : Il est encore temps<br \/>\nD\u2019ob\u00e9ir \u2026 mais alors \u2026 pourrai-je dans la glace,<br \/>\nLa conscience en paix, me regarder en face ?<br \/>\nVais-je associer mon nom \u00e0 un crime infamant ? \u00bb<\/p>\n<p>+\u00b0+\u00b0+\u00b0+\u00b0+\u00b0<\/p>\n<p>\u00ab Message ultra secret, Service des \u00c9coutes : \u00bb<br \/>\n\u00ab J\u2019entends des chars fran\u00e7ais qui vers Paris font route,<br \/>\nUn d\u00e9nomm\u00e9 \u2014 Le Kl\u00e4r ? \u2014 semble les commander,<br \/>\nIls parlent de casser la cro\u00fbte,\u00bb<br \/>\n(Sans doute un message crypt\u00e9 ?)<br \/>\nDes Fran\u00e7ais ! C&#8217;\u00e9tait le bouquet !!!\u00bb<\/p>\n<p>\u00ab Ces Fran\u00e7ais que nagu\u00e8re on nous disait vaincus,<br \/>\nVoil\u00e0 qu\u2019avec des tanks ils nous tombaient dessus !<br \/>\nPartout on mijotait notre B\u00e9r\u00e9sina,<br \/>\nDes maquis, des avions harcelaient nos convois,<br \/>\nEt c\u2018\u00e9tait notre tour de garnir de feuillages,<br \/>\nSous des regards narquois, en un piteux reflux,<br \/>\nTriporteurs, corbillards, v\u00e9los, chevaux fourbus,<br \/>\nUn bric-\u00e0-brac qu\u2018\u00e9claircissaient les mitraillages !\u00a0\u00bb<\/p>\n<p>&#8212;&#8212;&#8212;&#8212;&#8212;&#8212;&#8212;&#8212;&#8212;&#8212;&#8212;&#8212;&#8212;<\/p>\n<p>A BADEN \u2013 BADEN , VINGT ANS APRES<\/p>\n<p>Le g\u00e9n\u00e9ral :<\/p>\n<p>\u00ab Vous devinez pourquoi moi, de noble famille<br \/>\n(Qu&#8217;il appela Chol-titz : pour qui se prenait-il ?)<br \/>\nJe m&#8217;opposai cette nuit-l\u00e0 \u00e0 sa d\u00e9mence ?<br \/>\nM&#8217;a t-il pris par hasard pour son <em>petit laquais,\u00a0<\/em>(2)<br \/>\nCe minus que ses hurlements faisaient ramper ?<br \/>\nM&#8217;a t-il pris pour un forcen\u00e9 sans conscience,<br \/>\nPr\u00eat \u00e0 tous les forfaits pour venger nos malheurs ?<br \/>\nMon indignation fit pencher la balance<br \/>\nEt me lan\u00e7a bient\u00f4t au sentier de l&#8217;honneur ;<br \/>\nJ&#8217;y vis &#8211;trop tard,h\u00e9las&#8211; le lumineux sillage<br \/>\nDes meilleurs d&#8217;entre nous : de Klaus, de Bonhoeffer,(3)<br \/>\nId\u00e9alistes purs et finalement sages !<\/p>\n<p>+\u00b0+\u00b0+\u00b0+\u00b0+\u00b0+\u00b0<\/p>\n<p>\u00ab J\u2019ai toujours trouv\u00e9 nuls le Walhalla des Dieux<br \/>\nEt la\u00a0guerre \u00ab fra\u00eeche et joyeuse, \u00bb<br \/>\nEt pourtant j\u2019ai beaucoup donn\u00e9 \u00e0 cette gueuse<br \/>\nQui m\u2019a pris tant d\u2019amis par le fer et le feu ! \u00bb<\/p>\n<p>\u00ab C\u2019est en quarante-trois, dans l\u2019immense Russie,<br \/>\nQue nous f\u00fbmes battus, qu\u2019un ressort fut bris\u00e9 ;<br \/>\nEt cette triste ann\u00e9e fut encore assombrie<br \/>\nQuand me fut d\u00e9voil\u00e9 un terrible secret :<br \/>\nMon bon cousin Lucas, m\u00e9decin sp\u00e9cialiste,<br \/>\nMe confia qu\u2019 on l\u2019avait appel\u00e9 dans un camp<br \/>\nQui crachait sa fum\u00e9e sur des landes sinistres ;<br \/>\nIl se doutait un peu de l\u2019horreur l\u00e0-dedans.<br \/>\nLe chef de cet enfer craignant l\u2018\u00e9pid\u00e9mie,<br \/>\nLucas passa trois jours dans leur infirmerie,<br \/>\n\u00c9tudia, rassura et fit tout ce qu\u2019il put<br \/>\nPour apporter du r\u00e9confort aux d\u00e9tenus ;<br \/>\nL\u2019histoire finit mal : par des gardes S.S.<br \/>\n\u00c9crasant la bont\u00e9 qu\u2019ils appelaient faiblesse. \u00bb<\/p>\n<p>+\u00b0+\u00b0+\u00b0+\u00b0+\u00b0+\u00b0+\u00b0<\/p>\n<p>\u00ab Maintenant qu\u2019on revoit de semblables horreurs,<br \/>\nLa torture et la mort et la loi du talion,<br \/>\nJe pleure comme un gosse et j\u2019ai la rage au c\u0153ur,<br \/>\nCar moi aussi, j\u2019ai soutenu \u00e0 ma fa\u00e7on<br \/>\nLa domination de sanglants pr\u00e9dateurs !<br \/>\nMoi aussi,\u00a0 j\u2019ai fait r\u00e9gresser l\u2019humanit\u00e9<br \/>\nEt le monde, depuis, continue de br\u00fbler !\u00a0\u00bb<\/p>\n<p>+\u00b0+\u00b0+\u00b0+\u00b0+\u00b0+\u00b0+\u00b0<\/p>\n<p>\u00ab Le sang, la faim, le froid et la honte du crime :<br \/>\nL\u2019Allemagne vaincue fut plong\u00e9e dans l\u2019enfer<br \/>\nO\u00f9 se trouvaient m\u00eal\u00e9s bourreaux comme victimes.<br \/>\nOui, chacun d\u2019entre nous a expi\u00e9 dans sa chair ; \u00bb<\/p>\n<p>\u00ab Ma famille a perdu sa belle r\u00e9sidence<br \/>\nDans la province qu&#8217;on rendit aux Polonais ;<br \/>\nPar bonheur des copies montrant mon ascendance<br \/>\nT\u00e9moignent de tableaux que la guerre a br\u00fbl\u00e9s ; \u00bb<\/p>\n<p>\u00ab Moi qui voulais venger \u2014 lorsque j\u2018\u00e9tais enfant, \u2014<br \/>\nMes a\u00efeux huguenots cit\u00e9s comme mod\u00e8les,<br \/>\nDus renoncer \u00e0 mon projet extravagant<br \/>\nQui aurait apport\u00e9 des mis\u00e8res nouvelles ; \u00bb<\/p>\n<p>\u00ab Me serais-je insurg\u00e9 en mon \u00e2me et conscience<br \/>\nSi mes a\u00efeux n&#8217;avaient dit &#8220;non&#8221; et tout quitt\u00e9 ?<br \/>\nIls pay\u00e8rent tr\u00e8s cher aux octrois de l\u2019errance :<br \/>\nDeux d\u2019entre eux dans les eaux du Rhin se sont noy\u00e9s ! \u00bb<\/p>\n<p>\u00ab Au temps o\u00f9 je r\u00eavais \u00e0 mes lointains anc\u00eatres,<br \/>\nJe me voyais un jour possesseur du ch\u00e2teau ;<br \/>\nLa vie n\u2019a pas voulu que j\u2019en devienne ma\u00eetre ;<br \/>\nPourtant ils m\u2019ont l\u00e9gu\u00e9 un tr\u00e9sor bien plus beau :<br \/>\nC&#8217;est leur Livre de Vie, l\u2019immortel \u00c9vangile,<br \/>\nQu&#8217;essaient de supplanter des \u00eatres orgueilleux,<br \/>\nDes colosses aux pieds d\u2019argile ;<br \/>\nLa Bible, mon soutien dans les temps difficiles,<br \/>\nMe redit chaque jour la tendresse de Dieu.\u00bb<\/p>\n<p>&nbsp;<\/p>\n<p>&#8212;&#8212;&#8212;&#8212;&#8212;&#8212;&#8212;&#8212;&#8212;&#8212;&#8212;&#8212;&#8212;&#8212;&#8212;<\/p>\n<p>\u00ab Le front russe m\u2019avait marqu\u00e9 d\u2019une br\u00fblure,<br \/>\nJe gisais nuit et jour sur un lit de douleur ;<br \/>\nComment ne pas penser \u00e0 toutes les blessures<br \/>\nA l\u2019Europe inflig\u00e9es par la folie d\u2019Hitler ? \u00bb<\/p>\n<p>\u00ab Je m\u2018\u00e9tais pris pour un surhomme et un guerrier,<br \/>\nJ\u2019avais vers\u00e9 le sang et ni\u00e9 la souffrance ;<br \/>\nEt voil\u00e0 brusquement que je faisais piti\u00e9,<br \/>\nDu moins je fus vite rapatri\u00e9 \u2013 \u00f4 chance !\u00a0\u00bb<\/p>\n<p>\u00ab Le jour o\u00f9 je crus voir Goebels (4) dans l\u2019h\u00f4pital ,<br \/>\nJe hurlai !\u00a0Je hurlai mon d\u00e9go\u00fbt et ma rage !<br \/>\nCar je pensais au mal fait par ce personnage ;<br \/>\nC\u2018\u00e9tait mon obsession : partout \u00e9tait le mal ; \u00bb<\/p>\n<p>\u00ab N\u2018\u00e9tais-je pas moi-m\u00eame une brute de guerre,<br \/>\nUn pion sur l\u2018\u00e9chiquier de notre \u00e9tat-major ?<br \/>\nJe ne valais pas mieux que tous mes cong\u00e9n\u00e8res :<br \/>\nJe pris S\u00e9bastopol, certes, mais\u00a0que de morts !\u00bb (5)<\/p>\n<p>\u00ab Et je songeai aussi \u00e0 l\u2019Europe occup\u00e9e<br \/>\nO\u00f9 le pire ennemi se nommait Gestapo,<br \/>\nDes hommes froids et durs aux paroles plomb\u00e9es ;<br \/>\nLe peu qu\u2019on en savait faisait froid dans le dos.\u00bb<\/p>\n<p>\u00ab Sorti de l\u2019h\u00f4pital, les grandes retrouvailles<br \/>\nNe purent m\u2019emp\u00eacher de penser aux combats,<br \/>\nA mes subordonn\u00e9s rest\u00e9s dans la bataille,<br \/>\nA tous les combattants qui ne reviendraient pas ;\u00bb<\/p>\n<p><a href=\"https:\/\/le-moulin-a-poivre.fr\/wp-content\/uploads\/ScanImage001-1024x710-1.jpg\"><img decoding=\"async\" class=\"aligncenter wp-image-2349 size-full\" src=\"https:\/\/le-moulin-a-poivre.fr\/wp-content\/uploads\/ScanImage001-1024x710-1.jpg\" alt=\"\" width=\"1024\" height=\"710\" srcset=\"https:\/\/le-moulin-a-poivre.fr\/wp-content\/uploads\/ScanImage001-1024x710-1.jpg 1024w, https:\/\/le-moulin-a-poivre.fr\/wp-content\/uploads\/ScanImage001-1024x710-1-300x208.jpg 300w, https:\/\/le-moulin-a-poivre.fr\/wp-content\/uploads\/ScanImage001-1024x710-1-768x533.jpg 768w\" sizes=\"(max-width: 1024px) 100vw, 1024px\" \/><\/a><\/p>\n<p>\u00ab Les Russes peu \u00e0 peu gagn\u00e8rent mon estime,<br \/>\nLa Tr\u00e8s\u2013Sainte Russie dans leur c\u0153ur revivait,<br \/>\nIls me semblaient souvent mis\u00e9reux et sublimes,<br \/>\nTous les envahisseurs ils les avaient d\u00e9faits :<\/p>\n<p>\u00ab Su\u00e9dois, puis Fran\u00e7ais, et puis nous, Allemands \u2026<br \/>\nL\u2019hiver nous pi\u00e9gea tous dans les steppes immenses,<br \/>\nMais surtout nous avions minor\u00e9 la vaillance<br \/>\nDe ce peuple<em> inf\u00e9rieu<\/em>r, selon nos dirigeants ;\u00bb<\/p>\n<p>\u00ab C\u2019est vrai que, tr\u00e8s longtemps habitu\u00e9s \u00e0 craindre,<br \/>\nIls nous semblent parfois bris\u00e9s, sans id\u00e9al,<br \/>\nEt pourtant, je l&#8217;ai vu, ont commenc\u00e9 \u00e0 poindre<br \/>\nDes bourgeons engourdis sous un froid glacial ;\u00bb<\/p>\n<p>\u00ab Pour moi, quand j\u2019ai connu leurs \u00e9glises dor\u00e9es,<br \/>\nLeurs ic\u00f4nes, leurs chants si graves, si puissants,<br \/>\nJ\u2019ai inclin\u00e9 mon front vers le sol de Crim\u00e9e,<br \/>\nLa foule autour de moi respectait mon tourment ;\u00bb<\/p>\n<p>\u00ab L\u00e0-bas, Orientaux et Gr\u00e9co-catholiques<br \/>\nD\u00e9sirent de tout c\u0153ur l\u2019unit\u00e9 des Chr\u00e9tiens ;<br \/>\nJe l\u2019ai vu dans des bourgs o\u00f9 l\u2018\u00e9glise de brique<br \/>\nSera l\u2019oeuvre de tous et phare de demain.\u00bb<\/p>\n<p>\u00ab Nous nous \u00e9tions promis, quelques amis et moi,<br \/>\nD\u2019aider \u00e0 restaurer un lieu prioritaire ;<br \/>\nEh bien, le croiriez-vous ? Ce fut un sanctuaire<br \/>\nQu\u2019ils voulurent b\u00e2tir pour leur commune foi ! \u00bb<\/p>\n<p>\u00ab Dire que leurs romans encor nous interpellent !<br \/>\nC\u2019est \u00e0 eux que je dois ma r\u00e9surrection ;<br \/>\nCar ils m\u2019ont ramen\u00e9 \u00e0 la Bonne Nouvelle<br \/>\nDont m\u2019avait d\u00e9tourn\u00e9 le temps de l\u2019action .\u00bb<\/p>\n<p>\u00ab Voyez-vous, mes amis, la chose merveilleuse,<br \/>\nC\u2019est que Dieu m\u2019a fait signe \u00e0 moi, un vieux soudard ;<br \/>\nJ\u2019ai du prix \u00e0 ses yeux, moi, la brebis galeuse,<br \/>\nIl ne m\u2019a pas laiss\u00e9 me perdre dans le noir ! \u00bb<\/p>\n<p>&#8212;&#8212;&#8212;&#8212;&#8212;&#8212;&#8212;&#8212;&#8212;&#8212;&#8212;&#8212;&#8212;&#8212;&#8212;&#8212;&#8212;&#8212;&#8212;-<\/p>\n<p>(1)<span style=\"text-decoration: underline;\"> Nicht r\u00e4sonieren<\/span> : n\u2019ergotez pas !<\/p>\n<p>(2 )\u00a0 <span style=\"text-decoration: underline;\"><em>\u00a0\u00ab petit laquais<\/em>\u00a0\u00bb<\/span>: surnom\u00a0 donn\u00e9 par ses pairs \u00e0 un haut grad\u00e9 flagorneur : il applaudissait toujours aux &#8220;intuitions&#8221; du f\u00fchrer, contrairement aux autres membres de l&#8217;Etat Major, qui osaient exprimer leur d\u00e9saccord.<\/p>\n<p>(3) <span style=\"text-decoration: underline;\">Klaus von Stauffenberg<\/span> ( 1907-1944) Cet aristocrate \u00e9tait le descendant d\u2019un mar\u00e9chal et, du c\u00f4t\u00e9 de sa m\u00e8re, de Gneisenau. Apr\u00e8s avoir \u00e9t\u00e9 amput\u00e9 d\u2019une main et avoir perdu un oeil en Tunisie, (1943) il fut vers\u00e9 dans les r\u00e9serves dont il devint chef d\u2018\u00e9tat-major avec le grade de colonel (d\u00e9but juil.1944.)\u00a0 Mais d\u00e9j\u00e0 il avait pris contact avec la conjuration visant \u00e0 \u00e9carter du pouvoir Hitler et les nazis. Il en vint \u00e0 penser qu\u2019il fallait aller jusqu\u2019au meurtre du dictateur ; il avait acc\u00e8s aux r\u00e9unions du grand \u00e9tat-major et faisait le lien entre plusieurs groupes de conjur\u00e9s, militaires et civils ; ceux-ci auraient form\u00e9 un gouvernement et auraient sollicit\u00e9 une reddition honorable ; catholique fervent et profond\u00e9ment hostile \u00e0 Hitler, Klaus von Stauffenberg d\u00e9posa une bombe au Q.G. du f\u00fchrer \u00e0 Rastenburg, entendit l\u2019explosion et regagna Berlin o\u00f9 le putsch se d\u00e9clencha (20 juillet 1944) Mais Hitler ne fut que l\u00e9g\u00e8rement bless\u00e9 et le complot \u00e9choua. Stauffenberg fut fusill\u00e9 le soir m\u00eame. Cet \u00e9chec entra\u00eena de multiples arrestations et ex\u00e9cutions (entre autres, du g\u00e9n\u00e9ral Beck ; du chef du Service des Renseignements, l\u2019amiral Canaris ; le suicide du mar\u00e9chal von Kluge ; cependant que le mar\u00e9chal Rommel, qui avait approuv\u00e9 le complot re\u00e7ut l\u2019ordre de se suicider ; la propagande nazie pr\u00e9tendit que sa voiture avait \u00e9t\u00e9 mitraill\u00e9e d\u2019avion, ce qui permit au r\u00e9gime de lui faire des fun\u00e9railles nationales. Chaque ann\u00e9e ,le 20 juillet, les Allemands comm\u00e9morent la tentative de Stauffenberg, ce militaire\u00a0 id\u00e9aliste qui r\u00eavait d\u2019une Sainte Allemagne.<\/p>\n<p><span style=\"text-decoration: underline;\">Bonhoeffer (Dietrich<\/span>)\u00a0 \u00a0 Pasteur et th\u00e9ologien luth\u00e9rien, (Breslau, auj. Wrocklaw 1906, ; camp de concentration de Flossenburg, 1945)\u00a0 \u00a0Il s\u2019engagea dans le combat de son Eglise contre l\u2019id\u00e9ologie nazie d\u00e8s l\u2019accession de Hitler au pouvoir (1933). Dans ses \u00e9crits, (de 1937- 1938)\u00a0il affirme l\u2019exigence de la foi et la responsabilit\u00e9 de l\u2019Eglise dans le monde. Activit\u00e9 pastorale, universitaire et \u0153cum\u00e9nique. (Voyage dans les pays anglo-saxons, admiration pour les gospels entendus \u00e0 Harlem, liens de sympathie avec l\u2018\u00e9v\u00e8que anglais Bell.)\u00a0 Il contribue avec Niem\u00f6ller \u00e0 la cr\u00e9ation de la Ligue de D\u00e9tresse des pasteurs pour venir en aide aux pasteurs pers\u00e9cut\u00e9s par le r\u00e9gime, en particulier ceux d\u2019origine juive.\u00a0 En 1936, il lui est interdit d\u2019enseigner \u00e0 l\u2019Universit\u00e9 de Berlin ; en 1938, d\u2019y r\u00e9sider ; en 1940, de prendre la parole en public \u2014et il doit signaler ses d\u00e9placements \u00e0 la police. L\u2019attentat de Klaus von Stauffenberg le 20 juillet 1944 compromet les amis et le beau-fr\u00e8re de\u00a0 Bonhoeffer ; d\u00e9j\u00e0 arr\u00eat\u00e9 en avril 43, il est intern\u00e9 en camp de concentration et pendu deux ans plus tard .<\/p>\n<p>(4) <span style=\"text-decoration: underline;\">Goebbels<\/span> : ministre national-socialiste de la Propagande <span style=\"text-decoration: underline;\">.<\/span><\/p>\n<p><span style=\"text-decoration: underline;\">(5)<\/span>\u00a0<span style=\"text-decoration: underline;\"> Le g\u00e9n\u00e9ral\u00a0 Dietrich Von Choltitz<\/span> : (n\u00e9 en Sil\u00e9sie en 1894, mort en 1966,) combattit en 14-18,\u00a0 combattit de nouveau pendant la Seconde Guerre Mondiale (prise de la forteresse de S\u00e9bastopol, en Crim\u00e9e,) fut bless\u00e9 ; combattit en Normandie, fut nomm\u00e9 le 7 ao\u00fbt 1944 gouverneur militaire de Paris, (entretien avec Hitler : est effar\u00e9 de voir l&#8217;\u00e9tat de d\u00e9labrement nerveux de son chef,) \u00e9luda l\u2019ordre c\u00e9l\u00e8bre de celui-ci d&#8217;incendier Paris. Lui-m\u00eame dans ses M\u00e9moires a \u00e9crit qu\u2019il n\u2019aurait pas pu commettre un tel crime contre l\u2019homme et la civilisation;\u00a0 des historiens ont signal\u00e9 le r\u00f4le jou\u00e9 par le consul g\u00e9n\u00e9ral de Su\u00e8de \u00e0 Paris, Raoul Nordling, excellent n\u00e9gociateur, qui proposa une tr\u00eave entre les forces allemandes et la R\u00e9sistance fran\u00e7aise et qui signala \u00e0 Von Choltitz qu\u2019en cas de destruction de la capitale, il serait condamn\u00e9 comme criminel de guerre. Fait prisonnier, Von Choltitz fut rel\u00e2ch\u00e9 en 1947.<\/p>\n<p>+\u00b0+\u00b0+\u00b0+\u00b0+\u00b0+\u00b0+\u00b0+\u00b0+\u00b0+\u00b0+\u00b0+\u00b0+\u00b0+\u00b0<\/p>\n<p>PARIS BR\u00dbLE\u00a0T-IL ? VERSION\u00a0 (ENCORE PLUS) ORIGINALE :<\/p>\n<p>L&#8217;honneur des Von Choltitz , comme il e\u00fbt \u00e9t\u00e9 b\u00eate<\/p>\n<p><span>\u00a0qu&#8217;il partit en fum\u00e9e n\u00e9e de mes allumettes !\u00a0 \u00a0 \u00a0 \u00a0 \u00a0 \u00a0 \u00a0 \u00a0 \u00a0 \u00a0 \u00a0 \u00a0 \u00a0 \u00a0 \u00a0 \u00a0 \u00a0 \u00a0 \u00a0 \u00a0 \u00a0 \u00a0 \u00a0 \u00a0 \u00a0 \u00a0 \u00a0 \u00a0 \u00a0<\/span><\/p>\n<p>+\u00b0+\u00b0+\u00b0+\u00b0+\u00b0+\u00b0+\u00b0+\u00b0+\u00b0+\u00b0+\u00b0+\u00b0+\u00b0+\u00b0+\u00b0+\u00b0+\u00b0+\u00b0+\u00b0+\u00b0<\/p>\n","protected":false},"excerpt":{"rendered":"<p>\u00ab Le front Est allait mal, l\u2019Ouest n\u2019avait plus de front, Les chars alli\u00e9s fon\u00e7aient vers nous \u00e0 toute allure ; J\u2018\u00e9tais cens\u00e9 tenir Paris, ville peu s\u00fbre, Quand soudain dans la nuit sonna le telephon : \u00bb \u00ab Une voix \u00e9raill\u00e9e me tira de mon lit ; J\u2018\u00e9tais mal r\u00e9veill\u00e9 mais en gros pus &hellip; <a href=\"https:\/\/le-moulin-a-poivre.fr\/?page_id=54\" class=\"more-link\">Continue reading <span class=\"screen-reader-text\">Paris br\u00fble-t-il ? (Ao\u00fbt 1944) Version originale<\/span><\/a><\/p>\n","protected":false},"author":1,"featured_media":0,"parent":0,"menu_order":0,"comment_status":"closed","ping_status":"closed","template":"","meta":{"footnotes":""},"class_list":["post-54","page","type-page","status-publish","hentry"],"_links":{"self":[{"href":"https:\/\/le-moulin-a-poivre.fr\/index.php?rest_route=\/wp\/v2\/pages\/54","targetHints":{"allow":["GET"]}}],"collection":[{"href":"https:\/\/le-moulin-a-poivre.fr\/index.php?rest_route=\/wp\/v2\/pages"}],"about":[{"href":"https:\/\/le-moulin-a-poivre.fr\/index.php?rest_route=\/wp\/v2\/types\/page"}],"author":[{"embeddable":true,"href":"https:\/\/le-moulin-a-poivre.fr\/index.php?rest_route=\/wp\/v2\/users\/1"}],"replies":[{"embeddable":true,"href":"https:\/\/le-moulin-a-poivre.fr\/index.php?rest_route=%2Fwp%2Fv2%2Fcomments&post=54"}],"version-history":[{"count":52,"href":"https:\/\/le-moulin-a-poivre.fr\/index.php?rest_route=\/wp\/v2\/pages\/54\/revisions"}],"predecessor-version":[{"id":3056,"href":"https:\/\/le-moulin-a-poivre.fr\/index.php?rest_route=\/wp\/v2\/pages\/54\/revisions\/3056"}],"wp:attachment":[{"href":"https:\/\/le-moulin-a-poivre.fr\/index.php?rest_route=%2Fwp%2Fv2%2Fmedia&parent=54"}],"curies":[{"name":"wp","href":"https:\/\/api.w.org\/{rel}","templated":true}]}}