{"id":52,"date":"2013-03-12T20:45:41","date_gmt":"2013-03-12T20:45:41","guid":{"rendered":"http:\/\/le-moulin-a-poivre.fr\/?page_id=52"},"modified":"2022-08-31T13:41:48","modified_gmt":"2022-08-31T13:41:48","slug":"la-demoiselle-et-le-papillon-fable","status":"publish","type":"page","link":"https:\/\/le-moulin-a-poivre.fr\/?page_id=52","title":{"rendered":"La demoiselle et le papillon"},"content":{"rendered":"<p>Un jour le papillon dit \u00e0 la demoiselle :<br \/>\n\u00ab Je vous vois tous les jours chasser les moucherons<br \/>\nAu dessus du ruisseau, des iris d\u2019eau, des pr\u00e8les ,<br \/>\nAussi permettez-moi une proposition :<br \/>\nLequel de nous parvient le premier \u00e0 ce h\u00eatre&#8221;<br \/>\nSous lequel le troupeau, quand il fait chaud, va pa\u00eetre ?\u00bb<\/p>\n<p>C\u2019est ainsi que parla notre bel \u00e9tourdi.<br \/>\nAyant de La Fontaine \u00e9tudi\u00e9 les \u00e9crits<br \/>\nAu temps des classes studieuses,<br \/>\nLa maline alla droit au but qu\u2019il avait dit<br \/>\nEt fut sacr\u00e9e victorieuse .<\/p>\n<p>Moralit\u00e9(s) :<br \/>\n\u00ab Papillons, prenez garde \u00e0 la gent libellule<br \/>\nSi vous ne voulez pas vous rendre ridicules.\u00bb<\/p>\n<p>\u00ab Et vous, mes chers enfants, relisez La Fontaine,<br \/>\nQui peignit finement la com\u00e9die humaine ,<br \/>\nFut \u2014 perruque largu\u00e9e \u2014 un proto-\u00e9colo,<br \/>\nEt tr\u00e8s, tr\u00e8s librement croqua les animaux :<br \/>\nSon li\u00e8vre \u2014 qu\u2019il montra ailleurs comme un couard \u2014<br \/>\nRaille Dame Tortue de mani\u00e8re vilaine,<br \/>\nPrend tout son temps, telle une loche en sa Touraine ,<br \/>\nEnfin oublie sa course et perd &#8230; fatal retard ! \u00bb<\/p>\n<p>\u00ab Ah, non ! \u00e7a ne va pas, Monsieur de La Fontaine !<br \/>\nIl nous arrive \u00e0 tous, certes, d\u2018\u00eatre distraits,<br \/>\nMais d\u00e8s lors que notre amour-propre est impliqu\u00e9,<br \/>\nQu\u2019on est piqu\u00e9 au vif, qu\u2019on se sent d\u00e9fi\u00e9,<br \/>\nUne peur nous saisit : peur de perdre la face<br \/>\nEt d\u2018\u00eatre la ris\u00e9e des railleurs qui jacassent ;<br \/>\nVotre li\u00e8vre \u00e9tourdi, vaniteux, goguenard<br \/>\nEst, quand il faut courir, un minable tocard ;<br \/>\nJe les crois peu nombreux, ces bouffis de jactance<br \/>\nL\u00e9gers au point d\u2019en oublier la concurrence ;<br \/>\nN\u2019ayant pas rencontr\u00e9 de tels antih\u00e9ros,<br \/>\nJe pr\u00e9f\u00e8re oublier votre pauvre z\u00e9ro.<br \/>\nIl est bien rare qu\u2019un de vos r\u00e9cits me g\u00eane,<br \/>\nMoi qui vous aime bien, Monsieur de la Fontaine.\u00bb<\/p>\n<p>&#8212;&#8212;&#8212;&#8212;&#8211;<\/p>\n<p>A quoi un autre admirateur du fabuliste r\u00e9pond :<\/p>\n<p>\u00ab Le po\u00e8te tenait \u00e0 tirer de sa fable<br \/>\nTout le suc d\u2019un enseignement ;<br \/>\nAlors, que son h\u00e9ros soit ou non vraisemblable,<br \/>\nIl s\u2019en fichait \u00e9perdument ! \u00bb<\/p>\n<p>&#8212;&#8212;&#8212;&#8212;&#8212;<\/p>\n<p>Devinette :<br \/>\nO\u00f9 croyez-vous que l\u2019on trouve la forme \u00ab maline \u00bb(au lieu de \u00ab maligne \u00bb) utilis\u00e9e ci-dessus ?\u00a0 \u00a0 \u00a0 \u00a0 \u00a0 \u00a0 \u00a0 \u00a0 \u00a0 \u00a0 \u00a0 \u00a0 \u00a0 \u00a0 \u00a0 \u00a0 \u00a0 \u00a0 \u00a0 \u00a0 \u00a0 \u00a0 \u00a0 \u00a0 \u00a0 \u00a0 \u00a0 \u00a0 \u00a0 \u00a0 \u00a0 \u00a0 \u00a0 \u00a0 \u00a0 \u00a0 \u00a0 \u00a0 \u00a0 \u00a0 \u00a0 \u00a0 \u00a0 \u00a0 \u00a0 \u00a0 \u00a0 &#8212;Sous la plume de Jean de la Fontaine , Fables VI.<\/p>\n","protected":false},"excerpt":{"rendered":"<p>Un jour le papillon dit \u00e0 la demoiselle : \u00ab Je vous vois tous les jours chasser les moucherons Au dessus du ruisseau, des iris d\u2019eau, des pr\u00e8les , Aussi permettez-moi une proposition : Lequel de nous parvient le premier \u00e0 ce h\u00eatre&#8221; Sous lequel le troupeau, quand il fait chaud, va pa\u00eetre ?\u00bb C\u2019est &hellip; <a href=\"https:\/\/le-moulin-a-poivre.fr\/?page_id=52\" class=\"more-link\">Continue reading <span class=\"screen-reader-text\">La demoiselle et le papillon<\/span><\/a><\/p>\n","protected":false},"author":1,"featured_media":0,"parent":0,"menu_order":0,"comment_status":"closed","ping_status":"closed","template":"","meta":{"footnotes":""},"class_list":["post-52","page","type-page","status-publish","hentry"],"_links":{"self":[{"href":"https:\/\/le-moulin-a-poivre.fr\/index.php?rest_route=\/wp\/v2\/pages\/52","targetHints":{"allow":["GET"]}}],"collection":[{"href":"https:\/\/le-moulin-a-poivre.fr\/index.php?rest_route=\/wp\/v2\/pages"}],"about":[{"href":"https:\/\/le-moulin-a-poivre.fr\/index.php?rest_route=\/wp\/v2\/types\/page"}],"author":[{"embeddable":true,"href":"https:\/\/le-moulin-a-poivre.fr\/index.php?rest_route=\/wp\/v2\/users\/1"}],"replies":[{"embeddable":true,"href":"https:\/\/le-moulin-a-poivre.fr\/index.php?rest_route=%2Fwp%2Fv2%2Fcomments&post=52"}],"version-history":[{"count":9,"href":"https:\/\/le-moulin-a-poivre.fr\/index.php?rest_route=\/wp\/v2\/pages\/52\/revisions"}],"predecessor-version":[{"id":2920,"href":"https:\/\/le-moulin-a-poivre.fr\/index.php?rest_route=\/wp\/v2\/pages\/52\/revisions\/2920"}],"wp:attachment":[{"href":"https:\/\/le-moulin-a-poivre.fr\/index.php?rest_route=%2Fwp%2Fv2%2Fmedia&parent=52"}],"curies":[{"name":"wp","href":"https:\/\/api.w.org\/{rel}","templated":true}]}}