{"id":50,"date":"2013-03-12T20:40:43","date_gmt":"2013-03-12T20:40:43","guid":{"rendered":"http:\/\/le-moulin-a-poivre.fr\/?page_id=50"},"modified":"2022-06-22T14:48:42","modified_gmt":"2022-06-22T14:48:42","slug":"les-tribulations-dun-champion","status":"publish","type":"page","link":"https:\/\/le-moulin-a-poivre.fr\/?page_id=50","title":{"rendered":"Les tribulations d&#8217;un champion"},"content":{"rendered":"<p>\u00ab Je suis le lapin Tourannxel,<br \/>\nOn dit que c\u2019est gr\u00e2ce \u00e0 mes piles<br \/>\nQue j\u2019ai la victoire facile<br \/>\nMais je suis exceptionnel ;<br \/>\nUn lapin qui court comme moi,<br \/>\nQui franchit d\u2019un bond deux clairi\u00e8res,<br \/>\nPuis \u00e0 la nage la rivi\u00e8re,<br \/>\nVous en connaissez, vous ? Moi pas .<\/p>\n<p>D\u00e9j\u00e0 \u00e0 l\u2018\u00e9cole primaire,<br \/>\nEn courant sur la piste nue,<br \/>\nJe laissais les autres derri\u00e8re,<br \/>\nMa m\u00e8re en pleurait, tout \u00e9mue !<\/p>\n<p>Un peu plus tard, le marathon,<br \/>\n(\u00ab Pour les cingl\u00e9s, \u00bb disait mon p\u00e8re )<br \/>\nA l\u2019arriv\u00e9e, pas d\u2019ovation :<br \/>\nTout le monde \u00e9tait loin derri\u00e8re !<\/p>\n<p>Plus tard j\u2019ai gagn\u00e9 tant de prix<br \/>\nQue des jaloux, ex-adversaires<br \/>\nEn justice m\u2019ont poursuivi \u2014<br \/>\nM\u2019ont poursuivi, ouais, \u2026 loin derri\u00e8re !<\/p>\n<p>Ils se sont fait greffer des piles,<br \/>\nMais n\u2019ont pas vu, les imb\u00e9ciles,<br \/>\nOutre mon mat\u00e9riel l\u00e9ger,<br \/>\nQue j\u2018\u00e9tais super-entra\u00een\u00e9,<br \/>\nQue j\u2018\u00e9tais super-motiv\u00e9,<br \/>\nQue les enfants de notre \u00e9cole<br \/>\nAinsi que la lapinopole<br \/>\n\u00c9taient pr\u00eats \u00e0 m\u2019encourager \u2026<br \/>\nDe sorte qu&#8217;ils partaient battus,<br \/>\nSachant qu\u2019ils allaient voir mon Q,<br \/>\nIl m&#8217;aurait fallu les comprendre,<br \/>\nJ\u2019aurais d\u00fb voir, je n\u2019ai pas vu,<br \/>\nJe n\u2019ai su alors que me vendre .<\/p>\n<p>&#8212;&#8212;&#8212;&#8212;&#8212;&#8212;&#8212;&#8212;&#8212;&#8212;&#8212;&#8212;&#8212;&#8212;&#8212;&#8212;&#8212;&#8212;&#8212;<\/p>\n<p>Tout commen\u00e7a pr\u00e8s du Louroux :<br \/>\nUne lapine s\u00e9duisante,<br \/>\nQui me dit :\u00ab je suis ta<span style=\"font-size: 1rem;\">\u00a0<\/span><span style=\"font-size: 1rem;\">parente \u00bb<br \/>\n<span style=\"font-size: 1rem;\">M&#8217;embrassa<span style=\"font-size: 1rem;\">\u00a0et m\u2019offrit un chou :<br \/>\nModeste d\u00e9but d\u2019une pente,<br \/>\nQui s&#8217;accompagna\u00a0d\u2019une rente<br \/>\nEt me mit un collet au cou.<\/p>\n<p>Ce chou, pourquoi l\u2019ai-je accept\u00e9 ?<br \/>\nDepuis, bien des publicitaires<br \/>\nPleuvent chez moi sans se g\u00eaner ;<br \/>\nB.C.B.G., ces cong\u00e9n\u00e8res,<br \/>\nMais dois-je avec eux faire affaire<br \/>\nOu bien m\u2019inspirer d\u2019une chasse<br \/>\nO\u00f9 me coursaient des chiens courants ?<br \/>\nLe Louroux \u00e9tait tout en blanc,<br \/>\nJe les attirai sur la glace,<br \/>\nPuis d\u00e9brouillez-vous dans l\u2018\u00e9tang !<\/p>\n<p>J\u2019ai c\u00e9d\u00e9 aux voix des sir\u00e8nes,<br \/>\nJ\u2019ai c\u00e9d\u00e9 contre ma raison,\u00a0<br \/>\nEt ce soir, sous la lune pleine, \u00a0 \u00a0 \u00a0 \u00a0 \u00a0 \u00a0 \u00a0 \u00a0 \u00a0 \u00a0 \u00a0 \u00a0 \u00a0 \u00a0 \u00a0 \u00a0 \u00a0<br \/>\nJe sourirai pour les antennes,<br \/>\nDirai deux vers de mirliton,<br \/>\nEt ramasserai pour ma peine<br \/>\nPlusieurs poign\u00e9es de picaillons ;<br \/>\nPlus tard, en portant \u00e0 mes l\u00e8vres<br \/>\nComme en extase, ce soda,<br \/>\nJe pourrai voguer sur mes r\u00eaves<br \/>\nDe Monaco \u00e0 Las Vegas ;<br \/>\nJ\u2019ai c\u00e9d\u00e9 aux voix des sir\u00e8nes,<br \/>\nJe roule sur des monceaux d\u2019or,<br \/>\nGrande fiesta dans la garenne,<br \/>\nMais j\u2019ai au coeur comme un remords.<\/p>\n<p>&#8212;&#8212;&#8212;&#8212;&#8212;&#8212;&#8212;&#8212;&#8212;&#8212;&#8211;<\/p>\n<p>Mon enfance\u2026. je la regrette !<br \/>\nDe bons souvenirs j\u2019en ai plein ;<br \/>\nLes clairs de lune \u00e9taient chouettes<br \/>\nEt nous savions faire la f\u00eate ;<br \/>\nO\u00f9 sont pass\u00e9s les bons copains ?<\/p>\n<p>O\u00f9 \u00eates-vous, Dor et Dor\u00e8ne,<br \/>\nAimables veilleurs de nos nuits ?<br \/>\nDans le Rallye de la Luzerne<br \/>\nVos yeux balisaient le circuit ;<br \/>\nO\u00f9 est Caramba\u00a0 le Pirate<br \/>\nQui nous donnait de grands frissons<br \/>\nEn pointant sur notre fr\u00e9gate<br \/>\nSon sabre, \u2014 une queue de po\u00ealon ?<br \/>\nEt celui qu\u2019on nommait \u00ab Grand Fr\u00e8re, \u00bb<br \/>\nQui se moquait d\u2019\u00ab il a mouru ?\u00bb<br \/>\nPendant la Course en Solitaire,<br \/>\n<em>Au coin du bois il disparut<\/em> ;<\/p>\n<p>O\u00f9 est Gryseldys ma copine,<br \/>\nEn permission jusqu\u2018\u00e0 minuit ,<br \/>\nMais sa m\u00e8re avec sa badine<br \/>\nNe voulut pas l\u2019entendre ainsi ?<br \/>\nEt son amie La C\u00e9lestine<br \/>\nQui voulait m\u2019apprendre les pas,<br \/>\nLes gliss\u00e9s et les entrelacs<br \/>\nDu tango comme en Argentine ?<br \/>\nQuel orage elle d\u00e9cha\u00eena !<br \/>\nO\u00f9 sont Pom, Flu, Kori, Chupette,<br \/>\nJ\u2019ai retenu quelques pr\u00e9noms<br \/>\nMais sans doute avais-je la t\u00eate<br \/>\nAilleurs lors des pr\u00e9sentations ?<\/p>\n<p>Devenus grands \u2014 et chauds lapins,<br \/>\nNous carburions \u00e0 la carotte ;<br \/>\nA\u00efe ! revoil\u00e0 mon mal aux reins,<br \/>\nJe le dois aux chasseurs du coin<br \/>\nQui nous faisaient payer la note !<br \/>\nO\u00f9 sont nos joutes printani\u00e8res ?<br \/>\nH\u00e9las, le bonheur s\u2019est enfui,<br \/>\nEt je crains que pas mal d\u2019amis<br \/>\nNe soient partis en gibeci\u00e8res !<\/p>\n<p>\u00b0\u00b0\u00b0\u00b0\u00b0\u00b0\u00b0\u00b0\u00b0\u00b0\u00b0\u00b0\u00b0\u00b0\u00b0\u00b0\u00b0\u00b0\u00b0\u00b0\u00b0\u00b0\u00b0\u00b0\u00b0\u00b0\u00b0\u00b0\u00b0\u00b0\u00b0\u00b0\u00b0\u00b0\u00b0\u00b0\u00b0\u00b0\u00b0\u00b0\u00b0\u00b0<br \/>\nAh, mis\u00e8re ! La gent lapine<br \/>\nA bien chang\u00e9 au fil des ans,<br \/>\nMais pas, h\u00e9las, dans le bon sens !<br \/>\nPlus de joie ! Partout d\u00e9gouline<br \/>\nLe fiel des m\u00e9contentements ;<br \/>\nIci les cancans assassinent,<br \/>\nLes t\u00eates sont d\u2019enterrement ;<br \/>\nM\u00eame un pet de travers banal<br \/>\nVous exp\u00e9die au tribunal,<br \/>\nC\u2019est le r\u00e8gne des malveillants ;<\/p>\n<p>Le bien-\u00eatre que je r\u00eavais<br \/>\nDe leur donner par mes richesses<br \/>\nChez ces ingrats a fait germer<br \/>\nCalomnies, jalousies, bassesse ;<br \/>\nHier ils parlaient d\u2019un air narquois<br \/>\nDe ma pile et de leur piquouse ;<br \/>\nSur ce j\u2019apprends par mon \u00e9pouse<br \/>\nQu\u2019ils vont m\u2019attendre <em>au coin du bois<\/em> !<\/p>\n<p>Vite, vite ! Enlevez mes piles !<br \/>\nFistons ! D\u00e9branchons leurs ragots !<br \/>\nD\u2019ailleurs les piles m\u2019horripilent !<br \/>\nCes chacals n\u2019auront pas ma peau !<br \/>\nMa ch\u00e8re \u00e9pouse, chers fistons,<br \/>\nToujours gagner, c\u2019est monotone,<br \/>\nJe sens m\u2018\u00e9chapper ma couronne,<br \/>\n( Tant pis si j\u2019y laisse des ronds ! )<br \/>\nCe soir, Grande Course au Pognon :<br \/>\nJ\u2019annoncerai que j\u2019abandonne !\u00a0\u00bb<\/p>\n","protected":false},"excerpt":{"rendered":"<p>\u00ab Je suis le lapin Tourannxel, On dit que c\u2019est gr\u00e2ce \u00e0 mes piles Que j\u2019ai la victoire facile Mais je suis exceptionnel ; Un lapin qui court comme moi, Qui franchit d\u2019un bond deux clairi\u00e8res, Puis \u00e0 la nage la rivi\u00e8re, Vous en connaissez, vous ? Moi pas . D\u00e9j\u00e0 \u00e0 l\u2018\u00e9cole primaire, En &hellip; <a href=\"https:\/\/le-moulin-a-poivre.fr\/?page_id=50\" class=\"more-link\">Continue reading <span class=\"screen-reader-text\">Les tribulations d&#8217;un champion<\/span><\/a><\/p>\n","protected":false},"author":1,"featured_media":0,"parent":0,"menu_order":0,"comment_status":"closed","ping_status":"closed","template":"","meta":{"footnotes":""},"class_list":["post-50","page","type-page","status-publish","hentry"],"_links":{"self":[{"href":"https:\/\/le-moulin-a-poivre.fr\/index.php?rest_route=\/wp\/v2\/pages\/50","targetHints":{"allow":["GET"]}}],"collection":[{"href":"https:\/\/le-moulin-a-poivre.fr\/index.php?rest_route=\/wp\/v2\/pages"}],"about":[{"href":"https:\/\/le-moulin-a-poivre.fr\/index.php?rest_route=\/wp\/v2\/types\/page"}],"author":[{"embeddable":true,"href":"https:\/\/le-moulin-a-poivre.fr\/index.php?rest_route=\/wp\/v2\/users\/1"}],"replies":[{"embeddable":true,"href":"https:\/\/le-moulin-a-poivre.fr\/index.php?rest_route=%2Fwp%2Fv2%2Fcomments&post=50"}],"version-history":[{"count":21,"href":"https:\/\/le-moulin-a-poivre.fr\/index.php?rest_route=\/wp\/v2\/pages\/50\/revisions"}],"predecessor-version":[{"id":2780,"href":"https:\/\/le-moulin-a-poivre.fr\/index.php?rest_route=\/wp\/v2\/pages\/50\/revisions\/2780"}],"wp:attachment":[{"href":"https:\/\/le-moulin-a-poivre.fr\/index.php?rest_route=%2Fwp%2Fv2%2Fmedia&parent=50"}],"curies":[{"name":"wp","href":"https:\/\/api.w.org\/{rel}","templated":true}]}}