{"id":49,"date":"2013-03-12T20:37:19","date_gmt":"2013-03-12T20:37:19","guid":{"rendered":"http:\/\/le-moulin-a-poivre.fr\/?page_id=49"},"modified":"2024-12-05T15:57:45","modified_gmt":"2024-12-05T15:57:45","slug":"ballade-du-coteau-de-la-loire-a-tours","status":"publish","type":"page","link":"https:\/\/le-moulin-a-poivre.fr\/?page_id=49","title":{"rendered":"Ballade du coteau de la Loire \u00e0 Tours"},"content":{"rendered":"<p><a href=\"https:\/\/le-moulin-a-poivre.fr\/wp-content\/uploads\/vue2.jpg\"><img decoding=\"async\" class=\" wp-image-2623 alignleft\" src=\"https:\/\/le-moulin-a-poivre.fr\/wp-content\/uploads\/vue2-300x145.jpg\" alt=\"\" width=\"648\" height=\"313\" srcset=\"https:\/\/le-moulin-a-poivre.fr\/wp-content\/uploads\/vue2-300x145.jpg 300w, https:\/\/le-moulin-a-poivre.fr\/wp-content\/uploads\/vue2-1024x496.jpg 1024w, https:\/\/le-moulin-a-poivre.fr\/wp-content\/uploads\/vue2-768x372.jpg 768w, https:\/\/le-moulin-a-poivre.fr\/wp-content\/uploads\/vue2-1536x743.jpg 1536w, https:\/\/le-moulin-a-poivre.fr\/wp-content\/uploads\/vue2-2048x991.jpg 2048w\" sizes=\"(max-width: 648px) 100vw, 648px\" \/><\/a><\/p>\n<p>Le coteau de chez nous au dessus de \u00a0la Loire,<br \/>\nEst ici un apic; t\u00e9moin de son histoire,<br \/>\nLe blanc tuffeau sculpt\u00e9 sur des millions d\u2019ann\u00e9es<br \/>\nEt encore aujourd\u2019hui constamment travaill\u00e9.<\/p>\n<p>Il a vu d\u00e9filer des si\u00e8cles, des saisons,<br \/>\nDes crues, des mascarets, d&#8217;\u00e9tranges floraisons,<br \/>\nDe grands tric\u00e9ratops et des tyrannosaures<br \/>\nQui criaient au combat leur furie carnivore,<br \/>\n\u00c9crasaient l\u2019ennemi, \u00e9crasaient la vall\u00e9e.<\/p>\n<p>Plus tard, beaucoup plus tard, la Loire \u00e9tant gel\u00e9e,<br \/>\nLe coteau accueillit dans le creux d\u2019un rocher<br \/>\nLa tribu des chasseurs charg\u00e9s d\u2019un gros gibier ;<br \/>\nIls riaient, ils pleuraient ! hommes, femmes, petits,<br \/>\nNarguant \u00e0 coups d\u2018\u00e9pieu la terreur de leurs nuits !<br \/>\nPeu apr\u00e8s le fumet des viandes sur les braises<br \/>\nS\u2018\u00e9leva, solennel, leur chant de la falaise ;<br \/>\nEt le dieu du foyer leur offrit dans le froid<br \/>\nSa chaleur parfum\u00e9e, sa lumi\u00e8re et sa joie !<\/p>\n<p>Plus tard vinrent les d\u00e9fricheurs, l\u2019agriculture,<br \/>\nLes grains mis de c\u00f4t\u00e9, soupes\u00e9s dans les mains,<br \/>\nMais qu\u2019il faut bien un jour confier \u00e0 la nature ;<br \/>\nEnfin, pour c\u00e9l\u00e9brer cette rude aventure,<br \/>\nLes premiers vignerons buvant leur premier vin.<\/p>\n<p>De notre beau coteau au dessus de la Loire,<br \/>\nOn peut voir la cit\u00e9 dans sa plus grande gloire<br \/>\nQuand le couchant r\u00e9pand sa lumi\u00e8re dor\u00e9e ;<br \/>\nLes tours de Saint\u2013Gatien en sont toutes nimb\u00e9es<br \/>\nAinsi que notre pr\u00e9 du coteau lig\u00e9rien ;<\/p>\n<p>Ici les Capucins eurent leur promenoir ;<br \/>\nLe Tr\u00e8s saint cr\u00e9ateur des \u00eatres et des choses,<br \/>\nIls le sentaient pr\u00e9sent dans le parfum des roses,<br \/>\nCr\u00e9atures comme eux ; et sur ce promontoire<br \/>\nIls l\u2019adoraient, sentant qu&#8217;une gr\u00e2ce repose.<\/p>\n<p>Delacroix et Turner, \u00e0 l\u2019aquarelle ou l\u2019huile,<br \/>\nOnt peint l\u2019azur l\u00e9ger, les bateaux et la Loire ;<br \/>\nD\u2019ici des artilleurs ont incendi\u00e9 la ville,<br \/>\nC\u2019est vrai ; mais le spectacle est tellement tranquille<br \/>\nQu\u2019on oublie ais\u00e9ment les fureurs de l&#8217;Histoire.<\/p>\n<p>Sur notre cher coteau de Saint Symphorien,<br \/>\n(Mais la ville s\u2018accro\u00eet vers l\u2018\u00e9toile du Nord,)<br \/>\nS&#8217;\u00e9tend notre prairie, vou\u00e9e nagu\u00e8re aux sports,<br \/>\nMais depuis quelques mois livr\u00e9e aux herbes folles,<br \/>\nO\u00f9 chantent les grillons, innocentes bestioles.<\/p>\n<p><a href=\"https:\/\/le-moulin-a-poivre.fr\/wp-content\/uploads\/vue1.jpg\"><img decoding=\"async\" class=\" wp-image-2622 alignleft\" src=\"https:\/\/le-moulin-a-poivre.fr\/wp-content\/uploads\/vue1-300x189.jpg\" alt=\"\" width=\"665\" height=\"419\" srcset=\"https:\/\/le-moulin-a-poivre.fr\/wp-content\/uploads\/vue1-300x189.jpg 300w, https:\/\/le-moulin-a-poivre.fr\/wp-content\/uploads\/vue1-1024x644.jpg 1024w, https:\/\/le-moulin-a-poivre.fr\/wp-content\/uploads\/vue1-768x483.jpg 768w, https:\/\/le-moulin-a-poivre.fr\/wp-content\/uploads\/vue1-1536x966.jpg 1536w, https:\/\/le-moulin-a-poivre.fr\/wp-content\/uploads\/vue1-2048x1288.jpg 2048w\" sizes=\"(max-width: 665px) 100vw, 665px\" \/><\/a><\/p>\n<p>Un jour, sur notre pr\u00e9 au dessus de la Loire,<br \/>\nParlent des beaux messieurs, descendus de voiture,<br \/>\nPestent contre la boue sur leurs belles chaussures<br \/>\nEt appellent &#8220;fouillis&#8221; toutes ces herbes folles<br \/>\nO\u00f9 l&#8217;enfance au printemps se roule et batifole.<\/p>\n<p>&#8220;Un grand lotissement va d\u00e9marrer bon train<br \/>\n&#8220;Sur la verte prairie ch\u00e8re \u00e0 St Symphorien;<br \/>\nLes gens du b\u00e2timent sont fiers de faire utile,<br \/>\nDe couvrir de maisons cette &#8220;friche \u00e0 reptiles.&#8221;<\/p>\n<p>Sur le terrain de sport une plaie est ouverte,<br \/>\nLes pistes et les buts ont d\u00e9j\u00e0 disparu ;<br \/>\nNos enfants, maintenant rejet\u00e9s dans la rue,<br \/>\nVont pleurer en secret leur p\u00e9riode verte<br \/>\nEt la belle promesse, h\u00e9las, jamais tenue.<\/p>\n<p>Fini le pr\u00e9, finis les rires juv\u00e9niles,<br \/>\nL&#8217;argent va t-il passer avant la chlorophylle ?<br \/>\nLes grillons, les petits musiciens de la nuit,<br \/>\nEt l\u2019oisillon nouveau par les travaux surpris<br \/>\nSeraient sous le b\u00e9ton \u2014 et notre c\u0153ur aussi .<\/p>\n<p>Un germain n\u2019est-il pas un cousin ou un fr\u00e8re ?<br \/>\nDe ses fr\u00e8res humains n\u2019a t-il pas le souci ?<br \/>\nAussi demandons-nous, confiants, \u00e0 notre maire<br \/>\nQue soit ouvert \u00e0 tous le pr\u00e9 du belv\u00e9d\u00e8re ,<br \/>\nDes jeux, des chants d\u2019oiseaux, du Tr\u00e8s Haut dans sa gloire<br \/>\nSur notre cher coteau au dessus de la Loire.<\/p>\n<p>&#8212;&#8212;&#8212;&#8212;&#8212;&#8212;&#8212;&#8212;&#8212;&#8212;&#8212;&#8212;&#8212;&#8212;&#8212;<\/p>\n<p>Le coteau auquel il est fait allusion ici est celui qui domine la Loire au nord. L\u00e0 se trouve un bel espace vert de 2 ha, avec vue notamment sur les vieux toits et sur les tours de la cath\u00e9drale St Gatien.\u00a0La rumeur de la ville, sa respiration, y parvient, affaiblie. Ce lieu propice \u00e0 la d\u00e9tente, \u00e0 la convivialit\u00e9, \u00e0 la r\u00eaverie, nous esp\u00e9rions qu\u2019il serait prot\u00e9g\u00e9 des constructions de la cupidit\u00e9 et ouvert au public. Mais M. Jean Germain, maire de Tours de 1995 \u00e0 2014, est rest\u00e9 sourd aux demandes des habitants du plateau nord. Sa municipalit\u00e9 s&#8217;est vant\u00e9e d&#8217;\u00eatre \u00e0 la t\u00eate de la ville fran\u00e7aise la plus riche en espaces verts par habitant ; mais elle ne disait pas que, dans ce classement, chaque arbre plant\u00e9 le long des avenues \u00e9tait compt\u00e9 comme espace vert. Cette ballade du coteau, \u00e9crite aux alentours de l&#8217;an 2000, s&#8217;est mu\u00e9e en complainte au fil des ans : le b\u00e9tonnage a \u00e9t\u00e9 pouss\u00e9 \u00e0 l&#8217;extr\u00eame sur tout St Symphorien, au point qu&#8217;en 2022 la municipalit\u00e9 \u00e9colo de Tours, en qu\u00eate de terrains susceptibles de fournir des jardins publics de proximit\u00e9, se dit pr\u00eate \u00e0 acheter des parcelles \u00e0 leurs propri\u00e9taires, et en attendant, va planter des &#8220;minifor\u00eats&#8221; (sic) et des &#8220;\u00eelots de fra\u00eecheur&#8221; pour remplacer des &#8220;\u00eelots de chaleur.&#8221;<br \/>\n!<\/p>\n","protected":false},"excerpt":{"rendered":"<p>Le coteau de chez nous au dessus de \u00a0la Loire, Est ici un apic; t\u00e9moin de son histoire, Le blanc tuffeau sculpt\u00e9 sur des millions d\u2019ann\u00e9es Et encore aujourd\u2019hui constamment travaill\u00e9. Il a vu d\u00e9filer des si\u00e8cles, des saisons, Des crues, des mascarets, d&#8217;\u00e9tranges floraisons, De grands tric\u00e9ratops et des tyrannosaures Qui criaient au combat &hellip; <a href=\"https:\/\/le-moulin-a-poivre.fr\/?page_id=49\" class=\"more-link\">Continue reading <span class=\"screen-reader-text\">Ballade du coteau de la Loire \u00e0 Tours<\/span><\/a><\/p>\n","protected":false},"author":1,"featured_media":0,"parent":0,"menu_order":0,"comment_status":"closed","ping_status":"closed","template":"","meta":{"footnotes":""},"class_list":["post-49","page","type-page","status-publish","hentry"],"_links":{"self":[{"href":"https:\/\/le-moulin-a-poivre.fr\/index.php?rest_route=\/wp\/v2\/pages\/49","targetHints":{"allow":["GET"]}}],"collection":[{"href":"https:\/\/le-moulin-a-poivre.fr\/index.php?rest_route=\/wp\/v2\/pages"}],"about":[{"href":"https:\/\/le-moulin-a-poivre.fr\/index.php?rest_route=\/wp\/v2\/types\/page"}],"author":[{"embeddable":true,"href":"https:\/\/le-moulin-a-poivre.fr\/index.php?rest_route=\/wp\/v2\/users\/1"}],"replies":[{"embeddable":true,"href":"https:\/\/le-moulin-a-poivre.fr\/index.php?rest_route=%2Fwp%2Fv2%2Fcomments&post=49"}],"version-history":[{"count":56,"href":"https:\/\/le-moulin-a-poivre.fr\/index.php?rest_route=\/wp\/v2\/pages\/49\/revisions"}],"predecessor-version":[{"id":3289,"href":"https:\/\/le-moulin-a-poivre.fr\/index.php?rest_route=\/wp\/v2\/pages\/49\/revisions\/3289"}],"wp:attachment":[{"href":"https:\/\/le-moulin-a-poivre.fr\/index.php?rest_route=%2Fwp%2Fv2%2Fmedia&parent=49"}],"curies":[{"name":"wp","href":"https:\/\/api.w.org\/{rel}","templated":true}]}}