{"id":38,"date":"2013-03-12T20:06:45","date_gmt":"2013-03-12T20:06:45","guid":{"rendered":"http:\/\/le-moulin-a-poivre.fr\/?page_id=38"},"modified":"2021-06-06T15:09:43","modified_gmt":"2021-06-06T15:09:43","slug":"lageasse","status":"publish","type":"page","link":"https:\/\/le-moulin-a-poivre.fr\/?page_id=38","title":{"rendered":"L&#8217;ageasse"},"content":{"rendered":"<p>\u00ab Avez-vous vu la grande ageasse (1)<br \/>\nSur la colline ces jours-ci ?<br \/>\nElle a ses peurs et ses audaces<br \/>\nEt qui sait ? raconte ses chasses<br \/>\nComme cr\u00e9celle aimant le bruit. \u00bb<\/p>\n<p>\u00ab Moi, je l\u2019ai vue discr\u00e8te et calme,<br \/>\nC\u2018\u00e9tait hier dans la paix du soir,<br \/>\nAssassine cachant sa lame,<br \/>\nPuis elle fit force de rames,<br \/>\nLa suite me fit peine \u00e0 voir :\u00bb<\/p>\n<p>\u00ab Car j\u2019assistai \u00e0 la poursuite<br \/>\nDe l\u2019oiselet, mon doux ami ;<br \/>\nQue pouvait-il ? Il prit la fuite,<br \/>\nElle vola toujours plus vite<br \/>\nEt finalement le saisit ;\u00a0\u00bb<\/p>\n<p>\u00ab Et de loin je vis le rapace<br \/>\nD\u00e9chiqueter mon bel oiseau,<br \/>\nN\u2019en laisser que plumes sur place,<br \/>\nJe suppliai en vain la garce,<br \/>\nAutant m\u2019adresser \u00e0 l\u2018\u00e9cho ! \u00bb<\/p>\n<p>\u00ab Je fis un r\u00eave peu apr\u00e8s :<br \/>\nJe tuai maintes fois l\u2019ageasse,<br \/>\nMais alors des voix s\u2018\u00e9levaient<br \/>\nQui me suppliaient : \u201dGr\u00e2ce ! Gr\u00e2ce !\u201c<br \/>\nJe crus entendre l\u2019oiselet.\u00a0\u00bb<\/p>\n<p>\u00ab Tes propos ainsi que tes larmes<br \/>\nDisent combien tu es meurtri ;<br \/>\nCependant arr\u00eate tes bl\u00e2mes,<br \/>\nCette p\u00e9core n\u2019a pas d\u2018\u00e2me<br \/>\nEt m\u00e9rite plut\u00f4t l\u2019oubli ;\u00bb<\/p>\n<p>\u00ab C&#8217;est vrai, elle semble maligne,<br \/>\nMais, recluse dans sa noirceur,<br \/>\nElle ne sait ni ne devine<br \/>\nQue l\u2019attend sur l\u2019autre colline<br \/>\nLe jugement des \u00e9corcheurs.\u00bb<\/p>\n<p>(1) Ageasse: pie-gri\u00e8che grise. Se nourrit d\u2019insectes et de petits oiseaux ; appel\u00e9e aussi \u00e9corcheur. A l\u2018\u00e9poque de la fauconnerie, \u00e9tait parfois dress\u00e9e \u00e0 chasser les petits oiseaux. (le Larousse)<\/p>\n","protected":false},"excerpt":{"rendered":"<p>\u00ab Avez-vous vu la grande ageasse (1) Sur la colline ces jours-ci ? Elle a ses peurs et ses audaces Et qui sait ? raconte ses chasses Comme cr\u00e9celle aimant le bruit. \u00bb \u00ab Moi, je l\u2019ai vue discr\u00e8te et calme, C\u2018\u00e9tait hier dans la paix du soir, Assassine cachant sa lame, Puis elle fit &hellip; <a href=\"https:\/\/le-moulin-a-poivre.fr\/?page_id=38\" class=\"more-link\">Continue reading <span class=\"screen-reader-text\">L&#8217;ageasse<\/span><\/a><\/p>\n","protected":false},"author":1,"featured_media":0,"parent":0,"menu_order":0,"comment_status":"closed","ping_status":"closed","template":"","meta":{"footnotes":""},"class_list":["post-38","page","type-page","status-publish","hentry"],"_links":{"self":[{"href":"https:\/\/le-moulin-a-poivre.fr\/index.php?rest_route=\/wp\/v2\/pages\/38","targetHints":{"allow":["GET"]}}],"collection":[{"href":"https:\/\/le-moulin-a-poivre.fr\/index.php?rest_route=\/wp\/v2\/pages"}],"about":[{"href":"https:\/\/le-moulin-a-poivre.fr\/index.php?rest_route=\/wp\/v2\/types\/page"}],"author":[{"embeddable":true,"href":"https:\/\/le-moulin-a-poivre.fr\/index.php?rest_route=\/wp\/v2\/users\/1"}],"replies":[{"embeddable":true,"href":"https:\/\/le-moulin-a-poivre.fr\/index.php?rest_route=%2Fwp%2Fv2%2Fcomments&post=38"}],"version-history":[{"count":12,"href":"https:\/\/le-moulin-a-poivre.fr\/index.php?rest_route=\/wp\/v2\/pages\/38\/revisions"}],"predecessor-version":[{"id":2369,"href":"https:\/\/le-moulin-a-poivre.fr\/index.php?rest_route=\/wp\/v2\/pages\/38\/revisions\/2369"}],"wp:attachment":[{"href":"https:\/\/le-moulin-a-poivre.fr\/index.php?rest_route=%2Fwp%2Fv2%2Fmedia&parent=38"}],"curies":[{"name":"wp","href":"https:\/\/api.w.org\/{rel}","templated":true}]}}