{"id":33,"date":"2013-03-11T20:35:18","date_gmt":"2013-03-11T20:35:18","guid":{"rendered":"http:\/\/le-moulin-a-poivre.fr\/?page_id=33"},"modified":"2019-01-11T15:49:45","modified_gmt":"2019-01-11T15:49:45","slug":"le-parlement-des-migrateurs","status":"publish","type":"page","link":"https:\/\/le-moulin-a-poivre.fr\/?page_id=33","title":{"rendered":"Le parlement des migrateurs"},"content":{"rendered":"<p>\u00ab A l\u2019heure o\u00f9 le soleil d\u00e9cline<br \/>\nEt o\u00f9 le ciel \u00e0 l\u2019ouest rosit ,<br \/>\nLe grand c\u00e8dre \u00e0 flanc de colline<br \/>\nNous semble encor avoir grandi.\u00bb<\/p>\n<p>\u00ab Car son ombre \u00e0 pr\u00e9sent atteint<br \/>\nLes terres de notre commune;<br \/>\nOn dirait qu\u2019il nous tend les mains<br \/>\nEt nous salue au clair de lune.\u00bb<\/p>\n<p>\u00ab Notre c\u00e8dre, arbre gigantesque,<br \/>\nPar des experts fut condamn\u00e9,<br \/>\nMais nous avons jug\u00e9 grotesque<br \/>\nQue ces nains veuillent \u201c l\u2019exploiter.\u00bb<\/p>\n<p>\u00ab Tous les migrateurs de la terre<br \/>\nSavent qu\u2019ils y sont bienvenus,<br \/>\nQu\u2019il offre \u00e0 ses pensionnaires<br \/>\nLe g\u00eete comme le menu. \u00bb<\/p>\n<p>\u00ab Le soir, quand les oiseaux d\u00e9crochent<br \/>\nDe leurs longs rubans sinueux,<br \/>\nIls y trouvent grains et brioches<br \/>\nCar le village pense \u00e0 eux.\u00bb<\/p>\n<p>\u00ab L\u2019arbre leur chante des berceuses<br \/>\nEt calme les endoloris,<br \/>\nTel une harpe harmonieuse<br \/>\nDans le silence de la nuit.\u00bb<\/p>\n<p>\u00ab Et dans sa p\u00e9nombre d\u2018\u00e9glise<br \/>\nFlotte un parfum d\u00e9licieux,<br \/>\nUne essence qui tranquillise<br \/>\nLes esseul\u00e9s, les anxieux.\u00bb<\/p>\n<p>\u00ab La gent ail\u00e9e s\u2019installe et piaille,<br \/>\n\u2013 Tout le bourg en per\u00e7oit l\u2018\u00e9cho \u2013 ,<br \/>\nEt se bouscule et se chamaille,<br \/>\nC\u2019est son rite avant le repos.\u00bb<\/p>\n<p>\u00ab Les champions des longues distances<br \/>\nNe tardent pas \u00e0 s\u2019endormir,<br \/>\nMais qu\u2019une brise les balance,<br \/>\nElle \u00e9veille leurs souvenirs:\u00a0\u00bb<\/p>\n<p>\u00ab Peu \u00e0 peu \u00e9mergent en r\u00eave<br \/>\nDes choses vues les jours pass\u00e9s,<br \/>\nEt dans l\u2019ombre des sc\u00e8nes br\u00e8ves<br \/>\nNe cessent pas de les hanter;\u00bb<\/p>\n<p>\u00ab Alors \u00e0 voix basse ils se parlent<br \/>\nDes courants et des vents porteurs,<br \/>\nDes pluies gla\u00e7antes, des rafales,<br \/>\nDes rencontres, des grandes peurs ;\u00a0\u00bb<\/p>\n<p>\u00ab Des coups de feu, des coups du sort<br \/>\nQui dans les grands vols font des vides<br \/>\nEt de festins o\u00f9 les avides<br \/>\nSont, h\u00e9las, saisis par la mort; \u00bb<\/p>\n<p>\u00ab\u00a0Je me souviens \u2026 dans les H\u00e9brides,<br \/>\nOn entendait une chanson<br \/>\nSur dioxine et pesticides,<br \/>\n\u201cNos whiskys se jouent des poisons ! \u00bb<\/p>\n<p>\u00ab\u00a0Et nous, on aurait voulu boire ;<br \/>\nL\u2019eau du port \u00e9tait mazout\u00e9e<br \/>\nEt sur un tertre pr\u00e8s du phare,<br \/>\nDe dr\u00f4les de drapeaux flottaient ! \u00bb<\/p>\n<p>\u00ab\u00a0Au Pays Noir, en Angleterre,<br \/>\nO\u00f9 \u00e9taient mines et terrils,<br \/>\nDu bl\u00e9 tr\u00e8s rouge \u00e9tait \u00e0 terre ;<br \/>\nOn s\u2019est m\u00e9fi\u00e9, on a fui.\u00bb<\/p>\n<p>\u00ab\u00a0En France o\u00f9 plusieurs estuaires<br \/>\nNous r\u00e9galaient de vers marins,<br \/>\nUne algue envahit les vasi\u00e8res,<br \/>\n\u00c7a pue et te coupe la faim ;\u00bb<\/p>\n<p>\u00ab\u00a0Plus loin, dross\u00e9s vers les pyl\u00f4nes<br \/>\nA haute tension, \u00e7a t\u2018\u00e9tonne ?<br \/>\nNous avons cru devenir fous<br \/>\nDans les \u00e9clairs autour de nous ;\u00a0\u00bb<\/p>\n<p>\u00ab\u00a0De tous les chasseurs, les plus l\u00e2ches<br \/>\nSont ceux qui nous tuent dans les cols,<br \/>\nAlors que nos ailes sont lasses<br \/>\nEt que nous approchons du sol;\u00a0\u00bb<\/p>\n<p>\u00ab\u00a0Il est des chimies d\u00e9lirantes<br \/>\nDans l\u2019eau, les graines et les champs;<br \/>\nDes produits nous d\u00e9sorientent;<br \/>\nSerons-nous bient\u00f4t des errants ?\u00a0\u00bb<\/p>\n<p>\u00ab\u00a0Beaucoup d&#8217;entre nous, migrateurs,<br \/>\nVoient leurs groupes s\u2019amenuiser,<br \/>\nLa Cr\u00e9ation est souill\u00e9e,<br \/>\nL&#8217;homme g\u00e9n\u00e8re nos malheurs;\u00bb<\/p>\n<p>\u00ab\u00a0L\u2019homme est un oiseau sale et vil !<br \/>\nIl est de ceux qui chient au nid !<br \/>\nIl pue, tue, pollue, l\u2019imb\u00e9cile,<br \/>\nEt sans cesse ajoute au g\u00e2chis !<br \/>\nDe nos ennemis c\u2019est le pire ,<br \/>\nMais h\u00e9las, qui peut le d\u00e9truire ?\u00a0\u00bb<\/p>\n<p>\u00ab\u00a0Eh bien moi, qui depuis l\u2019enfance<br \/>\nEntend :\u00a0\u00ab L\u2019homme, monstre cruel,\u00bb<br \/>\nJ\u2019ai fait avec lui connaissance,<br \/>\nUn moment exceptionnel.\u00bb<\/p>\n<p>\u00ab\u00a0Tout a commenc\u00e9 par un leurre,<br \/>\nAh oui, ce jour-l\u00e0, ils m\u2019ont eue !<br \/>\nJ\u2019ai cru vivre ma derni\u00e8re heure<br \/>\nEt me suis beaucoup d\u00e9battue; \u00bb<\/p>\n<p>\u00ab\u00a0Puis, j\u2019ai vu de pr\u00e8s un visage,<br \/>\nUn sourire pench\u00e9 sur moi<br \/>\nQui m\u2019a dit : \u00ab Petite, sois sage !<br \/>\nDemain on te rel\u00e2chera ! \u00bb<\/p>\n<p>L\u00e0-dessus l&#8217;inconnu m\u2019embrasse ;<br \/>\n\u00ab Gr\u00e2ce \u00e0 toi, nous conna\u00eetrons mieux<br \/>\nVos habitudes dans l\u2019espace<br \/>\nEt vos parcours prodigieux ;\u00bb<\/p>\n<p>\u00ab Ma belle, va dire \u00e0 tes fr\u00e8res<br \/>\nQue nous pensons aux migrateurs<br \/>\nEt leur am\u00e9nageons des aires<br \/>\n<em>D\u2019o\u00f9 seront chass\u00e9s les chasseurs.\u00bb<\/em><\/p>\n<p>+\u00b0+\u00b0+\u00b0+\u00b0+\u00b0+\u00b0+\u00b0+\u00b0+\u00b0+\u00b0<\/p>\n<p>\u00ab\u00a0Amis, il faut de la patience,<br \/>\nL\u2019homme est une \u00e9nigme pour nous,<br \/>\nUn t\u00e9m\u00e9raire qui s\u2018\u00e9lance<br \/>\nDans des actes qui semblent fous; \u00bb<\/p>\n<p>\u00ab\u00a0Vous savez que, dans son esp\u00e8ce,<br \/>\nLe pire c\u00f4toie le meilleur ;<br \/>\nFions-nous\u00a0donc \u00e0 sa sagesse<br \/>\nQui ch\u00e2tiera les pollueurs; \u00bb<\/p>\n<p>\u00ab\u00a0Dans le village plan\u00e9taire<br \/>\nLes puissants broient les tout-petits,<br \/>\nMais leurs m\u00e9faits et la mis\u00e8re<br \/>\nLes rattraperont eux aussi.\u00bb<\/p>\n<p>+\u00b0+\u00b0+\u00b0+\u00b0+\u00b0+\u00b0<\/p>\n<p>\u00ab Demain, ayant pris notre essor<br \/>\nNous d\u00e9ploierons nos grandes voiles<br \/>\nDans le soleil aux rayons d&#8217;or,<br \/>\nEn nous guidant sur les \u00e9toiles.\u00a0\u00bb<\/p>\n<p>Croisi\u00e8re dans l&#8217;espace temps,<br \/>\nMais notre vie est \u00e9ph\u00e9m\u00e8re ;<br \/>\nM\u00e9ditez, enfants de la terre ,<br \/>\nVous aussi \u00eates des passants<br \/>\nEt de nous \u00eates solidaires ! \u00bb<\/p>\n<p>+\u00b0+\u00b0+\u00b0+\u00b0+\u00b0+\u00b0+\u00b0+\u00b0+\u00b0+\u00b0+\u00b0+\u00b0+\u00b0+\u00b0<\/p>\n","protected":false},"excerpt":{"rendered":"<p>\u00ab A l\u2019heure o\u00f9 le soleil d\u00e9cline Et o\u00f9 le ciel \u00e0 l\u2019ouest rosit , Le grand c\u00e8dre \u00e0 flanc de colline Nous semble encor avoir grandi.\u00bb \u00ab Car son ombre \u00e0 pr\u00e9sent atteint Les terres de notre commune; On dirait qu\u2019il nous tend les mains Et nous salue au clair de lune.\u00bb \u00ab Notre &hellip; <a href=\"https:\/\/le-moulin-a-poivre.fr\/?page_id=33\" class=\"more-link\">Continue reading <span class=\"screen-reader-text\">Le parlement des migrateurs<\/span><\/a><\/p>\n","protected":false},"author":1,"featured_media":0,"parent":0,"menu_order":0,"comment_status":"closed","ping_status":"closed","template":"","meta":{"footnotes":""},"class_list":["post-33","page","type-page","status-publish","hentry"],"_links":{"self":[{"href":"https:\/\/le-moulin-a-poivre.fr\/index.php?rest_route=\/wp\/v2\/pages\/33","targetHints":{"allow":["GET"]}}],"collection":[{"href":"https:\/\/le-moulin-a-poivre.fr\/index.php?rest_route=\/wp\/v2\/pages"}],"about":[{"href":"https:\/\/le-moulin-a-poivre.fr\/index.php?rest_route=\/wp\/v2\/types\/page"}],"author":[{"embeddable":true,"href":"https:\/\/le-moulin-a-poivre.fr\/index.php?rest_route=\/wp\/v2\/users\/1"}],"replies":[{"embeddable":true,"href":"https:\/\/le-moulin-a-poivre.fr\/index.php?rest_route=%2Fwp%2Fv2%2Fcomments&post=33"}],"version-history":[{"count":17,"href":"https:\/\/le-moulin-a-poivre.fr\/index.php?rest_route=\/wp\/v2\/pages\/33\/revisions"}],"predecessor-version":[{"id":1051,"href":"https:\/\/le-moulin-a-poivre.fr\/index.php?rest_route=\/wp\/v2\/pages\/33\/revisions\/1051"}],"wp:attachment":[{"href":"https:\/\/le-moulin-a-poivre.fr\/index.php?rest_route=%2Fwp%2Fv2%2Fmedia&parent=33"}],"curies":[{"name":"wp","href":"https:\/\/api.w.org\/{rel}","templated":true}]}}