{"id":307,"date":"2015-04-10T16:21:21","date_gmt":"2015-04-10T16:21:21","guid":{"rendered":"http:\/\/le-moulin-a-poivre.fr\/?page_id=307"},"modified":"2018-09-14T13:56:26","modified_gmt":"2018-09-14T13:56:26","slug":"lamour-le-bel-amour","status":"publish","type":"page","link":"https:\/\/le-moulin-a-poivre.fr\/?page_id=307","title":{"rendered":"Les amours"},"content":{"rendered":"<p>L&#8217; Amour, le Bel Amour qui vous saisit un jour,<br \/>\nL&#8217;Amour dont on voudrait qu&#8217;il demeure toujours,<br \/>\nL&#8217;Amour, le Bel Amour est comme l&#8217;alouette<br \/>\nQui chante dans l&#8217;azur \u00e0 en perdre la t\u00eate ;<br \/>\nL&#8217;Amour, le Bel Amour vous r\u00e9unit \u00e0 l&#8217;AUTRE,<br \/>\nOn ne pense plus &#8220;MOI&#8221;, on pense &#8220;NOUS&#8221; et &#8220;N\u00d4TRE&#8221; ;<br \/>\nCet Amour, parait-il, est une grande orange<br \/>\nQu&#8217;on divise en quartiers, que l&#8217;on donne et qu&#8217;on mange ,<br \/>\nL&#8217;AUTRE qui les re\u00e7oit vous en remet aussi<br \/>\nEt chacun est \u00e9gal \u00e0 l&#8217;AUTRE et le nourrit ;<\/p>\n<p>Et l&#8217;AUTRE, h\u00e9las, vous dit parfois: \u00ab Je n&#8217;en veux plus\u00a0\u00bb ;<br \/>\nLe ciel s&#8217;\u00e9croule alors, l&#8217;azur a disparu .<\/p>\n<p>\u00ab Ami(e), crois-tu avoir un nombre de quartiers<br \/>\nSuffisant pour la vie de l&#8217;\u00eatre bien aim\u00e9\u00a0 ?<br \/>\nEn ce monde o\u00f9 tout passe et tout casse et tout lasse ,<br \/>\nIl faut aux amoureux une bien belle audace<br \/>\nOu de l&#8217;aveuglement \u00bb&#8211; \u00ab Que Dieu\u00a0donne sa gr\u00e2ce !\u00bb<\/p>\n<p>++++++++++++++++++++++++++++++++++++++++++++++++++++++<\/p>\n<p>L&#8217;orange est quelquefois dispers\u00e9e \u00e0 la ronde ,<br \/>\nA la mince, \u00e0 la brune, \u00e0 la rousse, \u00e0 la blonde ;<br \/>\n\u00ab Cupidon, galopin, complice d&#8217;Aphrodite,<br \/>\nVisant notre d\u00e9sir plus que notre bonheur,<br \/>\nComme tu dois aimer les \u00e9mois que suscitent<br \/>\nTes fl\u00e8ches enflamm\u00e9es d\u00e9coch\u00e9es dans les c\u0153urs ! \u00bb<\/p>\n<p>\u00ab Attraction, coups de c\u0153ur, amours-vagabondages,<br \/>\nAmours papillonnants qui ne se fixent pas,<br \/>\nAmours virevoltants poursuivis \u00e0 la plage,<br \/>\nAmours \u00e9tourdissants o\u00f9 l&#8217;on rit aux \u00e9clats,<br \/>\nLa danse du balai, au revoir, partenaire,<br \/>\nTrois tours et gu\u00e8re plus avec sa cavali\u00e8re,<br \/>\nOn s&#8217;amuse \u00e0 zapper et les bulles sont l\u00e0,<br \/>\nEt le bal se poursuit et l&#8217;on ne r\u00eave gu\u00e8re,<br \/>\nEt l&#8217;on boit un bon coup si chagrin il y a,<br \/>\nEt l&#8217;on se sent l\u00e9ger, c&#8217;est le printemps de l&#8217;\u00e2ge,<br \/>\nEt l&#8217;on est un peu gris, au diable les tracas,<br \/>\nAu diable les le\u00e7ons des parents et des sages,<br \/>\nEt chacun des danseurs vit au pr\u00e9sent, pour soi<br \/>\nEt pr\u00e9f\u00e8re ne pas penser \u00e0 l&#8217;avenir,<br \/>\nAu temps qui, se dit-il, ne peut que l&#8217;alourdir ;\u00bb<\/p>\n<p>============<\/p>\n<p>Ainsi l&#8217;on s&#8217;\u00e9tourdit sur les rythmes du temps,<br \/>\nEt pourtant peu \u00e0 peu un nuage se glisse,<br \/>\nBal, champagne, gaiet\u00e9 et grands feux d&#8217;artifice<br \/>\nSont\u00a0pour l&#8217;esprit blas\u00e9 de plus en plus factices ;<br \/>\nLa r\u00e9serve d&#8217;amour, le fruit, comme une fleur,<br \/>\nSe fane et d\u00e9p\u00e9rit peu \u00e0 peu dans les coeurs,<br \/>\nEt bient\u00f4t vient le jour o\u00f9 l&#8217;orange n&#8217;est plus,<br \/>\nLa\u00a0source en est tarie, le jus a \u00e9t\u00e9 bu ;<br \/>\nA l&#8217;horloge l\u00e0-bas une heure \u00e9trange sonne<br \/>\nEt l&#8217;on se dit tout bas :\u00a0\u00ab N&#8217;aurais-je aim\u00e9 personne ?\u00bb<\/p>\n","protected":false},"excerpt":{"rendered":"<p>L&#8217; Amour, le Bel Amour qui vous saisit un jour, L&#8217;Amour dont on voudrait qu&#8217;il demeure toujours, L&#8217;Amour, le Bel Amour est comme l&#8217;alouette Qui chante dans l&#8217;azur \u00e0 en perdre la t\u00eate ; L&#8217;Amour, le Bel Amour vous r\u00e9unit \u00e0 l&#8217;AUTRE, On ne pense plus &#8220;MOI&#8221;, on pense &#8220;NOUS&#8221; et &#8220;N\u00d4TRE&#8221; ; Cet Amour, &hellip; <a href=\"https:\/\/le-moulin-a-poivre.fr\/?page_id=307\" class=\"more-link\">Continue reading <span class=\"screen-reader-text\">Les amours<\/span><\/a><\/p>\n","protected":false},"author":1,"featured_media":0,"parent":0,"menu_order":0,"comment_status":"closed","ping_status":"closed","template":"","meta":{"footnotes":""},"class_list":["post-307","page","type-page","status-publish","hentry"],"_links":{"self":[{"href":"https:\/\/le-moulin-a-poivre.fr\/index.php?rest_route=\/wp\/v2\/pages\/307","targetHints":{"allow":["GET"]}}],"collection":[{"href":"https:\/\/le-moulin-a-poivre.fr\/index.php?rest_route=\/wp\/v2\/pages"}],"about":[{"href":"https:\/\/le-moulin-a-poivre.fr\/index.php?rest_route=\/wp\/v2\/types\/page"}],"author":[{"embeddable":true,"href":"https:\/\/le-moulin-a-poivre.fr\/index.php?rest_route=\/wp\/v2\/users\/1"}],"replies":[{"embeddable":true,"href":"https:\/\/le-moulin-a-poivre.fr\/index.php?rest_route=%2Fwp%2Fv2%2Fcomments&post=307"}],"version-history":[{"count":36,"href":"https:\/\/le-moulin-a-poivre.fr\/index.php?rest_route=\/wp\/v2\/pages\/307\/revisions"}],"predecessor-version":[{"id":579,"href":"https:\/\/le-moulin-a-poivre.fr\/index.php?rest_route=\/wp\/v2\/pages\/307\/revisions\/579"}],"wp:attachment":[{"href":"https:\/\/le-moulin-a-poivre.fr\/index.php?rest_route=%2Fwp%2Fv2%2Fmedia&parent=307"}],"curies":[{"name":"wp","href":"https:\/\/api.w.org\/{rel}","templated":true}]}}