{"id":2828,"date":"2022-07-14T12:41:47","date_gmt":"2022-07-14T12:41:47","guid":{"rendered":"https:\/\/le-moulin-a-poivre.fr\/?page_id=2828"},"modified":"2022-12-24T15:39:41","modified_gmt":"2022-12-24T15:39:41","slug":"a-bourg-saint-andeol-sixieme-histoire-vraie","status":"publish","type":"page","link":"https:\/\/le-moulin-a-poivre.fr\/?page_id=2828","title":{"rendered":"A Bourg Saint And\u00e9ol -7\u00e8me histoire vraie"},"content":{"rendered":"<p>Mes parents, vivant en zone occup\u00e9e,\u00a0correspondaient moins qu\u2019avant la guerre avec ma marraine,\u2014 qui \u00e9tait aussi ma tante, \u2014 et son \u00e9poux, qui, en 1944, habitaient la petite ville de Bourg Saint-And\u00e9ol,\u2014- d\u00e9partement de l\u2019Ard\u00e8che. Ma tante, originaire du Comminges, aurait sans doute aim\u00e9 Bourg Saint-And\u00e9ol si, d\u00e8s le d\u00e9but, elle n\u2019avait pas \u00e9t\u00e9 rebut\u00e9e par la violence du mistral, ph\u00e9nom\u00e8ne m\u00e9t\u00e9o nouveau pour elle. Ma tante \u00e9tait belle, intelligente, vive,\u00a0et elle s\u2019exprimait sans fard quand quelque chose ou quelqu\u2019un lui d\u00e9plaisait. Mon oncle, lui, \u00e9tait un marseillais pos\u00e9, r\u00e9fl\u00e9chi, parfois un peu grave et avec \u00e7a tr\u00e8s habile de ses dix doigts. Je les aimais bien tous les deux.<\/p>\n<p>Arrive le 15 ao\u00fbt 1944, en milieu de journ\u00e9e : le d\u00e9barquement des troupes am\u00e9ricaines et fran\u00e7aises en Provence. Ce m\u00eame jour s\u2019accompagna d\u2019un bombardement de Bourg Saint And\u00e9ol par l\u2019aviation am\u00e9ricaine, qui, de tr\u00e8s haut, essaya d\u2019atteindre le pont suspendu sur le Rh\u00f4ne \u2014 d\u2019o\u00f9, h\u00e9las,\u00a0des morts et des d\u00e9g\u00e2ts en ville. Depuis quelque temps les habitants de Bourg se doutaient bien que leur pont serait pris pour cible : mon oncle avait creus\u00e9 dans son jardin une tranch\u00e9e qui devait servir d\u2019abri pour sa famille.\u00a0 Ce 15 ao\u00fbt, ma tante fut bless\u00e9e au bras droit,\u00a0et elle se mit \u00e0 perdre son sang en abondance ; elle gisait dans la rue et voyait autour d\u2019elle beaucoup de gens \u00ab courir comme des lapins,\u00bb\u00a0 me raconta-t-elle plus tard, \u00ab ne se souciant que de sauver leur peau.\u00bb<\/p>\n<p>Sur ce, mon oncle essaya d\u2019arr\u00eater l\u2019h\u00e9morragie avec un garrot, puis alla chercher une chaise longue, (c\u2018\u00e9tait le genre de meuble qu\u2019il se fabriquait lui m\u00eame,)\u00a0 il eut t\u00f4t fait d\u2019en faire une civi\u00e8re ; quand il eut fini,\u00a0 il jeta un coup d\u2019oeil autour de lui : qui allait l\u2019aider en prenant place \u00e0 l\u2019autre bout de la civi\u00e8re ? Enfin quelqu\u2019un s\u2019approcha, roula un v\u00eatement qu\u2019il glissa sous la t\u00eate de ma tante, puis aida \u00e0 la porter jusqu&#8217;\u00e0 l\u2019h\u00f4pital ; cet homme-la, c\u2018\u00e9tait, devinez : un soldat allemand, qui s\u2018\u00e9clipsa une fois sa t\u00e2che accomplie.<\/p>\n<p>\u00ab Oui, je dois la vie \u00e0 mon mari et \u00e0 un soldat allemand,\u00bb me raconta ma tante quand elle m\u2019invita chez elle, quelques ann\u00e9es apr\u00e8s la guerre ; r\u00e9cit corrobor\u00e9 par sa fille plus tard.<\/p>\n<p>(1) Commentaire &#8212; entendu parfois &#8212; des \u201c Histoires Vraies\u201d 3 et 4 :\u00a0 &#8220;Il y a des braves gens partout.\u201d Ou, m&#8217;a t-on dit aussi : la propagande national-socialiste tenta de persuader les Allemands qu\u2019ils \u00e9taient une \u201crace sup\u00e9rieure\u201d, appel\u00e9e \u00e0 dominer des peuples dont certains comme les Fran\u00e7ais s\u2018\u00e9taient laiss\u00e9 aller mais n\u2019y r\u00e9ussit gu\u00e8re.<\/p>\n<p>(2)\u00a0 \u00a0L\u2019auteur de ce blog s\u2019est entendu reprocher deux &#8220;histoires vraies&#8221; , les 5 et 6 , \u00ab \u00e0 la gloire des Allemands.\u00bb<\/p>\n<p>A cela il r\u00e9plique qu\u2018\u00e0 aucun moment il n\u2019a glorifi\u00e9 les forces d\u2019occupation.\u00a0Et nos lecteurs savent bien que, si certains occupants se sont montr\u00e9s humains, il faisaient partie d\u2019une machine de guerre qui les a forc\u00e9 \u00e0 ob\u00e9ir, \u00e0 user de menaces ou de chantage (ex\u00e9cution des otages,)\u00a0 \u00e0 emprisonner, d\u00e9porter, torturer, tuer.<\/p>\n<p>(3)\u00a0 \u00a0C\u2019est le hasard des rencontres qui m\u2019a fait conna\u00eetre l\u2019histoire du brave douanier sur la ligne de d\u00e9marcation; c\u2019est aussi le hasard : les\u00a0liens familiaux \u2014 qui m\u2019a fait conna\u00eetre l\u2019histoire du bon Samaritain de Bourg Saint And\u00e9ol; je peux dire que je n\u2019ai pas CHOISI ces r\u00e9cits, pas plus que M. Arnault et ma tante n\u2019ont choisi ce qui leur est arriv\u00e9. Ces r\u00e9cits m\u2019ont \u00e9t\u00e9 rapport\u00e9s vers la fin de la guerre et je les reproduis ici aussi fid\u00e8lement que possible ; je ne doute pas de leur v\u00e9racit\u00e9 : M. Arnault n\u2018\u00e9tait pas du genre \u00e0 se vanter, encore moins \u00e0 vanter les m\u00e9rites des occupants ; et ma tante, qui m\u2019a montr\u00e9 la cicatrice laiss\u00e9e \u00e0 son bras droit, n\u2018\u00e9tait pas non plus du genre \u00e0 se mettre en vedette.<\/p>\n<p>(4 ) Enfin, ami lecteur, garde toi de croire que l\u2019auteur de ce blog ait cherch\u00e9 \u00e0 illustrer une quelconque th\u00e8se id\u00e9ologique .Son unique souci dans ces histoires , c\u2019est de dire la V\u00c9RIT\u00c9 .<\/p>\n","protected":false},"excerpt":{"rendered":"<p>Mes parents, vivant en zone occup\u00e9e,\u00a0correspondaient moins qu\u2019avant la guerre avec ma marraine,\u2014 qui \u00e9tait aussi ma tante, \u2014 et son \u00e9poux, qui, en 1944, habitaient la petite ville de Bourg Saint-And\u00e9ol,\u2014- d\u00e9partement de l\u2019Ard\u00e8che. Ma tante, originaire du Comminges, aurait sans doute aim\u00e9 Bourg Saint-And\u00e9ol si, d\u00e8s le d\u00e9but, elle n\u2019avait pas \u00e9t\u00e9 rebut\u00e9e &hellip; <a href=\"https:\/\/le-moulin-a-poivre.fr\/?page_id=2828\" class=\"more-link\">Continue reading <span class=\"screen-reader-text\">A Bourg Saint And\u00e9ol -7\u00e8me histoire vraie<\/span><\/a><\/p>\n","protected":false},"author":1,"featured_media":0,"parent":0,"menu_order":0,"comment_status":"closed","ping_status":"closed","template":"","meta":{"footnotes":""},"class_list":["post-2828","page","type-page","status-publish","hentry"],"_links":{"self":[{"href":"https:\/\/le-moulin-a-poivre.fr\/index.php?rest_route=\/wp\/v2\/pages\/2828","targetHints":{"allow":["GET"]}}],"collection":[{"href":"https:\/\/le-moulin-a-poivre.fr\/index.php?rest_route=\/wp\/v2\/pages"}],"about":[{"href":"https:\/\/le-moulin-a-poivre.fr\/index.php?rest_route=\/wp\/v2\/types\/page"}],"author":[{"embeddable":true,"href":"https:\/\/le-moulin-a-poivre.fr\/index.php?rest_route=\/wp\/v2\/users\/1"}],"replies":[{"embeddable":true,"href":"https:\/\/le-moulin-a-poivre.fr\/index.php?rest_route=%2Fwp%2Fv2%2Fcomments&post=2828"}],"version-history":[{"count":5,"href":"https:\/\/le-moulin-a-poivre.fr\/index.php?rest_route=\/wp\/v2\/pages\/2828\/revisions"}],"predecessor-version":[{"id":3039,"href":"https:\/\/le-moulin-a-poivre.fr\/index.php?rest_route=\/wp\/v2\/pages\/2828\/revisions\/3039"}],"wp:attachment":[{"href":"https:\/\/le-moulin-a-poivre.fr\/index.php?rest_route=%2Fwp%2Fv2%2Fmedia&parent=2828"}],"curies":[{"name":"wp","href":"https:\/\/api.w.org\/{rel}","templated":true}]}}