{"id":2648,"date":"2022-02-28T16:33:29","date_gmt":"2022-02-28T16:33:29","guid":{"rendered":"https:\/\/le-moulin-a-poivre.fr\/?page_id=2648"},"modified":"2022-03-12T10:37:16","modified_gmt":"2022-03-12T10:37:16","slug":"le-droit-de-vie-ou-de-mort","status":"publish","type":"page","link":"https:\/\/le-moulin-a-poivre.fr\/?page_id=2648","title":{"rendered":"Le droit de vie et de mort, le dit de l&#8217;infirmi\u00e8re"},"content":{"rendered":"<p>Quand je pense \u00e0 ce droit des anciennes justices,<br \/>\nA ce droit des jur\u00e9s d&#8217;envoyer \u00e0 la mort,<br \/>\n(On nous dit qu&#8217;ils frappaient vraiment tr\u00e8s fort !)<br \/>\nJe compare \u00e0 ce que je vois dans mon service:<\/p>\n<p>J&#8217;entends se confier une femme esseul\u00e9e<br \/>\nQui d&#8217;avance vomit tous nos la\u00efus moraux;<br \/>\nElle n&#8217;attend de l&#8217;h\u00f4pital que d&#8217;\u00eatre aid\u00e9e<br \/>\nA se d\u00e9barrasser de son g\u00eanant fardeau;<\/p>\n<p>Elle a pris son plaisir avec son compagnon ,<br \/>\nUn gars plut\u00f4t gentil et d&#8217;humeur rigolarde,<br \/>\nMais est venu le temps des silences grognons,<br \/>\nEt de l&#8217;argent qui part et de sa d\u00e9filade;<\/p>\n<p>Leur couple m\u00e9content d&#8217;un embryon \u00e0 na\u00eetre<br \/>\nQui leur semblait bien laid d\u00e8s le premier regard ,<br \/>\nApr\u00e8s qu&#8217;\u00e0 la poubelle il l&#8217;ait fait dispara\u00eetre,<br \/>\nSe change les id\u00e9es dans les alcools d&#8217;un bar;<\/p>\n<p>Ce droit que Mitterand expulsa par la porte,<br \/>\nPensant que d\u00e9sormais la b\u00eate \u00e9tait bien morte,<br \/>\nIl est rentr\u00e9 \u00e0 l&#8217;h\u00f4pital par la fen\u00eatre !<\/p>\n","protected":false},"excerpt":{"rendered":"<p>Quand je pense \u00e0 ce droit des anciennes justices, A ce droit des jur\u00e9s d&#8217;envoyer \u00e0 la mort, (On nous dit qu&#8217;ils frappaient vraiment tr\u00e8s fort !) Je compare \u00e0 ce que je vois dans mon service: J&#8217;entends se confier une femme esseul\u00e9e Qui d&#8217;avance vomit tous nos la\u00efus moraux; Elle n&#8217;attend de l&#8217;h\u00f4pital que &hellip; <a href=\"https:\/\/le-moulin-a-poivre.fr\/?page_id=2648\" class=\"more-link\">Continue reading <span class=\"screen-reader-text\">Le droit de vie et de mort, le dit de l&#8217;infirmi\u00e8re<\/span><\/a><\/p>\n","protected":false},"author":1,"featured_media":0,"parent":0,"menu_order":0,"comment_status":"closed","ping_status":"closed","template":"","meta":{"footnotes":""},"class_list":["post-2648","page","type-page","status-publish","hentry"],"_links":{"self":[{"href":"https:\/\/le-moulin-a-poivre.fr\/index.php?rest_route=\/wp\/v2\/pages\/2648","targetHints":{"allow":["GET"]}}],"collection":[{"href":"https:\/\/le-moulin-a-poivre.fr\/index.php?rest_route=\/wp\/v2\/pages"}],"about":[{"href":"https:\/\/le-moulin-a-poivre.fr\/index.php?rest_route=\/wp\/v2\/types\/page"}],"author":[{"embeddable":true,"href":"https:\/\/le-moulin-a-poivre.fr\/index.php?rest_route=\/wp\/v2\/users\/1"}],"replies":[{"embeddable":true,"href":"https:\/\/le-moulin-a-poivre.fr\/index.php?rest_route=%2Fwp%2Fv2%2Fcomments&post=2648"}],"version-history":[{"count":4,"href":"https:\/\/le-moulin-a-poivre.fr\/index.php?rest_route=\/wp\/v2\/pages\/2648\/revisions"}],"predecessor-version":[{"id":2658,"href":"https:\/\/le-moulin-a-poivre.fr\/index.php?rest_route=\/wp\/v2\/pages\/2648\/revisions\/2658"}],"wp:attachment":[{"href":"https:\/\/le-moulin-a-poivre.fr\/index.php?rest_route=%2Fwp%2Fv2%2Fmedia&parent=2648"}],"curies":[{"name":"wp","href":"https:\/\/api.w.org\/{rel}","templated":true}]}}