{"id":2615,"date":"2022-01-07T15:38:12","date_gmt":"2022-01-07T15:38:12","guid":{"rendered":"https:\/\/le-moulin-a-poivre.fr\/?page_id=2615"},"modified":"2022-11-02T12:09:06","modified_gmt":"2022-11-02T12:09:06","slug":"le-corbeau-le-lapin-et-le-renard","status":"publish","type":"page","link":"https:\/\/le-moulin-a-poivre.fr\/?page_id=2615","title":{"rendered":"Le lapin, le corbeau et le renard"},"content":{"rendered":"<p>L&#8217;\u00e9t\u00e9, quand le soleil accable la Touraine,<br \/>\nIl est bien naturel de faire marienne; (1),<br \/>\nQue l&#8217;on somnole alors, qu&#8217;on m\u00e9dite ou qu&#8217;on r\u00eave,<br \/>\n\u00d4 merveille, la vie nous accorde une tr\u00eave !<\/p>\n<p>Mais un jeune lapin disait que ce repos<br \/>\nLui \u00e9tait plus odieux que le temps le plus chaud;<br \/>\nA l&#8217;heure o\u00f9 ses parents exigeaient le silence<br \/>\nIl aimait les braver par quelque impertinence;<br \/>\nUn jour, ce r\u00e9volt\u00e9, encor chaud de col\u00e8re,<br \/>\n(Il venait en sifflant de r\u00e9veiller ses fr\u00e8res)<br \/>\nS&#8217;\u00e9loignait peu \u00e0 peu du parental terrier<br \/>\nQuand il vit un corbeau sur un arbre perch\u00e9,<br \/>\nLes yeux \u00e0 demi clos, somnolent et repu,<br \/>\nUn gros chien \u00e9cras\u00e9 fournissant ses menus.<\/p>\n<p>Alors notre lapin joua la d\u00e9f\u00e9rence :<br \/>\n&#8220;\u00d4 ma\u00eetre, renomm\u00e9 pour votre ind\u00e9pendance,<br \/>\nDites-moi,&#8221; lui dit-il, &#8220;est-il judicieux<br \/>\nDe rester inactif \u00e0 cette heure en ces lieux ?&#8221;<br \/>\nL&#8217;oiseau, se rengorgeant sous ces douces paroles,<br \/>\nCria : &#8220;OUAIS, JEL&#8217; CRO-\u00c2\u00c2\u00c2 !!!&#8221; dans son langage grolle,(2),<br \/>\nCe qui, outre l&#8217;\u00e9cho, r\u00e9veilla un goupil<br \/>\nQui tomba tel l&#8217;\u00e9clair sur le pauvre connil (3)<\/p>\n<p>Le corbeau de sa mort n&#8217;eut gu\u00e8re de chagrin,<br \/>\nD&#8217;autant qu&#8217;il profita des restes du lapin;<br \/>\nEt, loin de s&#8217;accuser d&#8217;avoir caus\u00e9 sa perte,<br \/>\nIl cria que Jeannot avait \u00e9t\u00e9 bien b\u00eate,<strong><br \/>\n<\/strong>Qu&#8217;il aurait pu s&#8217;enfuir, entra\u00eener l&#8217;ennemi<br \/>\nDans les lentilles d&#8217;eau qu&#8217;on prend pour un tapis,<br \/>\nOu aurait pu ruser, se dire contagieux,<br \/>\nEt puis, hop ! d\u00e9taler en lui criant :&#8221;Adieu!&#8221;&#8230;<br \/>\n&#8220;Ah! les rampants,&#8221; dit-il, &#8220;ne sont pas tr\u00e8s subtils,<br \/>\nIls n&#8217;ont pas la hauteur de vue des volatiles !<\/p>\n<p>Pouvait-il se douter, cet orgueilleux censeur,<br \/>\nQue quelques jours plus tard, dans ce m\u00eame bocage,<br \/>\nIl serait la ris\u00e9e d&#8217;un peuple gouailleur<br \/>\nQui lui crierait: &#8221; Eh bien ! Ma\u00eetre, o\u00f9 est ton fromage ?&#8221;\u00a0 \u00a0 \u00a0 \u00a0 \u00a0 \u00a0 \u00a0 \u00a0 \u00a0 \u00a0 \u00a0 \u00a0 \u00a0 \u00a0 \u00a0 \u00a0 \u00a0 \u00a0 \u00a0 \u00a0 \u00a0 \u00a0On entend p\u00e9rorer chez nous de telles grolles:<br \/>\nDes gens s\u00fbrs d&#8217;eux, pour qui l&#8217;esp\u00e8ce humaine est folle<br \/>\nEt qui, dans l&#8217;oc\u00e9an de folie ambiante,<br \/>\nSe croient les seuls rochers brisant les d\u00e9ferlantes.<\/p>\n<p>+++<\/p>\n<p>1) marienne = sieste<\/p>\n<p>2) grolle= corbeau<\/p>\n<p>3) connil = lapin<\/p>\n<p>&nbsp;<\/p>\n","protected":false},"excerpt":{"rendered":"<p>L&#8217;\u00e9t\u00e9, quand le soleil accable la Touraine, Il est bien naturel de faire marienne; (1), Que l&#8217;on somnole alors, qu&#8217;on m\u00e9dite ou qu&#8217;on r\u00eave, \u00d4 merveille, la vie nous accorde une tr\u00eave ! Mais un jeune lapin disait que ce repos Lui \u00e9tait plus odieux que le temps le plus chaud; A l&#8217;heure o\u00f9 ses &hellip; <a href=\"https:\/\/le-moulin-a-poivre.fr\/?page_id=2615\" class=\"more-link\">Continue reading <span class=\"screen-reader-text\">Le lapin, le corbeau et le renard<\/span><\/a><\/p>\n","protected":false},"author":1,"featured_media":0,"parent":0,"menu_order":0,"comment_status":"closed","ping_status":"closed","template":"","meta":{"footnotes":""},"class_list":["post-2615","page","type-page","status-publish","hentry"],"_links":{"self":[{"href":"https:\/\/le-moulin-a-poivre.fr\/index.php?rest_route=\/wp\/v2\/pages\/2615","targetHints":{"allow":["GET"]}}],"collection":[{"href":"https:\/\/le-moulin-a-poivre.fr\/index.php?rest_route=\/wp\/v2\/pages"}],"about":[{"href":"https:\/\/le-moulin-a-poivre.fr\/index.php?rest_route=\/wp\/v2\/types\/page"}],"author":[{"embeddable":true,"href":"https:\/\/le-moulin-a-poivre.fr\/index.php?rest_route=\/wp\/v2\/users\/1"}],"replies":[{"embeddable":true,"href":"https:\/\/le-moulin-a-poivre.fr\/index.php?rest_route=%2Fwp%2Fv2%2Fcomments&post=2615"}],"version-history":[{"count":24,"href":"https:\/\/le-moulin-a-poivre.fr\/index.php?rest_route=\/wp\/v2\/pages\/2615\/revisions"}],"predecessor-version":[{"id":3025,"href":"https:\/\/le-moulin-a-poivre.fr\/index.php?rest_route=\/wp\/v2\/pages\/2615\/revisions\/3025"}],"wp:attachment":[{"href":"https:\/\/le-moulin-a-poivre.fr\/index.php?rest_route=%2Fwp%2Fv2%2Fmedia&parent=2615"}],"curies":[{"name":"wp","href":"https:\/\/api.w.org\/{rel}","templated":true}]}}