{"id":2518,"date":"2021-08-02T15:38:25","date_gmt":"2021-08-02T15:38:25","guid":{"rendered":"https:\/\/le-moulin-a-poivre.fr\/?page_id=2518"},"modified":"2021-08-05T13:15:45","modified_gmt":"2021-08-05T13:15:45","slug":"le-plus-ancien-des-polars","status":"publish","type":"page","link":"https:\/\/le-moulin-a-poivre.fr\/?page_id=2518","title":{"rendered":"Le plus ancien des polars"},"content":{"rendered":"<p>Il y a un r\u00e9cit de l&#8217;Antiquit\u00e9 ( apparu un si\u00e8cle et demi avant J.C. mais probablement bien plus ancien ) qui fait penser tr\u00e8s fort \u00e0 un roman policier. Et il tient en trois pages.<\/p>\n<p>On y voit un jeune homme \u00e0 l&#8217;esprit vif qui s&#8217;indigne d&#8217;un verdict b\u00e2cl\u00e9 accept\u00e9 par une foule moutonni\u00e8re ; une chose lui para\u00eet scandaleuse : alors qu&#8217;une accusation des plus graves a \u00e9t\u00e9 port\u00e9e contre un \u00eatre humain fragile, et que la peine de mort semble d\u00e9j\u00e0 acquise et va \u00eatre appliqu\u00e9e, il n&#8217;y a pas eu la moindre enqu\u00eate ; c&#8217;est donc lui qui propose de s&#8217;en charger ; les anciens y consentent.<\/p>\n<p>S&#8217;il n&#8217;a pas le flegme des Holmes ou des Maigret qui r\u00e9fl\u00e9chissent dans la fum\u00e9e s&#8217;\u00e9levant de leur pipe, (il a le sang chaud, lui,) sa m\u00e9thode tr\u00e8s moderne se r\u00e9v\u00e8le efficace. Chapeau!<\/p>\n<p>Dans le texte qui suit celui dont je viens de parler, ce gar\u00e7on se r\u00e9v\u00e8le de nouveau tr\u00e8s fut\u00e9 . <\/p>\n<p>Mais suffit ; je vous renvoie au conteur original (et oriental.) Vous trouverez ces r\u00e9cits au chapitre 13 du Livre de Daniel, dans l&#8217;Ancien Testament . <\/p>\n","protected":false},"excerpt":{"rendered":"<p>Il y a un r\u00e9cit de l&#8217;Antiquit\u00e9 ( apparu un si\u00e8cle et demi avant J.C. mais probablement bien plus ancien ) qui fait penser tr\u00e8s fort \u00e0 un roman policier. Et il tient en trois pages. On y voit un jeune homme \u00e0 l&#8217;esprit vif qui s&#8217;indigne d&#8217;un verdict b\u00e2cl\u00e9 accept\u00e9 par une foule moutonni\u00e8re &hellip; <a href=\"https:\/\/le-moulin-a-poivre.fr\/?page_id=2518\" class=\"more-link\">Continue reading <span class=\"screen-reader-text\">Le plus ancien des polars<\/span><\/a><\/p>\n","protected":false},"author":1,"featured_media":0,"parent":0,"menu_order":0,"comment_status":"closed","ping_status":"closed","template":"","meta":{"footnotes":""},"class_list":["post-2518","page","type-page","status-publish","hentry"],"_links":{"self":[{"href":"https:\/\/le-moulin-a-poivre.fr\/index.php?rest_route=\/wp\/v2\/pages\/2518","targetHints":{"allow":["GET"]}}],"collection":[{"href":"https:\/\/le-moulin-a-poivre.fr\/index.php?rest_route=\/wp\/v2\/pages"}],"about":[{"href":"https:\/\/le-moulin-a-poivre.fr\/index.php?rest_route=\/wp\/v2\/types\/page"}],"author":[{"embeddable":true,"href":"https:\/\/le-moulin-a-poivre.fr\/index.php?rest_route=\/wp\/v2\/users\/1"}],"replies":[{"embeddable":true,"href":"https:\/\/le-moulin-a-poivre.fr\/index.php?rest_route=%2Fwp%2Fv2%2Fcomments&post=2518"}],"version-history":[{"count":3,"href":"https:\/\/le-moulin-a-poivre.fr\/index.php?rest_route=\/wp\/v2\/pages\/2518\/revisions"}],"predecessor-version":[{"id":2525,"href":"https:\/\/le-moulin-a-poivre.fr\/index.php?rest_route=\/wp\/v2\/pages\/2518\/revisions\/2525"}],"wp:attachment":[{"href":"https:\/\/le-moulin-a-poivre.fr\/index.php?rest_route=%2Fwp%2Fv2%2Fmedia&parent=2518"}],"curies":[{"name":"wp","href":"https:\/\/api.w.org\/{rel}","templated":true}]}}