{"id":2200,"date":"2020-01-25T10:21:10","date_gmt":"2020-01-25T10:21:10","guid":{"rendered":"http:\/\/le-moulin-a-poivre.fr\/?page_id=2200"},"modified":"2021-07-27T15:57:30","modified_gmt":"2021-07-27T15:57:30","slug":"le-temoignage-de-vanessa-springora","status":"publish","type":"page","link":"https:\/\/le-moulin-a-poivre.fr\/?page_id=2200","title":{"rendered":"Vanessa  et  Genevi\u00e8ve"},"content":{"rendered":"<p>Janvier 2020 . Emission de t\u00e9l\u00e9 &#8220;La Grande Librairie&#8221; : \u00a0Vanessa Springora rend compte de son livre &#8220;Le Consentement&#8221;:  son p\u00e8re, \u00e9tant, nous dit-elle, &#8220;aux abonn\u00e9s absents&#8221; suite au divorce de ses parents , elle\u00a0tendait \u00e0 voir dans l'&#8221;amour&#8221; de l&#8217;\u00e9crivain  Gabriel Maztneff, au d\u00e9but de leur relation, l&#8217;affection de son p\u00e8re ; ph\u00e9nom\u00e8ne d&#8217;assimilation assez explicable chez une ado de 13 ans assoiff\u00e9e de tendresse paternelle. Il lui fallut des ann\u00e9es pour y voir clair, pour se d\u00e9gager de l&#8217;emprise de son pr\u00e9dateur sexuel : l&#8217;\u00e9crivain quinquag\u00e9naire, qui pr\u00e9tendait initier des jeunes \u00e0 la joie de la sexualit\u00e9, relatait dans ses livres des exp\u00e9riences intimes o\u00f9 elle se reconnut, ce qui la blessa et finalement l&#8217;amena \u00e0 rompre. Quant au pr\u00e9dateur, il r\u00e9ussit \u00e0 passer entre les gouttes des enqu\u00eates judiciaires; et son talent d&#8217;\u00e9crivain, reconnu de tous ( et par le pr\u00e9sident Fran\u00e7ois Mitterand lui-m\u00eame) le prot\u00e9gea.<br \/>\nD\u00e9j\u00e0 en 1990, re\u00e7u \u00e0 l&#8217;\u00e9mission &#8220;Apostrophes,&#8221; il fut pr\u00e9sent\u00e9 par Bernard Pivot comme  &#8220;un collectionneur de minettes : au dessus de vingt ans, on voit que \u00e7a ne (l&#8217;) int\u00e9resse pas&#8221;, ce que&#8221; Matzneff confirma : il n&#8217;eut jamais de succ\u00e8s, nous dit-il, aupr\u00e8s des femmes adultes; &#8220;une fille plus jeune est plut\u00f4t plus gentille, m\u00eame si elle devient tr\u00e8s tr\u00e8s vite hyst\u00e9rique et aussi folle que quand elle sera \u00e2g\u00e9e&#8221;&#8230;&#8221; Et  de se se vanter de ses conqu\u00eates en France (par ex :  3 jeunes filles en trois jours, dont deux vierges) sans parler du tourisme sexuel qu&#8217;il pratiquait avec des comparses dans des pays exotiques o\u00f9 il disposait de jeunes gar\u00e7ons prostitu\u00e9s de moins de 12 ans.   Le paon faisait la roue&#8230;.Mais soudain, devant Pivot et les nombreux t\u00e9l\u00e9spectateurs qui appr\u00e9ciaient l&#8217;\u00e9mission, \u00e9clata l&#8217;indignation de Mme Denise Bombardier, \u00e9crivaine qu\u00e9b\u00e9coise, invit\u00e9e elle aussi ce soir-l\u00e0 :&#8221;La litt\u00e9rature a une sorte d&#8217;aura ici et sert d&#8217;alibi \u00e0 ce genre de confidences &#8230;  M. Matzneff me semble pitoyable ; ce qu&#8217;il  nous raconte dans son livre est extr\u00eamement ennuyeux parce que la r\u00e9p\u00e9tition est extr\u00eamement ennuyeuse ; il nous raconte qu&#8217;il sodomise des petites filles et que ces petites filles sont folles de lui ; les vieux messieurs attirent les enfants avec des bonbons ; M. Matzneff les attire avec sa r\u00e9putation. Ces petites filles ont \u00e9t\u00e9 non seulement s\u00e9duites; mais ont subi aussi ce que l&#8217;on appelle  un abus de pouvoir. La plupart d&#8217;entre elles sont fl\u00e9tries, peut-\u00eatre pour le restant de leurs jours .<em> Comment ces filles s&#8217;en sortent-elles ensuite ?<\/em>&#8221;  &#8230;.Eh bien, ami lecteur, le croirais-tu ? Le milieu litt\u00e9raire et m\u00e9diatique d&#8217;apr\u00e8s 68 en \u00e9tait rest\u00e9 \u00e0 la c\u00e9l\u00e8bre formule : &#8220;Il est interdit d&#8217;interdire&#8221;;  une p\u00e9tition sign\u00e9e de 70 intellectuels justifia la p\u00e9dophilie, l&#8217;homosexualit\u00e9, l&#8217;adult\u00e8re, l&#8217;inceste, ces sommit\u00e9s voulaient les  d\u00e9p\u00e9naliser, bref on \u00e9tait loin, tr\u00e8s loin alors de l&#8217;\u00e9tat d&#8217;esprit &#8220;Balance ton porc&#8221;ou &#8220;Me-too&#8221;; ce microcosme insulta grossi\u00e8rement Mme Bombardier: elle fut appel\u00e9e la &#8220;mal bais\u00e9e&#8221;, etc, etc. C&#8217;est par la suite, dans les ann\u00e9es 90 que l&#8217;\u00e9toile de Matzneff p\u00e2lit , lorsque de plus en plus de psys r\u00e9v\u00e9l\u00e8rent les d\u00e9g\u00e2ts sur la g\u00e9n\u00e9ration montante.<br \/>\nIl faut dire que la m\u00e8re de Vanessa , plut\u00f4t flatt\u00e9e de voir sa fille en compagnie d&#8217;un bel homme au charme slave, \u00e9crivain en vue,(officier des arts et lettres,  prix Mottard et prix Amic de l&#8217;Acad\u00e9mie fran\u00e7aise, prix Renaudot, prix de la brasserie Lip..)  ne s&#8217;indigna nullement de cette liaison . Il semble que la prise de conscience, puis la reconstruction de Vanessa Springora aient pris des ann\u00e9es  parce que la jeune femme dut compter surtout sur elle-m\u00eame ; adepte de la lecture, elle entreprit des \u00e9tudes litt\u00e9raires en facult\u00e9, elle prit de la hauteur &#8230;mais  d\u00e9passa t-elle ses souffrances ? aujourd&#8217;hui , elle occupe un poste de direction dans la maison d&#8217;\u00e9dition Julliard. <\/p>\n<p>                                   +++++++++<\/p>\n<p>Dans la France d&#8217;aujourd&#8217;hui, des p\u00e8res aux abonn\u00e9s absents, c&#8217;est chose  relativement courante ; c&#8217;est souvent d\u00fb \u00e0 un divorce, comme ce fut le cas avec le p\u00e8re de Vanessa . Ma femme et moi avons connu Genevi\u00e8ve,  &#8211;alors  trentenaire,&#8211; jeune femme n\u00e9e sous X, que sa tante avait \u00e9lev\u00e9e et choy\u00e9e comme sa propre fille ; la tante &#8220;Louise de Paris&#8221; comme nous l&#8217;appelions, \u00e9tait une septuag\u00e9naire vive, tr\u00e8s enjou\u00e9e, tr\u00e8s d\u00e9vou\u00e9e \u00e0 ses semblables: ceux qu&#8217;elle appelait &#8220;ses petits vieux&#8221;, \u00e0 qui elle demandait de ne pas se laisser aller, \u00e9taient souvent moins \u00e2g\u00e9s qu&#8217;elle ! Or, malgr\u00e9 la gaiet\u00e9 et la tendresse de sa tante, Genevi\u00e8ve n&#8217;\u00e9tait pas heureuse, son visage \u00e9tait ferm\u00e9 et grave, nous ne l&#8217;avons jamais vu rire , elle aspirait d\u00e9sesp\u00e9r\u00e9ment \u00e0 conna\u00eetre son p\u00e8re ; cette soif d&#8217;amour paternel lui fit entreprendre force recherches &#8212; qui furent vaines ; sa souffrance faisait d&#8217;elle une \u00e9corch\u00e9e vive. Un exemple entre mille : alors que ma femme et moi la recevions chez nous avec sa tante, suivant l&#8217;habitude que j&#8217;avais chaque matin avant de partir au travail, j&#8217;allumai la radio pour \u00e9couter les derni\u00e8res nouvelles. Genevi\u00e8ve, nous apprit sa tante, prit cela tr\u00e8s mal: elle m&#8217;en voulut, croyant que je la traitais en quantit\u00e9 n\u00e9gligeable et certainement en souffrit. Vous me direz que beaucoup d&#8217;enfants, filles et gar\u00e7ons, sont dans des situations similaires et qui ont exist\u00e9 de tout temps; vous me direz aussi que ces enfants ne sont pas tous n\u00e9vros\u00e9s comme Genevi\u00e8ve, et que certains sont parfaitement &#8220;normaux&#8221; et \u00e9panouis ; c&#8217;est possible .<\/p>\n<p>         Reste que les l\u00e9gislateurs d&#8217;aujourd&#8217;hui, ceux qui semblent trouver normal une famille sans p\u00e8re, et qui, par leur vote, peuvent accro\u00eetre le nombre de telles familles, feraient bien d&#8217;observer autour d&#8217;eux, de se renseigner aupr\u00e8s des professionnels : m\u00e9decins, psychologues, psychiatres, qui soignent des Vanessa et des Genevi\u00e8ve, de r\u00e9fl\u00e9chir aux d\u00e9g\u00e2ts qu&#8217;entra\u00eene l&#8217;absence du p\u00e8re, de se poser la question formul\u00e9e par Denise Bombardier:<em> Ces jeunes ne sont-ils pas marqu\u00e9s \u00e0 vie ? Comment s&#8217;en tireront ils plus tard ?&#8221;<\/em><\/p>\n<p>                                  +++++++++++++++<\/p>\n","protected":false},"excerpt":{"rendered":"<p>Janvier 2020 . Emission de t\u00e9l\u00e9 &#8220;La Grande Librairie&#8221; : \u00a0Vanessa Springora rend compte de son livre &#8220;Le Consentement&#8221;: son p\u00e8re, \u00e9tant, nous dit-elle, &#8220;aux abonn\u00e9s absents&#8221; suite au divorce de ses parents , elle\u00a0tendait \u00e0 voir dans l&#8217;&#8221;amour&#8221; de l&#8217;\u00e9crivain Gabriel Maztneff, au d\u00e9but de leur relation, l&#8217;affection de son p\u00e8re ; ph\u00e9nom\u00e8ne d&#8217;assimilation &hellip; <a href=\"https:\/\/le-moulin-a-poivre.fr\/?page_id=2200\" class=\"more-link\">Continue reading <span class=\"screen-reader-text\">Vanessa  et  Genevi\u00e8ve<\/span><\/a><\/p>\n","protected":false},"author":1,"featured_media":0,"parent":0,"menu_order":0,"comment_status":"closed","ping_status":"closed","template":"","meta":{"footnotes":""},"class_list":["post-2200","page","type-page","status-publish","hentry"],"_links":{"self":[{"href":"https:\/\/le-moulin-a-poivre.fr\/index.php?rest_route=\/wp\/v2\/pages\/2200","targetHints":{"allow":["GET"]}}],"collection":[{"href":"https:\/\/le-moulin-a-poivre.fr\/index.php?rest_route=\/wp\/v2\/pages"}],"about":[{"href":"https:\/\/le-moulin-a-poivre.fr\/index.php?rest_route=\/wp\/v2\/types\/page"}],"author":[{"embeddable":true,"href":"https:\/\/le-moulin-a-poivre.fr\/index.php?rest_route=\/wp\/v2\/users\/1"}],"replies":[{"embeddable":true,"href":"https:\/\/le-moulin-a-poivre.fr\/index.php?rest_route=%2Fwp%2Fv2%2Fcomments&post=2200"}],"version-history":[{"count":21,"href":"https:\/\/le-moulin-a-poivre.fr\/index.php?rest_route=\/wp\/v2\/pages\/2200\/revisions"}],"predecessor-version":[{"id":2497,"href":"https:\/\/le-moulin-a-poivre.fr\/index.php?rest_route=\/wp\/v2\/pages\/2200\/revisions\/2497"}],"wp:attachment":[{"href":"https:\/\/le-moulin-a-poivre.fr\/index.php?rest_route=%2Fwp%2Fv2%2Fmedia&parent=2200"}],"curies":[{"name":"wp","href":"https:\/\/api.w.org\/{rel}","templated":true}]}}