{"id":2132,"date":"2019-09-09T14:46:13","date_gmt":"2019-09-09T14:46:13","guid":{"rendered":"http:\/\/le-moulin-a-poivre.fr\/?page_id=2132"},"modified":"2023-11-01T15:23:15","modified_gmt":"2023-11-01T15:23:15","slug":"le-tapis-5","status":"publish","type":"page","link":"https:\/\/le-moulin-a-poivre.fr\/?page_id=2132","title":{"rendered":"Le tapis"},"content":{"rendered":"<p>Yourk s&#8217;\u00e9veille brusquement, tout son corps est endolori et quand il pose la main sur son cr\u00e2ne, il grimace de douleur. Il se souvient d&#8217;hier, de ces cavaliers qui ont fondu au grand galop sur ceux de sa tribu, de celui qui criait des ordres et devant lequel il s&#8217;est dress\u00e9 , mais il a \u00e9t\u00e9 jet\u00e9 \u00e0 bas de son cheval et assomm\u00e9. A partir de l\u00e0, tout s&#8217;est brouill\u00e9 dans sa t\u00eate\u00a0: les bruits des sabots et les hennissements des chevaux, les aboiements des chiens, les cris de peur des uns, d&#8217;exaltation sauvage des autres\u2026 Avant de perdre connaissance, Yourk a senti qu&#8217;on le ligotait, qu&#8217;il \u00e9tait jet\u00e9 en travers d&#8217;une selle, puis entra\u00een\u00e9 loin du troupeau qui lui a \u00e9t\u00e9 confi\u00e9 et qui est comme une part de son \u00eatre.<\/p>\n<p>Il se retrouve maintenant encha\u00een\u00e9 dans une grotte, pr\u00e8s de l&#8217;entr\u00e9e ; lui, enfant des steppes, a entendu parler de grottes dans des r\u00e9cits sur les montagnards du Sud. Ainsi ses ravisseurs l&#8217;ont emmen\u00e9 loin des plaines immenses, dans des montagnes c\u00e9l\u00e8bres pour leurs for\u00eats, leurs loups, leurs ours et leurs tigres . Il pense tristement aux membres de sa famille, \u00e0 sa m\u00e8re surtout ; les reverra t-il jamais ? Il pense \u00e0 la ti\u00e9deur de la yourte en hiver, \u00e0 son bon cheval, \u00e0 ses chiens , \u00e0 son troupeau. Et il en vient \u00e0 penser aussi au vieil homme qui, avant de mourir, lui a appris \u00e0 lire et lui a fait d\u00e9couvrir tant de choses , y compris les \u00e9toiles, ce \u00ab vieux fou \u00bb, disaient la plupart des nomades de la steppe , ce \u00ab vieux sage \u00bb disait Yourk, qui a admir\u00e9 son intelligence et aim\u00e9 s&#8217;entretenir avec lui.<\/p>\n<p>Apr\u00e8s avoir beaucoup dormi, le gar\u00e7on recouvre peu \u00e0 peu ses esprits ; quelqu&#8217;un est venu all\u00e9ger ses cha\u00eenes sans le r\u00e9veiller ; il n&#8217;est plus riv\u00e9 \u00e0 la paroi de la grotte, mais un lien relie ses chevilles ; et\u00a0 il peut maintenant voir au dehors les yourtes de ses ravisseurs. Il apprendra plus tard que le chef de la tribu est venu avec un autre homme. &#8220;On va quand m\u00eame pas le laisser l\u00e0 \u00e0 ne rien faire ?&#8221; &#8220;Le chef r\u00e9pond: &#8220;On va l&#8217;envoyer au ruisseau nous chercher de l&#8217;eau.&#8221; &#8220;Oui, mais si en chemin il tombe sur une b\u00eate sauvage ? Il n&#8217;aura qu&#8217;un b\u00e2ton pour se d\u00e9fendre ? &#8211;&#8220;Eh bien, il invoquera le dieu de son peuple &#8230;et la b\u00eate sera \u00e9cras\u00e9e sur place comme une punaise, pas moins !&#8221; Le chef \u00e9clate d&#8217;un gros rire .<\/p>\n<p>.<\/p>\n<p>Les membres de la tribu viennent le d\u00e9visager ; les enfants sont les premiers\u00a0 \u00a0&#8211;ils se taisent, intimid\u00e9s&#8211; puis les femmes et les vieillards ; les femmes se parlent \u00e0 voix basse ; cependant Yourk comprend quelques mots : il est \u00ab le prisonnier. \u00bb Yourk a l&#8217;impression que cette tribu est plus nombreuse que la sienne ; et elle a un air plus rude, plus farouche ,&#8211; plus cruel peut-\u00eatre&#8211; que le peuple de la steppe ; les hommes, qui portent un poignard \u00e0 la ceinture, sont souvent balafr\u00e9s \u00a0; et un des vieillards a marmonn\u00e9 en regardant le captif : \u00ab Il a bien de la chance de n&#8217;avoir pas \u00e9t\u00e9 clou\u00e9 au sol d&#8217;un coup de lance quand il a essay\u00e9 de r\u00e9sister \u00e0 notre chef ! \u00bb<\/p>\n<p>Peu apr\u00e8s deux femmes aux formes imposantes,&#8211; deux jumelles manifestement,&#8211; s&#8217;approchent de lui : \u00ab\u00a0 Alors mon gars , il t&#8217;ont rudoy\u00e9 un peu fort, non\u00a0? Mais tu vas t&#8217;en tirer. Dis-nous, comment t&#8217;appelles-tu\u00a0? et quel \u00e2ge as-tu\u00a0?\u00a0\u00bb &#8211;\u00ab Yourk , 16 ans\u00a0\u00bb. Peu apr\u00e8s, une des femmes verse un liquide vert dans un gobelet qu&#8217;elle tend au convalescent\u00a0; le liquide est tr\u00e8s amer, le gar\u00e7on fait la grimace\u00a0; les deux comm\u00e8res \u00e9clatent de rire.\u00a0 \u00ab\u00a0 Tu verras, dans les jours \u00e0 venir, c&#8217;est soit ma s\u0153ur, soit moi qui t&#8217;apportera \u00e0 manger et \u00e0 boire\u00a0; c&#8217;est \u00e0 nous que tu auras affaire\u00a0; on va te remettre sur pied.\u00a0\u00bb Yourk demande : \u00ab\u00a0\u00a0 Beaucoup de gens sont venus ce matin\u00a0; il va en venir d&#8217;autres\u00a0? .\u00a0\u00bb \u00ab Non, nous ne sommes qu&#8217;une centaine , \u2026 mais dis-moi\u00a0:\u00a0qu&#8217;est-ce que tu faisais, toi, dans ton pays\u00a0?\u00a0\u00bb \u2013- \u00ab Berger\u00a0\u00bb \u2013- \u00ab\u00a0Eh bien moi , j&#8217;ai un fils berger comme toi, un grand gaillard ; mais ces temps-ci il a perdu pas mal de b\u00eates du fait des loups et des ours. \u00a0\u00bb La conversation en reste l\u00e0 pour l&#8217;instant. Mais quelques jours plus tard, Yourk capte au vol \u00a0:\u00ab\u00a0 Il nous a fallu repeupler avec des moutons et des ch\u00e8vres venus d&#8217;ailleurs.\u00a0\u00bb et il se dit que \u00ab\u00a0ailleurs\u00a0\u00bb, c&#8217;\u00e9tait sans doute dans son propre troupeau.<\/p>\n<p>Yourk demande s&#8217;il verra le chef de la tribu. \u00ab Mais il est d\u00e9j\u00e0 venu changer tes cha\u00eenes le lendemain-m\u00eame de ton arriv\u00e9e\u00bb dit une des femmes ; et elle poursuit \u00a0:\u00ab En plus de la cuisine, nous pr\u00e9parons de tr\u00e8s bons m\u00e9dicaments,(\u00ab mais si, mais si ! \u00bb) \u00a0 Et puis nous disposons d&#8217;un coin o\u00f9 nous tissons ; je suppose que chez toi aussi on fabrique des tapis ? \u00bb Elles n&#8217;attendent m\u00eame pas la r\u00e9ponse du gar\u00e7on ; il se souvient que son p\u00e8re a fronc\u00e9 les sourcils en apprenant que Yourk voulait apprendre \u00e0 lire et aussi \u00e0 tisser. (\u00ab Tisser , c&#8217;est bon pour les femmes, pour celles qui veillent sur un berceau, un travail d&#8217;int\u00e9rieur ; quant \u00e0 la lecture, pour nous qui trimons du matin au soir, je me demande \u00e0 quoi \u00e7a sert\u2026sauf peut-\u00eatre pour les gu\u00e9risseurs ? \u00bb) Finalement, le p\u00e8re ne s&#8217;est pas oppos\u00e9 aux choix de son fils parce que Yourk venait de remporter un grand prix : en tir \u00e0 l&#8217;arc, sans descendre de cheval ! \u00ab Tu sais, nos tapis \u00bb reprend la plus bavarde, \u00ab nous les portons \u00e0 la foire qui se tient deux fois l&#8217;an sur les rives du Lac Ba\u00efkal , des colporteurs nous les ach\u00e8tent, c&#8217;est notre gagne-pain&#8230;. \u00bb<\/p>\n<p>Les deux femmes ne demandent pas mieux que d&#8217;exhiber leurs \u0153uvres, elles commencent par montrer\u00ab le coin \u00bb o\u00f9 se fabriquent les tapis : une yourte. Yourk y observe ce qu&#8217;ont fait les femmes \u00a0; il n &#8216;ose pas leur dire qu&#8217;il trouve leurs couleurs vraiment sombres, et m\u00eame un peu tristes. Sur ce, il remarque un m\u00e9tier \u00e0 tisser inutilis\u00e9, il s&#8217;assoit sur le banc : \u00ab\u00a0 Si vous me donnez de la laine, des plantes tinctoriales et de l&#8217;urine de chameau , je pourrai vous faire un tapis &#8230;\u00e0 ma fa\u00e7on \u00bb dit-il. Elles se concertent et donnent leur accord.<\/p>\n<p>Bien que le tapis de Yourk soit \u00e0 peine \u00e9bauch\u00e9 sur le m\u00e9tier (il ne mesure encore qu&#8217;un empan,) il suscite des commentaires \u00e9logieux, hommes et femmes sont sensibles aux contrastes de couleur et ils poussent des cris de joie en d\u00e9couvrant les oiseaux , les poissons, les fleurs, les champignons que Yourk a repr\u00e9sent\u00e9s Seuls deux ou trois grincheux se montrent critiques parce que le style traditionnel n&#8217;est pas respect\u00e9.<\/p>\n<p>La f\u00eate du solstice d&#8217;hiver est proche, la tribu des Montagnes Noires s&#8217;exerce en pr\u00e9vision des r\u00e9jouissances coutumi\u00e8res : courses et \u00e9preuves d&#8217;adresse pour les cavaliers, polo, tir \u00e0 l&#8217;arc, chasse au faucon, etc\u00a0 Cette ann\u00e9e , pour la premi\u00e8re fois , la tribu va s&#8217;offrir un spectacle nouveau dont des marchands chinois ont vant\u00e9 la f\u00e9erie : des feux d&#8217;artifice.<\/p>\n<p>Peu avant le grand jour, Yourk est malheureux, il ressent un grand vide, il se sent \u00e9tranger et comme exclu, malgr\u00e9 la bienveillance des deux jumelles\u00a0; il a le mal du pays\u00a0; il pense aux siens plus que jamais, \u00e0 ses parents qui sans doute le croient mort, \u00e0 ses jeunes fr\u00e8res et s\u0153urs qu&#8217; il ne voit pas grandir et qui doivent vite changer \u00a0; il pense aux membres de sa tribu, (Qui a pris sa place de berger\u00a0?)&#8211;Et qu&#8217;est devenue la petite fl\u00fbte dont il aimait jouer pour se distraire\u00a0? Ici, dans les Montagnes Noires, on entend beaucoup de cris, surtout quand les hommes reviennent de la chasse, puis se d\u00e9tendent en buvant beaucoup d&#8217;alcool tir\u00e9 de l&#8217;\u00e9corce de bouleau ; les hurlements les plus forts et quasiment bestiaux \u00e9tant pouss\u00e9s , lui dit-on, par le chef de la tribu\u00a0; mais pas de musique, pas de chant v\u00e9ritable, c&#8217;est un vrai d\u00e9sert musical. Yourk se dit qu&#8217;il deviendrait fou s&#8217;il n&#8217;avait pas son travail de tisserand, qui lui apporte beaucoup de joie\u00a0, bien que tr\u00e8s minutieux. La peine que prend Yourk devant son tapis r\u00e9jouit les deux s\u0153urs:\u00ab\u00a0Le gar\u00e7on n&#8217;est pas loquace mais ne semble pas s&#8217;ennuyer, il va peu \u00e0 peu s&#8217;int\u00e9grer \u00e0 la tribu\u00a0?\u00a0\u00bb Quand elles disent cela au chef, il \u00e9clate de rire et leur r\u00e9pond qu&#8217;elles r\u00eavent\u2026.<\/p>\n<p>De son c\u00f4t\u00e9 Yourk r\u00e9fl\u00e9chit : \u00ab\u00a0 Qu&#8217;est-ce qui pourrait me d\u00e9livrer\u00a0? Mon tapis pla\u00eet\u00a0; ce succ\u00e8s qui, en d&#8217;autres circonstances, me r\u00e9jouirait, risque de se retourner contre moi\u00a0: car le chef, cette brute, sera tent\u00e9 de me garder prisonnier toute ma vie en exploitant mon talent.\u00a0\u00bb Cette pens\u00e9e le hante , surtout la nuit, des heures durant .<\/p>\n<p>La tribu des Montagnes Noires fera la f\u00eate, mais les responsables du troupeau le savent , le temps \u00e0 consacrer aux b\u00eates sera le m\u00eame que les autres jours . Quant \u00e0 Yourk, il a d\u00e9j\u00e0 mont\u00e9 les trois quarts de son tapis\u00a0; les deux s\u0153urs sont contentes de lui. Mais il ne peut leur dire que, s&#8217;il travaille , ce n&#8217;est pas <em>pour<\/em> la tribu mais pour \u00e9chapper au d\u00e9couragement et \u00e0 l&#8217;inaction. Il veut <em>agir<\/em><\/p>\n<p>Quand les feux d&#8217;artifice illuminent le ciel d&#8217;hiver, Yourk, comme les autres autour de lui, pousse des cris d&#8217;admiration.<br \/>\nDans les jours qui suivent, il d\u00e9cide de ne pas se laisser aller, il m\u00e9dite longuement, et cette fois-ci une id\u00e9e lui vient \u00e0 l&#8217;esprit, telle un feu d&#8217;artifice, une id\u00e9e qui le fait sourire&#8230;..<\/p>\n<p>+++++++++++++++++++++++++<\/p>\n<p>Libre ! Yourk est libre ! Il a \u00e9t\u00e9 lib\u00e9r\u00e9 gr\u00e2ce \u00e0 une attaque qui a surpris la tribu des Montagnes Noires comme a \u00e9t\u00e9 surprise il y a deux ans la tribu de la steppe ! Dans les assaillants qui le d\u00e9livrent aujourd&#8217;hui, Yourk retrouve des visages familiers : \u00ab\u00a0 Nous avons re\u00e7u ton message, Yourk ! Un colporteur nous l&#8217;a montr\u00e9, inscrit dans ton tapis ! ( ton tapis, que tes ge\u00f4liers ont port\u00e9 \u00e0 la foire sans se douter de rien !)\u00a0 \u00a0Ah oui, nous pouvons tous remercier le dieu de la tribu ! \u00bb<\/p>\n<p>++++++++++++++++++++++++++++++++++++++++++++++++++++++++++++++++++++<br \/>\n++++++++++++++++++++++++++++++++++++++++++++++++++++++++++++++++++++<\/p>\n<p>++++++++++<\/p>\n","protected":false},"excerpt":{"rendered":"<p>Yourk s&#8217;\u00e9veille brusquement, tout son corps est endolori et quand il pose la main sur son cr\u00e2ne, il grimace de douleur. Il se souvient d&#8217;hier, de ces cavaliers qui ont fondu au grand galop sur ceux de sa tribu, de celui qui criait des ordres et devant lequel il s&#8217;est dress\u00e9 , mais il a &hellip; <a href=\"https:\/\/le-moulin-a-poivre.fr\/?page_id=2132\" class=\"more-link\">Continue reading <span class=\"screen-reader-text\">Le tapis<\/span><\/a><\/p>\n","protected":false},"author":1,"featured_media":0,"parent":0,"menu_order":0,"comment_status":"closed","ping_status":"closed","template":"","meta":{"footnotes":""},"class_list":["post-2132","page","type-page","status-publish","hentry"],"_links":{"self":[{"href":"https:\/\/le-moulin-a-poivre.fr\/index.php?rest_route=\/wp\/v2\/pages\/2132","targetHints":{"allow":["GET"]}}],"collection":[{"href":"https:\/\/le-moulin-a-poivre.fr\/index.php?rest_route=\/wp\/v2\/pages"}],"about":[{"href":"https:\/\/le-moulin-a-poivre.fr\/index.php?rest_route=\/wp\/v2\/types\/page"}],"author":[{"embeddable":true,"href":"https:\/\/le-moulin-a-poivre.fr\/index.php?rest_route=\/wp\/v2\/users\/1"}],"replies":[{"embeddable":true,"href":"https:\/\/le-moulin-a-poivre.fr\/index.php?rest_route=%2Fwp%2Fv2%2Fcomments&post=2132"}],"version-history":[{"count":24,"href":"https:\/\/le-moulin-a-poivre.fr\/index.php?rest_route=\/wp\/v2\/pages\/2132\/revisions"}],"predecessor-version":[{"id":3119,"href":"https:\/\/le-moulin-a-poivre.fr\/index.php?rest_route=\/wp\/v2\/pages\/2132\/revisions\/3119"}],"wp:attachment":[{"href":"https:\/\/le-moulin-a-poivre.fr\/index.php?rest_route=%2Fwp%2Fv2%2Fmedia&parent=2132"}],"curies":[{"name":"wp","href":"https:\/\/api.w.org\/{rel}","templated":true}]}}