{"id":2097,"date":"2019-07-27T09:58:59","date_gmt":"2019-07-27T09:58:59","guid":{"rendered":"http:\/\/le-moulin-a-poivre.fr\/?page_id=2097"},"modified":"2022-06-22T15:29:56","modified_gmt":"2022-06-22T15:29:56","slug":"pauvre-epoque","status":"publish","type":"page","link":"https:\/\/le-moulin-a-poivre.fr\/?page_id=2097","title":{"rendered":"M\u00e9fiez-vous des incitations !"},"content":{"rendered":"<p>        &#8221; Monsieur, lorsque vous avez \u00e9crit :&#8221;Il faut cultiver notre jardin&#8221; et que, passant \u00e0 l&#8217;acte, vous avez labour\u00e9 un de vos champs \u00e0 Ferney, votre esprit, dans un \u00e9clair pr\u00e9monitoire, a franchi d&#8217;un bond pr\u00e8s de trois si\u00e8cles, ce qui fait de vous un pr\u00e9curseur \u00e9m\u00e9rite  de l&#8217;\u00e9cologie. De cela, de votre combat contre des jugements iniques, de votre g\u00e9nie qui a fait feu des quatre fers dans tant de domaines et \u00e9veill\u00e9 tant d&#8217;intelligences,  la post\u00e9rit\u00e9, je pense, tiendra compte, cela doit jouer en votre faveur&#8230;.Toutefois un de vos \u00e9crits fait tache, et risque  de vous faire beaucoup de tort.&#8221;&#8230;<\/p>\n<p>&#8211;&#8220;Vous voulez dire que je risque la prison ? Bah, mes s\u00e9jours \u00e0 la Bastille n&#8217;ont pas \u00e9t\u00e9 si d\u00e9sagr\u00e9ables&#8221; !&#8230;<\/p>\n<p>&#8212; &#8220;Mais les prisons de nos jours passent pour \u00eatre sinistres&#8230;j&#8217;ai pour vous trop d&#8217;amiti\u00e9 pour ne point vous le dire&#8221;.  .<br \/>\n&#8212;  &#8220;Alors dites-moi, lequel de mes \u00e9crits&#8221;&#8230;? <\/p>\n<p>&#8212; &#8220;Ce qui selon moi peut \u00eatre retenu \u00e0 charge contre vous, c&#8217;est  surtout :<br \/>\n &#8220;\u00c9craser l&#8217;inf\u00e2me&#8221;; vous \u00e9tiez si content de cette formule percutante que vous en avez fait la conclusion  de nombreuses lettres: l&#8217;Eglise catholique  n&#8217;y est pas mentionn\u00e9e nomm\u00e9ment, mais le contexte montre que, pour vous, l&#8217;inf\u00e2me, c&#8217;est elle ; or la Justice aujourd&#8217;hui qualifie de tels propos d'&#8221;incitation \u00e0 la haine religieuse&#8221; ou &#8220;incitation \u00e0 la violence&#8221; et, croyez-moi, elle ne badine pas l\u00e0-dessus&#8221;!<\/p>\n<p>&#8212;&#8220;Monsieur, pensez-vous que des \u00eatres humains assez cultiv\u00e9s pour lire mes \u00e9crits, des esprits polic\u00e9s, dou\u00e9s de raison, \u00e9clair\u00e9s, ont vers\u00e9 le sang ? Non, je ne le puis croire, d&#8217;autant que, comme tous les grands \u00e9crivains des Lumi\u00e8res, j&#8217;ai appel\u00e9 de mes v\u0153ux une \u00e9volution des institutions et repouss\u00e9 avec horreur l&#8217;id\u00e9e d&#8217;un bouleversement violent&#8221; &#8230;<\/p>\n<p>&#8212; &#8220;H\u00e9las, c&#8217;est pourtant ce qui s&#8217;est pass\u00e9&#8230;avant-m\u00eame la fin du  si\u00e8cle : les r\u00e9volutionnaires ont \u00e9gorg\u00e9, d\u00e9capit\u00e9, fusill\u00e9, noy\u00e9 dans la Loire, laiss\u00e9 mourir \u00e0 petit feu sur des pontons des centaines de catholiques, hommes et femmes, religieux et la\u00efcs, qui \u00e9taient \u00e0 leurs yeux des ennemis fanatis\u00e9s ; ( Il est vrai que catholicisme et attitude contre-r\u00e9volutionnaire \u00e9taient souvent li\u00e9s. Mais h\u00e9las de nombreux historiens dans le pass\u00e9 ont ferm\u00e9 les yeux sur ces atrocit\u00e9s ou m\u00eame les ont justifi\u00e9es en invoquant La Patrie en Danger!) Parmi les acteurs de la R\u00e9volution, ce sont les plus enrag\u00e9s tels que Marat, certains repr\u00e9sentants en mission ou les tricoteuses, tous ceux qui hurlaient &#8220;\u00e0 mort! \u00e0 mort!&#8221; ce sont eux qu&#8217;on nous montre surtout et qui nous d\u00e9go\u00fbtent, plus encore que leurs instigateurs. Cela \u00e9tant, votre violence \u00e0 vous s&#8217;est \u00e9panch\u00e9e dans vos \u00e9crits.   Vous vous \u00eates d\u00e9lect\u00e9 m\u00e9chamment, oui, des d\u00e9fauts et des ridicules de vos cong\u00e9n\u00e8res&#8211; \u00e0 commencer par les \u00e9crivains qui ne pensaient pas comme vous; vous avez fait de Fr\u00e9ron un \u00eatre plus venimeux qu&#8217;une vip\u00e8re ; vous avez rabaiss\u00e9 Jean-Jacques Rousseau &#8211;tr\u00e8s grand penseur, ne vous d\u00e9plaise&#8212; en lui \u00e9crivant :&#8221;On n&#8217;a jamais employ\u00e9 tant d&#8217;esprit \u00e0 vouloir nous rendre b\u00eates; il prend envie de marcher \u00e0 quatre pattes quand on lit votre ouvrage&#8221;. Et vous avez \u00e9t\u00e9 \u00e0 deux doigts d&#8217;humilier le roi de Prusse en publiant ses &#8220;po\u00e9sies&#8221;, lui qui \u00e9tait pourtant votre admirateur et votre m\u00e9c\u00e8ne! Les fauves d\u00e9chirent leurs proies, certes, mais c&#8217;est le propre d&#8217;un intellectuel comme vous de blesser avec une jubilation qui t\u00e9moigne d&#8217;un coeur terriblement sec. Alfred de Musset a vu juste lorsqu&#8217;il a remarqu\u00e9 votre &#8220;hideux sourire,&#8221; proche du ricanement. D\u00e8s lors, n&#8217;avez-vous pas \u00e9t\u00e9 responsable \u00e0 quelque degr\u00e9 du sang vers\u00e9 ?  Car les futurs tueurs vous admiraient, ils vous ont accueilli triomphalement quand vous \u00eates revenu \u00e0 Paris en 1778, puis vous ont glorifi\u00e9 en vous portant au Panth\u00e9on, ils vous ont idol\u00e2tr\u00e9 ; ils n&#8217;ont que trop bien, comme vous le recommandiez, <\/em>\u00e9cras\u00e9<\/em> leurs adversaires, sans la moindre piti\u00e9 ; vous avez \u00e9t\u00e9 pour eux un h\u00e9ros, un ma\u00eetre \u00e0 penser, un grand &#8220;influenceur&#8221;, ou, comme on dit aujourd&#8217;hui : un gourou. Voil\u00e0 \u00e0 quels exc\u00e8s &#8220;\u00c9craser l&#8217;inf\u00e2me&#8221; a abouti !<\/p>\n<p>                          ++++++<\/p>\n","protected":false},"excerpt":{"rendered":"<p>&#8221; Monsieur, lorsque vous avez \u00e9crit :&#8221;Il faut cultiver notre jardin&#8221; et que, passant \u00e0 l&#8217;acte, vous avez labour\u00e9 un de vos champs \u00e0 Ferney, votre esprit, dans un \u00e9clair pr\u00e9monitoire, a franchi d&#8217;un bond pr\u00e8s de trois si\u00e8cles, ce qui fait de vous un pr\u00e9curseur \u00e9m\u00e9rite de l&#8217;\u00e9cologie. De cela, de votre combat contre &hellip; <a href=\"https:\/\/le-moulin-a-poivre.fr\/?page_id=2097\" class=\"more-link\">Continue reading <span class=\"screen-reader-text\">M\u00e9fiez-vous des incitations !<\/span><\/a><\/p>\n","protected":false},"author":1,"featured_media":0,"parent":0,"menu_order":0,"comment_status":"closed","ping_status":"closed","template":"","meta":{"footnotes":""},"class_list":["post-2097","page","type-page","status-publish","hentry"],"_links":{"self":[{"href":"https:\/\/le-moulin-a-poivre.fr\/index.php?rest_route=\/wp\/v2\/pages\/2097","targetHints":{"allow":["GET"]}}],"collection":[{"href":"https:\/\/le-moulin-a-poivre.fr\/index.php?rest_route=\/wp\/v2\/pages"}],"about":[{"href":"https:\/\/le-moulin-a-poivre.fr\/index.php?rest_route=\/wp\/v2\/types\/page"}],"author":[{"embeddable":true,"href":"https:\/\/le-moulin-a-poivre.fr\/index.php?rest_route=\/wp\/v2\/users\/1"}],"replies":[{"embeddable":true,"href":"https:\/\/le-moulin-a-poivre.fr\/index.php?rest_route=%2Fwp%2Fv2%2Fcomments&post=2097"}],"version-history":[{"count":21,"href":"https:\/\/le-moulin-a-poivre.fr\/index.php?rest_route=\/wp\/v2\/pages\/2097\/revisions"}],"predecessor-version":[{"id":2781,"href":"https:\/\/le-moulin-a-poivre.fr\/index.php?rest_route=\/wp\/v2\/pages\/2097\/revisions\/2781"}],"wp:attachment":[{"href":"https:\/\/le-moulin-a-poivre.fr\/index.php?rest_route=%2Fwp%2Fv2%2Fmedia&parent=2097"}],"curies":[{"name":"wp","href":"https:\/\/api.w.org\/{rel}","templated":true}]}}