{"id":2,"date":"2013-03-11T18:37:49","date_gmt":"2013-03-11T18:37:49","guid":{"rendered":"http:\/\/le-moulin-a-poivre.fr\/?page_id=2"},"modified":"2023-06-03T13:45:04","modified_gmt":"2023-06-03T13:45:04","slug":"sample-page","status":"publish","type":"page","link":"https:\/\/le-moulin-a-poivre.fr\/","title":{"rendered":"Promenade en mai"},"content":{"rendered":"<p><strong><br \/>\n<\/strong>Moi je vote OUI MAI; dommage qu&#8217;il finisse<br \/>\nLe mai, le joli mai ; je voudrais tant qu&#8217;il dure<br \/>\nTout l&#8217;\u00e9t\u00e9, pourquoi pas ? Et que Dame Nature<br \/>\nNous \u00e9merveille encor par ses feux d&#8217;artifice.<\/p>\n<p>Si mai \u00e9tait plus long, lev\u00e9 avec le jour,<br \/>\nMoi aussi, je crois bien, j\u2019allongerais mes tours ;<br \/>\nJ\u2019irais par le sentier bord\u00e9 de ch\u00e8vrefeuille<br \/>\nEt d\u2019aub\u00e9pine en fleur, \u00e7a pique mais je cueille ;<\/p>\n<p>L\u00e0, sans m\u00eame franchir les murets des voisins,<br \/>\nJ\u2019irais sentir le lys, la rose et la glycine<br \/>\nEt bien d\u2019autres beaut\u00e9s que l\u2019abeille butine<br \/>\nSur des rameaux fugueurs \u00e9vad\u00e9s des jardins ;<\/p>\n<p>Si mai se prolongeait, en papillon volage,<br \/>\nJe boirais la ros\u00e9e qui perle les feuillages,<br \/>\nOu ferais bond sur bond comme un petit cabri<br \/>\nUn peu fou, d\u00e9couvrant le monde autour de lui !<\/p>\n<p>Et j\u2019aimerais revoir, fl\u00e8che d\u2019or dans le ciel,<br \/>\nLe vol du loriot ciblant l\u2019\u0153il du soleil,<br \/>\nSiffleur et musicien, grand timide peut-\u00eatre,<br \/>\nDont on nous dit, h\u00e9las, qu\u2019il pourrait dispara\u00eetre ;<\/p>\n<p>Et j\u2019aimerais revoir l\u2019autre grand voyageur,<br \/>\nPlus sociable, \u00e0 coup s\u00fbr, la huppe \u00e9gyptienne,<br \/>\nCompagne du fellah dans la joie et la peine,<br \/>\nQui niche pr\u00e8s d\u2019ici comme aussi dans mon c\u0153ur ;<\/p>\n<p>Et puis, la pente aidant, j\u2019irais jusqu\u2019au ruisseau ;<br \/>\nComment ne pas r\u00eaver, assis au bord de l\u2019eau ?<br \/>\nL\u00e0 des poissons joueurs ont des concours de bulles<br \/>\nEt filent, d\u00e9cid\u00e9es, les vives libellules ;<\/p>\n<p>Les giboul\u00e9es de mai conseillent le repli,<br \/>\nMais sous l\u2019averse on voit des sayn\u00e8tes charmantes :<br \/>\nMartin-P\u00eacheur rappel\u00e9 \u00e0 l&#8217;ordre et au nid<br \/>\nOu la loutre venant pr\u00e8s de moi, confiante ;<\/p>\n<p>Une brise charg\u00e9e de fragrances sublimes<br \/>\nMe dit que rentrer maintenant serait un crime ;<br \/>\nMais quoi !? Vais-je oublier l\u2019amour, l\u2019amour des miens ?<br \/>\nEt la sagesse bienveillante du voisin ?<\/p>\n<p>\u00ab On s\u00e8me un peu de tout en ce mois si joli<br \/>\nB\u00e9ni par les z\u00e9phyrs et la ti\u00e9deur de l\u2019air,<br \/>\nO\u00f9 tout est parfum\u00e9, plus riant et plus vert<br \/>\nO\u00f9 tout \u2014ou presque tout \u2014 au jardin r\u00e9ussit.\u00bb<\/p>\n<p>Le ciel a d\u00fb aussi donner un peu de pluie\u00a0 \u00a0 \u00a0 \u00a0 \u00a0 \u00a0 \u00a0 \u00a0 \u00a0 \u00a0 \u00a0 \u00a0 \u00a0 \u00a0 \u00a0 \u00a0 \u00a0 \u00a0 \u00a0 \u00a0 \u00a0 \u00a0 \u00a0 \u00a0 \u00a0 \u00a0 \u00a0 \u00a0 \u00a0 \u00a0 \u00a0 \u00a0 \u00a0 \u00a0 \u00a0 \u00a0 A notre cher jardin, il est un peu sauvage ;\u00a0 \u00a0 \u00a0 \u00a0 \u00a0 \u00a0 \u00a0 \u00a0 \u00a0 \u00a0 \u00a0 \u00a0 \u00a0 \u00a0 \u00a0 \u00a0 \u00a0 \u00a0 \u00a0 \u00a0 \u00a0 \u00a0 \u00a0 \u00a0 \u00a0 \u00a0 \u00a0 \u00a0 \u00a0 \u00a0 \u00a0 \u00a0 \u00a0 \u00a0 \u00a0 \u00a0 Nous laissons dans le fond un grand bouquet d&#8217;ortie\u00a0 \u00a0 \u00a0 \u00a0 \u00a0 \u00a0 \u00a0 \u00a0 \u00a0 \u00a0 \u00a0 \u00a0 \u00a0 \u00a0 \u00a0 \u00a0 \u00a0 \u00a0 \u00a0 \u00a0 \u00a0 \u00a0 \u00a0 \u00a0 Qui offre aux h\u00e9rissons un havre de feuillage. (1)<\/p>\n<p>Ciel ! j\u2019allais oublier ! Fini mon escapade !<br \/>\nCe soir, c\u2019est convenu, j\u2018\u00e9change gr\u00e2ce au SEL<br \/>\nL\u2019art de soigner son dos contre des pots de miel<br \/>\nQui contiendront tous les parfums de ma balade ;<\/p>\n<p>Ainsi je dois rentrer \u2013 et je coupe au plus court,<br \/>\nMais j\u2019herborise encor ; ainsi cette journ\u00e9e<br \/>\nO\u00f9 tant et tant de joies m\u2019ont \u00e9t\u00e9 accord\u00e9es<br \/>\nRestera consign\u00e9e parmi d\u2019autres beaux jours .<\/p>\n<p>FIN&#8230;Non, pas tout \u00e0 fait :<\/p>\n<p>En ce mois si charmant, parfois l\u2019on se figure<br \/>\nQue bien des citadins assoiff\u00e9s de nature<br \/>\nSe sentent en prison et voudraient s\u2019abreuver<br \/>\nA la claire fontaine o\u00f9 jaillit la beaut\u00e9 ;<\/p>\n<p>H\u00e9las ! Vous le croyez ? Nos semblables souvent<br \/>\nAdmirent la beaut\u00e9, oui, mais sur leur \u00e9cran ;<br \/>\nIl leur faut du sensass et du spectaculaire ;<br \/>\nNotre mai tourangeau ne les retiendrait gu\u00e8re.<\/p>\n<p>*<\/p>\n<p>(1 ) L&#8217;ortie, aux multiples vertus, sait se rendre utile et agr\u00e9able .<\/p>\n<p>&nbsp;<\/p>\n<p>&nbsp;<\/p>\n<p>&nbsp;<\/p>\n<p>&nbsp;<\/p>\n","protected":false},"excerpt":{"rendered":"<p>Moi je vote OUI MAI; dommage qu&#8217;il finisse Le mai, le joli mai ; je voudrais tant qu&#8217;il dure Tout l&#8217;\u00e9t\u00e9, pourquoi pas ? Et que Dame Nature Nous \u00e9merveille encor par ses feux d&#8217;artifice. Si mai \u00e9tait plus long, lev\u00e9 avec le jour, Moi aussi, je crois bien, j\u2019allongerais mes tours ; J\u2019irais par &hellip; <a href=\"https:\/\/le-moulin-a-poivre.fr\/\" class=\"more-link\">Continue reading <span class=\"screen-reader-text\">Promenade en mai<\/span><\/a><\/p>\n","protected":false},"author":1,"featured_media":0,"parent":0,"menu_order":0,"comment_status":"closed","ping_status":"closed","template":"","meta":{"footnotes":""},"class_list":["post-2","page","type-page","status-publish","hentry"],"_links":{"self":[{"href":"https:\/\/le-moulin-a-poivre.fr\/index.php?rest_route=\/wp\/v2\/pages\/2","targetHints":{"allow":["GET"]}}],"collection":[{"href":"https:\/\/le-moulin-a-poivre.fr\/index.php?rest_route=\/wp\/v2\/pages"}],"about":[{"href":"https:\/\/le-moulin-a-poivre.fr\/index.php?rest_route=\/wp\/v2\/types\/page"}],"author":[{"embeddable":true,"href":"https:\/\/le-moulin-a-poivre.fr\/index.php?rest_route=\/wp\/v2\/users\/1"}],"replies":[{"embeddable":true,"href":"https:\/\/le-moulin-a-poivre.fr\/index.php?rest_route=%2Fwp%2Fv2%2Fcomments&post=2"}],"version-history":[{"count":63,"href":"https:\/\/le-moulin-a-poivre.fr\/index.php?rest_route=\/wp\/v2\/pages\/2\/revisions"}],"predecessor-version":[{"id":3065,"href":"https:\/\/le-moulin-a-poivre.fr\/index.php?rest_route=\/wp\/v2\/pages\/2\/revisions\/3065"}],"wp:attachment":[{"href":"https:\/\/le-moulin-a-poivre.fr\/index.php?rest_route=%2Fwp%2Fv2%2Fmedia&parent=2"}],"curies":[{"name":"wp","href":"https:\/\/api.w.org\/{rel}","templated":true}]}}