{"id":1950,"date":"2019-03-05T15:46:57","date_gmt":"2019-03-05T15:46:57","guid":{"rendered":"http:\/\/le-moulin-a-poivre.fr\/?page_id=1950"},"modified":"2021-07-04T14:15:05","modified_gmt":"2021-07-04T14:15:05","slug":"le-chien","status":"publish","type":"page","link":"https:\/\/le-moulin-a-poivre.fr\/?page_id=1950","title":{"rendered":"Le Chien"},"content":{"rendered":"<p>Un chien, par sa seule pr\u00e9sence,<br \/>\nNous arrache \u00e0 bien des soucis ;<br \/>\nSommes-nous tristes ? Son silence<br \/>\nEn fait un v\u00e9ritable ami ;<\/p>\n<p>Oui, un ami dont le regard<br \/>\nDit \u00e0 l&#8217;homme :&#8221;Je suis ton fr\u00e8re&#8221;<br \/>\nEt m\u00eame les yeux d&#8217;un gros lard<br \/>\nRenferment leur part de myst\u00e8re ;<\/p>\n<p>Dites-moi, pour quels avantages<br \/>\nUn loup jadis s&#8217;associa<br \/>\nAvec un Cro-Magnon sauvage<br \/>\nCapable d&#8217;en faire un repas ?<\/p>\n<p>Fut-il pouss\u00e9 ou attir\u00e9<br \/>\nQuand il bondit sur l&#8217;Autre Rive<br \/>\nQui le coupa de sa for\u00eat<br \/>\nEt de sa vie sauvage et libre ?<\/p>\n<p>Ce grand bond, \u00e0 mon sens, s&#8217;explique<br \/>\nPar ce prodige qu&#8217;est le feu,<br \/>\nPhare dans la nuit, magn\u00e9tique,<br \/>\nPorteur de fumets d\u00e9licieux;<\/p>\n<p>D\u00e8s lors, sauvageon encor tendre<br \/>\nTrouvant chez l&#8217;homme un peu d&#8217;amour,<br \/>\nSe laissa t-il  doucement prendre<br \/>\nDans les filets du non-retour ?<\/p>\n<p>&#8220;Mais pourquoi ces pas en avant<br \/>\nDu chien vers plus d&#8217;intelligence<br \/>\nOnt-ils cess\u00e9 apparemment ?&#8221;<br \/>\nSusurre mon outrecuidance.<\/p>\n<p>Le Cr\u00e9ateur a t-il voulu<br \/>\nNous rappeler nos origines ?<br \/>\nNous avons re\u00e7u un peu plus;<br \/>\nA nous de nous en montrer dignes !<\/p>\n","protected":false},"excerpt":{"rendered":"<p>Un chien, par sa seule pr\u00e9sence, Nous arrache \u00e0 bien des soucis ; Sommes-nous tristes ? Son silence En fait un v\u00e9ritable ami ; Oui, un ami dont le regard Dit \u00e0 l&#8217;homme :&#8221;Je suis ton fr\u00e8re&#8221; Et m\u00eame les yeux d&#8217;un gros lard Renferment leur part de myst\u00e8re ; Dites-moi, pour quels avantages Un &hellip; <a href=\"https:\/\/le-moulin-a-poivre.fr\/?page_id=1950\" class=\"more-link\">Continue reading <span class=\"screen-reader-text\">Le Chien<\/span><\/a><\/p>\n","protected":false},"author":1,"featured_media":0,"parent":0,"menu_order":0,"comment_status":"closed","ping_status":"closed","template":"","meta":{"footnotes":""},"class_list":["post-1950","page","type-page","status-publish","hentry"],"_links":{"self":[{"href":"https:\/\/le-moulin-a-poivre.fr\/index.php?rest_route=\/wp\/v2\/pages\/1950","targetHints":{"allow":["GET"]}}],"collection":[{"href":"https:\/\/le-moulin-a-poivre.fr\/index.php?rest_route=\/wp\/v2\/pages"}],"about":[{"href":"https:\/\/le-moulin-a-poivre.fr\/index.php?rest_route=\/wp\/v2\/types\/page"}],"author":[{"embeddable":true,"href":"https:\/\/le-moulin-a-poivre.fr\/index.php?rest_route=\/wp\/v2\/users\/1"}],"replies":[{"embeddable":true,"href":"https:\/\/le-moulin-a-poivre.fr\/index.php?rest_route=%2Fwp%2Fv2%2Fcomments&post=1950"}],"version-history":[{"count":15,"href":"https:\/\/le-moulin-a-poivre.fr\/index.php?rest_route=\/wp\/v2\/pages\/1950\/revisions"}],"predecessor-version":[{"id":2463,"href":"https:\/\/le-moulin-a-poivre.fr\/index.php?rest_route=\/wp\/v2\/pages\/1950\/revisions\/2463"}],"wp:attachment":[{"href":"https:\/\/le-moulin-a-poivre.fr\/index.php?rest_route=%2Fwp%2Fv2%2Fmedia&parent=1950"}],"curies":[{"name":"wp","href":"https:\/\/api.w.org\/{rel}","templated":true}]}}