{"id":1666,"date":"2018-11-02T11:31:07","date_gmt":"2018-11-02T11:31:07","guid":{"rendered":"http:\/\/le-moulin-a-poivre.fr\/?page_id=1666"},"modified":"2022-07-12T14:59:08","modified_gmt":"2022-07-12T14:59:08","slug":"avion","status":"publish","type":"page","link":"https:\/\/le-moulin-a-poivre.fr\/?page_id=1666","title":{"rendered":"Quand tu dis qu&#8217;un avion &#8220;se crashe&#8221;"},"content":{"rendered":"<p>&#8220;Cher Manu, passeur de nouvelles<br \/>\nEt chroniqueur de notre temps,<br \/>\nToi qui fus de nos jeux d&#8217;enfants,<br \/>\nPermets que ton amie No\u00eblle<br \/>\nTe gronde&#8230;affectueusement<\/p>\n<p> Quand tu dis qu&#8217;un avion\u00a0\u00ab <em>se crashe<\/em>\u00bb<br \/>\n(Voil\u00e0 un mot cher aux m\u00e9dias)<br \/>\nEh bien oui, c&#8217;est plus fort que moi :<br \/>\nJe crois voir&#8230;ou\u00a0 j&#8217;entends&#8230;qu&#8217;on crache,<br \/>\nJ&#8217;ai l&#8217;esprit mal tourn\u00e9 , tu vois !<\/p>\n<p>Un crachat qui dans le ciel vole !<br \/>\nA\u00efe a\u00efe a\u00efe ! Courons nous garer !<br \/>\nUne seconde je rigole,<br \/>\nMais l&#8217;instant d&#8217;apr\u00e8s me d\u00e9sole<br \/>\nEn me repr\u00e9sentant les faits ;<\/p>\n<p>Et l\u00e0 commencent mes remords,<br \/>\nSuis-je d\u00e9pourvue d&#8217;empathie ?<br \/>\nLente \u00e0 voir les \u00e2mes meurtries<br \/>\nDe gens plong\u00e9s dans la\u00a0 d\u00e9tresse ?<br \/>\nJ&#8217;imagine les pauvres morts,<br \/>\nLes pilotes, les jeunes h\u00f4tesses<br \/>\nEt les proches des disparus<br \/>\nLaconiquement pr\u00e9venus,<br \/>\nPuis la recherche d\u00e9risoire :<br \/>\nVoici un bras, l&#8217;autre est perdu,<br \/>\nSurtout trouvez la bo\u00eete noire !\u00a0\u00bb<\/p>\n<p>L\u00e0-dessus, ma petite Aline<br \/>\nP\u00e2lit, puis va cacher ses pleurs<br \/>\nSous un pr\u00e9texte \u00e0 la cuisine ;<br \/>\nC&#8217;est bien la fille de mon c\u0153ur,<br \/>\nS\u0153ur Teresa pour ses copines !<\/p>\n<p>Mes jumeaux,&#8230; est-ce l&#8217;\u00e2ge b\u00eate ?<br \/>\nCombattant nos morosit\u00e9s<br \/>\nPrennent leur fus\u00e9e et la jettent<br \/>\nDans la compote de B\u00e9b\u00e9.<\/p>\n<p>Enfin, quand il entend \u00a0\u00ab<em> se crashe\u00a0\u00bb<\/em><br \/>\nFini le temps o\u00f9 il pouffait,<br \/>\nMon \u00e9poux s&#8217;\u00e9touffe et se f\u00e2che<br \/>\nEt bougonne dans sa moustache :<br \/>\n&#8221; Mon c\u0153ur saigne pour le fran\u00e7ais ! &#8221;<\/p>\n<p>SEBASTIEN, LE MARI DE NOELLE :<\/p>\n<p>&#8220;Lorsque j&#8217;\u00e9tais adolescent,<br \/>\nOn disait qu&#8217;un avion <em>s&#8217;\u00e9crase,<\/em><br \/>\n\u00c7a d\u00e9crivait bien l&#8217;accident ;<br \/>\nPourquoi cette nouvelle phrase,<br \/>\nPourquoi ce &#8220;crash&#8221; peu rago\u00fbtant ?<\/p>\n<p style=\"text-align: left;\">Qui s&#8217;est permis ? Qui a os\u00e9 ?<br \/>\nEt cela dans tous les domaines !<br \/>\nQui pollue la langue que j&#8217;aime ?<br \/>\nQui nous impose ce franglais ?<\/p>\n<p style=\"text-align: left;\">Suis-je le seul qui crie tout le mal que je pense<br \/>\nDe l&#8217;h\u00e9g\u00e9monie de l&#8217;anglais (1)?<br \/>\nDe la grande mar\u00e9e inondant notre France<br \/>\nAtteinte de snobisme et de passivit\u00e9 ?<\/p>\n<p style=\"padding-left: 60px;\"> &#8211;&#8221; Moi, je crois que le monde aura toujours l&#8217;usage<br \/>\nDe notre outil de pr\u00e9cision<br \/>\nForg\u00e9 par nos a\u00efeux au fil des \u00e2ges<br \/>\nEt bien digne d&#8217;amour et d&#8217;admiration ;<br \/>\nLes Texans Sue et Josh, ici, sont exemplaires :<br \/>\nQuand Luc, grand confiseur, qui croit ses pieds sur terre,<br \/>\nCouvre de mots anglais ses tr\u00e8s chers ballotins,<br \/>\nIl ne se doute pas qu&#8217;en Touraine, nagu\u00e8re,<br \/>\nSue et Josh ont appris la langue de Moli\u00e8re<br \/>\nEt crachent leur m\u00e9pris sur ce\u00a0<em>snob et &amp; larbin,<\/em><br \/>\nMais h\u00e9las, ces gens prolif\u00e8rent !<\/p>\n<p>&#8221;<br \/>\n&#8221; Cette nuit j&#8217;ai r\u00eav\u00e9 aux amis francophones<br \/>\nSur le m\u00eame bateau que nous ;<br \/>\nIls passaient \u00e0 l&#8217;anglais et nous faisaient les cornes,<br \/>\nBye-bye, bande de mous !<\/p>\n<p style=\"padding-left: 60px;\">Voyez le vigneron qui, dans sa ch\u00e8re vigne,<br \/>\nPlante un nouveau c\u00e9page ou renforce un piquet ;<br \/>\nS&#8217;il trouve sur un cep ces bestioles malignes<br \/>\nQui vous envoient un vin chez le vinaigrier,<br \/>\nIl les \u00e9crase, non ? Qui pourrait l&#8217;en bl\u00e2mer ?<\/p>\n<p>&#8221;<br \/>\nA la t\u00e9l\u00e9,\u00a0sur nos affiches,<br \/>\n&#8221; O\u00f9 est pass\u00e9e la loi Toubon (2)?<br \/>\nSe vautrant dans leur pollution,<br \/>\nNos publicitaires s&#8217;en fichent,<br \/>\n&#8221; Ce qui compte, c&#8217;est le pognon\u00a0\u00bb<br \/>\nAlors quoi ?\u00a0<em> Demain\u00a0 le globish ?<\/em>&#8221;<\/p>\n<p>~\u00b0+\u00b0+\u00b0+\u00b0+\u00b0+\u00b0+\u00b0+\u00b0+\u00b0+\u00b0+\u00b0+\u00b0+\u00b0+\u00b0+\u00b0+\u00b0+\u00b0+\u00b0+\u00b0+\u00b0+\u00b0+\u00b0+\u00b0+\u00b0+\u00b0+\u00b0+\u00b0+\u00b0+\u00b0+\u00b0+\u00b0+\u00b0+\u00b0+\u00b0+\u00b0+\u00b0<\/p>\n<p>1) H\u00e9g\u00e9monie linguistique, pression \u00e9norme sur notre culture : La progression du virus franglais, on la constate tous les jours: deux mouvements f\u00e9ministes &#8220;Balance ton porc&#8221; et &#8220;Me too&#8221; \u00e9taient concurrents ; c&#8217;est &#8220;Me too&#8221; qui l&#8217;a emport\u00e9 ; beaucoup de gens ne disent pas &#8220;courriel&#8221; mais &#8220;mail&#8221; , ne disent plus &#8220;\u00e0 bas co\u00fbt&#8221; mais &#8220;low cost&#8221;,ni &#8220;en direct&#8221; mais &#8220;live&#8221;, ni &#8220;entrain\u00e9&#8221; mais &#8220;coached,&#8221; etc Une fois introduit dans notre langue, un mot anglais avec le temps y prend racine et alors on ne peut plus s&#8217;en d\u00e9barrasser: c&#8217;est le cas de &#8220;S.M.S.&#8221; que &#8220;texto&#8221;, venu plus tard, n&#8217;arrive pas \u00e0 supplanter.<\/p>\n<p>2 ) Cette loi (1994) avait pour but de rendre obligatoire l&#8217;usage du fran\u00e7ais dans nombre de cas, y compris la publicit\u00e9 (o\u00f9 les textes en langue \u00e9trang\u00e8re devaient \u00eatre traduits ) Elle a \u00e9t\u00e9 quasiment abrog\u00e9e, car, appliqu\u00e9e \u00e0 la lettre, elle risquait, para\u00eet-il, d&#8217;\u00eatre contraire \u00e0 la libert\u00e9 d&#8217;expression !<\/p>\n<p>A noter que, sur des cha\u00eenes de t\u00e9l\u00e9 nationales, \u00e9mettant pour les Fran\u00e7ais , les messages publicitaires sont de plus en plus en anglais &#8212;<em>et pourtant elles b\u00e9n\u00e9ficient de la redevance que nous, Fran\u00e7ais, payons chaque ann\u00e9e !<\/em><\/p>\n<p>Autre scandale : les entreprises qui vantent leurs produits en anglais sont souvent celles <em>dont l&#8217;existence-m\u00eame repose sur la participation de l&#8217;Etat fran\u00e7ais \u00e0 leur capital<\/em> et qui risquent de d\u00e9pendre de notre argent encore plus, une fois le covid pass\u00e9 .(Ex. Renault qui nous annonce les &#8220;Renault Days&#8221;; le &#8220;talent booster&#8221; de la Banque Postale,(la French bank) etc )<br \/>\n( Par contre, les industriels allemands de l&#8217;automobile , bien que grands exportateurs, moins d\u00e9faitistes que nous, vantent la qualit\u00e9 germanique dans leur langue.<em>)<br \/>\n,<br \/>\nPour r\u00e9duire l&#8217;invasion du franglais, deux mesures paraissent n\u00e9cessaires (c&#8217;est le moins qu&#8217;on puisse faire pour commencer \ud83d\ude42<br \/>\n1 ) Que la loi Toubon soit VRAIMENT appliqu\u00e9e ;<br \/>\n2 ) que les Commissions de Terminologie dans les minist\u00e8res sortent de leur torpeur et donnent du grain \u00e0 moudre aux instances nationales charg\u00e9es de d\u00e9fendre et d&#8217;enrichir notre langue .<\/em><\/p>\n","protected":false},"excerpt":{"rendered":"<p>&#8220;Cher Manu, passeur de nouvelles Et chroniqueur de notre temps, Toi qui fus de nos jeux d&#8217;enfants, Permets que ton amie No\u00eblle Te gronde&#8230;affectueusement Quand tu dis qu&#8217;un avion\u00a0\u00ab se crashe\u00bb (Voil\u00e0 un mot cher aux m\u00e9dias) Eh bien oui, c&#8217;est plus fort que moi : Je crois voir&#8230;ou\u00a0 j&#8217;entends&#8230;qu&#8217;on crache, J&#8217;ai l&#8217;esprit mal tourn\u00e9 &hellip; <a href=\"https:\/\/le-moulin-a-poivre.fr\/?page_id=1666\" class=\"more-link\">Continue reading <span class=\"screen-reader-text\">Quand tu dis qu&#8217;un avion &#8220;se crashe&#8221;<\/span><\/a><\/p>\n","protected":false},"author":1,"featured_media":0,"parent":0,"menu_order":0,"comment_status":"closed","ping_status":"closed","template":"","meta":{"footnotes":""},"class_list":["post-1666","page","type-page","status-publish","hentry"],"_links":{"self":[{"href":"https:\/\/le-moulin-a-poivre.fr\/index.php?rest_route=\/wp\/v2\/pages\/1666","targetHints":{"allow":["GET"]}}],"collection":[{"href":"https:\/\/le-moulin-a-poivre.fr\/index.php?rest_route=\/wp\/v2\/pages"}],"about":[{"href":"https:\/\/le-moulin-a-poivre.fr\/index.php?rest_route=\/wp\/v2\/types\/page"}],"author":[{"embeddable":true,"href":"https:\/\/le-moulin-a-poivre.fr\/index.php?rest_route=\/wp\/v2\/users\/1"}],"replies":[{"embeddable":true,"href":"https:\/\/le-moulin-a-poivre.fr\/index.php?rest_route=%2Fwp%2Fv2%2Fcomments&post=1666"}],"version-history":[{"count":180,"href":"https:\/\/le-moulin-a-poivre.fr\/index.php?rest_route=\/wp\/v2\/pages\/1666\/revisions"}],"predecessor-version":[{"id":2813,"href":"https:\/\/le-moulin-a-poivre.fr\/index.php?rest_route=\/wp\/v2\/pages\/1666\/revisions\/2813"}],"wp:attachment":[{"href":"https:\/\/le-moulin-a-poivre.fr\/index.php?rest_route=%2Fwp%2Fv2%2Fmedia&parent=1666"}],"curies":[{"name":"wp","href":"https:\/\/api.w.org\/{rel}","templated":true}]}}